{"id":731,"date":"2019-04-28T08:53:18","date_gmt":"2019-04-28T07:53:18","guid":{"rendered":"https:\/\/besstem.eu\/?page_id=731"},"modified":"2022-12-14T11:52:59","modified_gmt":"2022-12-14T10:52:59","slug":"sluzby-coaching","status":"publish","type":"page","link":"https:\/\/besstem.eu\/de\/sluzby-coaching\/","title":{"rendered":"Coaching"},"content":{"rendered":"<p><\/p>\n<div class=\"bee-content-layout layout-item-1\">\n<div class=\"bee-content-layout-row\">\n<div class=\"bee-layout-cell layout-item-1 \" style=\"width: 100%; padding-left: 15px; padding-right: 15px;padding-bottom: 10px;\">\n<h2 style=\"text-align:center;\" class=\"animated-slow fadeInDown\">Coaching<\/h2>\n<\/div>\n<\/div>\n<\/div>\n<div class=\"animatecolor shadow-box\" style=\"min-height:50px;padding:30px 30px 30px 30px;color:white; -webkit-border-radius: 15px;\nborder-radius: 15px;margin-top:25px; margin-bottom: 25px;\"><\/p>\n<div class=\"bee-content-layout layout-item-1\">\n<div class=\"bee-content-layout-row\">\n<div class=\"bee-layout-cell layout-item-1 \" style=\"width: 100%; padding-left: 15px; padding-right: 15px;padding-bottom: 20px;\">\n<p style=\"text-align: center;font-size:18px; color: white;\" class=\"animated-slow fadeIn\"><strong>EINZELCOACHING UND \u2013TRAINING BEI UNS IMMER INDIVIDUELL PLANBAR<\/strong> <\/p>\n<\/div>\n<\/div>\n<\/div>\n<div class=\"bee-content-layout layout-item-1\" style=\"background-color: rgba(255, 255, 255, 0.9); -webkit-border-radius: 15px;\nborder-radius: 15px;color:black;\"><\/p>\n<div class=\"bee-content-layout-row\">\n<div class=\"bee-layout-cell layout-item-1 animated-slow bounceInLeft\" style=\"width: 50%; padding:20px 20px 20px 20px;\">\n<p style=\"font-size: 16px;\">\nUnsere Coaches beraten Sie immer individuell und versiert zu allen Fragen. Dabei stehen Sie mit Ihren W\u00fcnschen im Vordergrund. Mit dem Bewerbungsmanagement \u201eEinzel-Coaching\u201c helfen wir Ihnen, Ihren beruflichen Einstieg oder Wiedereinstieg zu erm\u00f6glichen.\n<\/p>\n<\/div>\n<div class=\"bee-layout-cell layout-item-1 animated-slow bounceInRight\" style=\"width: 50%; padding:20px 20px 20px 20px;\">\n<p style=\"font-size: 16px;\">\nVoraussetzung daf\u00fcr ist ein pers\u00f6nliches Gespr\u00e4ch.\n<\/p>\n<p style=\"font-size: 16px;\">\nDas Jobcoaching kann \u00fcber einen Aktivierungs- und Vermittlungsgutschein (AVGS) zu 100 % durch die Agentur f\u00fcr Arbeit oder das Jobcenter gef\u00f6rdert werden.<\/p>\n<\/div>\n<\/div>\n<\/div>\n<p><center><img decoding=\"async\" src=\"https:\/\/besstem.eu\/tp.svg\" width=\"60%\" class=\"animated infinite-slow-slow  pulse\"><br \/>\n<\/center><\/p>\n<\/div>\n<p><\/p>","protected":false},"excerpt":{"rendered":"<p>Coaching EINZELCOACHING UND \u2013TRAINING BEI UNS IMMER INDIVIDUELL PLANBAR Unsere Coaches beraten Sie immer individuell und versiert zu allen Fragen. Dabei stehen Sie mit Ihren W\u00fcnschen im Vordergrund. Mit dem Bewerbungsmanagement \u201eEinzel-Coaching\u201c helfen wir Ihnen, Ihren beruflichen Einstieg oder Wiedereinstieg zu erm\u00f6glichen. Voraussetzung daf\u00fcr ist ein pers\u00f6nliches Gespr\u00e4ch. Das Jobcoaching kann \u00fcber einen Aktivierungs- und [&hellip;]<\/p>\n","protected":false},"author":1,"featured_media":0,"parent":0,"menu_order":0,"comment_status":"closed","ping_status":"closed","template":"","meta":{"footnotes":""},"class_list":["post-731","page","type-page","status-publish","hentry"],"yoast_head":"<!-- This site is optimized with the Yoast SEO plugin v26.8 - https:\/\/yoast.com\/product\/yoast-seo-wordpress\/ -->\n<title>Coaching - BessteM<\/title>\n<meta name=\"robots\" content=\"index, follow, max-snippet:-1, max-image-preview:large, max-video-preview:-1\" \/>\n<link rel=\"canonical\" href=\"https:\/\/besstem.eu\/de\/sluzby-coaching\/\" \/>\n<meta property=\"og:locale\" content=\"de_DE\" \/>\n<meta property=\"og:type\" content=\"article\" \/>\n<meta property=\"og:title\" content=\"Coaching - BessteM\" \/>\n<meta property=\"og:description\" content=\"Coaching EINZELCOACHING UND \u2013TRAINING BEI UNS IMMER INDIVIDUELL PLANBAR Unsere Coaches beraten Sie immer individuell und versiert zu allen Fragen. Dabei stehen Sie mit Ihren W\u00fcnschen im Vordergrund. Mit dem Bewerbungsmanagement \u201eEinzel-Coaching\u201c helfen wir Ihnen, Ihren beruflichen Einstieg oder Wiedereinstieg zu erm\u00f6glichen. Voraussetzung daf\u00fcr ist ein pers\u00f6nliches Gespr\u00e4ch. Das Jobcoaching kann \u00fcber einen Aktivierungs- und [&hellip;]\" \/>\n<meta property=\"og:url\" content=\"https:\/\/besstem.eu\/de\/sluzby-coaching\/\" \/>\n<meta property=\"og:site_name\" content=\"BessteM\" \/>\n<meta property=\"article:modified_time\" content=\"2022-12-14T10:52:59+00:00\" \/>\n<meta property=\"og:image\" content=\"https:\/\/besstem.eu\/tp.svg\" \/>\n<meta name=\"twitter:card\" content=\"summary_large_image\" \/>\n<meta name=\"twitter:label1\" content=\"Gesch\u00e4tzte Lesezeit\" \/>\n\t<meta name=\"twitter:data1\" content=\"1\u00a0Minute\" \/>\n<script type=\"application\/ld+json\" class=\"yoast-schema-graph\">{\"@context\":\"https:\/\/schema.org\",\"@graph\":[{\"@type\":\"WebPage\",\"@id\":\"https:\/\/besstem.eu\/de\/sluzby-coaching\/\",\"url\":\"https:\/\/besstem.eu\/de\/sluzby-coaching\/\",\"name\":\"Coaching - BessteM\",\"isPartOf\":{\"@id\":\"https:\/\/besstem.eu\/#website\"},\"primaryImageOfPage\":{\"@id\":\"https:\/\/besstem.eu\/de\/sluzby-coaching\/#primaryimage\"},\"image\":{\"@id\":\"https:\/\/besstem.eu\/de\/sluzby-coaching\/#primaryimage\"},\"thumbnailUrl\":\"https:\/\/besstem.eu\/tp.svg\",\"datePublished\":\"2019-04-28T07:53:18+00:00\",\"dateModified\":\"2022-12-14T10:52:59+00:00\",\"breadcrumb\":{\"@id\":\"https:\/\/besstem.eu\/de\/sluzby-coaching\/#breadcrumb\"},\"inLanguage\":\"de\",\"potentialAction\":[{\"@type\":\"ReadAction\",\"target\":[\"https:\/\/besstem.eu\/de\/sluzby-coaching\/\"]}]},{\"@type\":\"ImageObject\",\"inLanguage\":\"de\",\"@id\":\"https:\/\/besstem.eu\/de\/sluzby-coaching\/#primaryimage\",\"url\":\"https:\/\/besstem.eu\/tp.svg\",\"contentUrl\":\"https:\/\/besstem.eu\/tp.svg\"},{\"@type\":\"BreadcrumbList\",\"@id\":\"https:\/\/besstem.eu\/de\/sluzby-coaching\/#breadcrumb\",\"itemListElement\":[{\"@type\":\"ListItem\",\"position\":1,\"name\":\"Dom\u016f\",\"item\":\"https:\/\/besstem.eu\/\"},{\"@type\":\"ListItem\",\"position\":2,\"name\":\"Coaching\"}]},{\"@type\":\"WebSite\",\"@id\":\"https:\/\/besstem.eu\/#website\",\"url\":\"https:\/\/besstem.eu\/\",\"name\":\"BessteM\",\"description\":\"Personalagentur\",\"potentialAction\":[{\"@type\":\"SearchAction\",\"target\":{\"@type\":\"EntryPoint\",\"urlTemplate\":\"https:\/\/besstem.eu\/?s={search_term_string}\"},\"query-input\":{\"@type\":\"PropertyValueSpecification\",\"valueRequired\":true,\"valueName\":\"search_term_string\"}}],\"inLanguage\":\"de\"}]}<\/script>\n<!-- \/ Yoast SEO plugin. -->","yoast_head_json":{"title":"Coaching - BessteM","robots":{"index":"index","follow":"follow","max-snippet":"max-snippet:-1","max-image-preview":"max-image-preview:large","max-video-preview":"max-video-preview:-1"},"canonical":"https:\/\/besstem.eu\/de\/sluzby-coaching\/","og_locale":"de_DE","og_type":"article","og_title":"Coaching - BessteM","og_description":"Coaching EINZELCOACHING UND \u2013TRAINING BEI UNS IMMER INDIVIDUELL PLANBAR Unsere Coaches beraten Sie immer individuell und versiert zu allen Fragen. Dabei stehen Sie mit Ihren W\u00fcnschen im Vordergrund. Mit dem Bewerbungsmanagement \u201eEinzel-Coaching\u201c helfen wir Ihnen, Ihren beruflichen Einstieg oder Wiedereinstieg zu erm\u00f6glichen. Voraussetzung daf\u00fcr ist ein pers\u00f6nliches Gespr\u00e4ch. Das Jobcoaching kann \u00fcber einen Aktivierungs- und [&hellip;]","og_url":"https:\/\/besstem.eu\/de\/sluzby-coaching\/","og_site_name":"BessteM","article_modified_time":"2022-12-14T10:52:59+00:00","og_image":[{"url":"https:\/\/besstem.eu\/tp.svg","type":"","width":"","height":""}],"twitter_card":"summary_large_image","twitter_misc":{"Gesch\u00e4tzte Lesezeit":"1\u00a0Minute"},"schema":{"@context":"https:\/\/schema.org","@graph":[{"@type":"WebPage","@id":"https:\/\/besstem.eu\/de\/sluzby-coaching\/","url":"https:\/\/besstem.eu\/de\/sluzby-coaching\/","name":"Coaching - BessteM","isPartOf":{"@id":"https:\/\/besstem.eu\/#website"},"primaryImageOfPage":{"@id":"https:\/\/besstem.eu\/de\/sluzby-coaching\/#primaryimage"},"image":{"@id":"https:\/\/besstem.eu\/de\/sluzby-coaching\/#primaryimage"},"thumbnailUrl":"https:\/\/besstem.eu\/tp.svg","datePublished":"2019-04-28T07:53:18+00:00","dateModified":"2022-12-14T10:52:59+00:00","breadcrumb":{"@id":"https:\/\/besstem.eu\/de\/sluzby-coaching\/#breadcrumb"},"inLanguage":"de","potentialAction":[{"@type":"ReadAction","target":["https:\/\/besstem.eu\/de\/sluzby-coaching\/"]}]},{"@type":"ImageObject","inLanguage":"de","@id":"https:\/\/besstem.eu\/de\/sluzby-coaching\/#primaryimage","url":"https:\/\/besstem.eu\/tp.svg","contentUrl":"https:\/\/besstem.eu\/tp.svg"},{"@type":"BreadcrumbList","@id":"https:\/\/besstem.eu\/de\/sluzby-coaching\/#breadcrumb","itemListElement":[{"@type":"ListItem","position":1,"name":"Dom\u016f","item":"https:\/\/besstem.eu\/"},{"@type":"ListItem","position":2,"name":"Coaching"}]},{"@type":"WebSite","@id":"https:\/\/besstem.eu\/#website","url":"https:\/\/besstem.eu\/","name":"BessteM","description":"Personalagentur","potentialAction":[{"@type":"SearchAction","target":{"@type":"EntryPoint","urlTemplate":"https:\/\/besstem.eu\/?s={search_term_string}"},"query-input":{"@type":"PropertyValueSpecification","valueRequired":true,"valueName":"search_term_string"}}],"inLanguage":"de"}]}},"_links":{"self":[{"href":"https:\/\/besstem.eu\/de\/wp-json\/wp\/v2\/pages\/731","targetHints":{"allow":["GET"]}}],"collection":[{"href":"https:\/\/besstem.eu\/de\/wp-json\/wp\/v2\/pages"}],"about":[{"href":"https:\/\/besstem.eu\/de\/wp-json\/wp\/v2\/types\/page"}],"author":[{"embeddable":true,"href":"https:\/\/besstem.eu\/de\/wp-json\/wp\/v2\/users\/1"}],"replies":[{"embeddable":true,"href":"https:\/\/besstem.eu\/de\/wp-json\/wp\/v2\/comments?post=731"}],"version-history":[{"count":123,"href":"https:\/\/besstem.eu\/de\/wp-json\/wp\/v2\/pages\/731\/revisions"}],"predecessor-version":[{"id":3008,"href":"https:\/\/besstem.eu\/de\/wp-json\/wp\/v2\/pages\/731\/revisions\/3008"}],"wp:attachment":[{"href":"https:\/\/besstem.eu\/de\/wp-json\/wp\/v2\/media?parent=731"}],"curies":[{"name":"wp","href":"https:\/\/api.w.org\/{rel}","templated":true}]}}