{"id":695,"date":"2019-04-18T14:25:23","date_gmt":"2019-04-18T13:25:23","guid":{"rendered":"https:\/\/besstem.eu\/?page_id=695"},"modified":"2019-04-18T14:51:09","modified_gmt":"2019-04-18T13:51:09","slug":"textprace","status":"publish","type":"page","link":"https:\/\/besstem.eu\/de\/textprace\/","title":{"rendered":"(\u010ce\u0161tina) textprace"},"content":{"rendered":"<p><\/p>\n<p style=\"text-align: center;\"><a class=\"bee-button\" href=\"https:\/\/besstem.eu\/prace-v-nemecku-2-2\">F\u00fcr Arbeitnehmer<\/a><\/p>\n<p><\/p>","protected":false},"excerpt":{"rendered":"<p>F\u00fcr Arbeitnehmer<\/p>\n","protected":false},"author":1,"featured_media":0,"parent":0,"menu_order":0,"comment_status":"closed","ping_status":"closed","template":"","meta":{"footnotes":""},"class_list":["post-695","page","type-page","status-publish","hentry"],"yoast_head":"<!-- This site is optimized with the Yoast SEO plugin v26.8 - https:\/\/yoast.com\/product\/yoast-seo-wordpress\/ -->\n<title>(\u010ce\u0161tina) textprace - BessteM<\/title>\n<meta name=\"robots\" content=\"index, follow, max-snippet:-1, max-image-preview:large, max-video-preview:-1\" \/>\n<link rel=\"canonical\" href=\"https:\/\/besstem.eu\/textprace\/\" \/>\n<meta property=\"og:locale\" content=\"de_DE\" \/>\n<meta property=\"og:type\" content=\"article\" \/>\n<meta property=\"og:title\" content=\"(\u010ce\u0161tina) textprace - BessteM\" \/>\n<meta property=\"og:description\" content=\"F\u00fcr Arbeitnehmer\" \/>\n<meta property=\"og:url\" content=\"https:\/\/besstem.eu\/textprace\/\" \/>\n<meta property=\"og:site_name\" content=\"BessteM\" \/>\n<meta property=\"article:modified_time\" content=\"2019-04-18T13:51:09+00:00\" \/>\n<meta name=\"twitter:card\" content=\"summary_large_image\" \/>\n<script type=\"application\/ld+json\" class=\"yoast-schema-graph\">{\"@context\":\"https:\/\/schema.org\",\"@graph\":[{\"@type\":\"WebPage\",\"@id\":\"https:\/\/besstem.eu\/textprace\/\",\"url\":\"https:\/\/besstem.eu\/textprace\/\",\"name\":\"(\u010ce\u0161tina) textprace - BessteM\",\"isPartOf\":{\"@id\":\"https:\/\/besstem.eu\/#website\"},\"datePublished\":\"2019-04-18T13:25:23+00:00\",\"dateModified\":\"2019-04-18T13:51:09+00:00\",\"breadcrumb\":{\"@id\":\"https:\/\/besstem.eu\/textprace\/#breadcrumb\"},\"inLanguage\":\"de\",\"potentialAction\":[{\"@type\":\"ReadAction\",\"target\":[\"https:\/\/besstem.eu\/textprace\/\"]}]},{\"@type\":\"BreadcrumbList\",\"@id\":\"https:\/\/besstem.eu\/textprace\/#breadcrumb\",\"itemListElement\":[{\"@type\":\"ListItem\",\"position\":1,\"name\":\"Dom\u016f\",\"item\":\"https:\/\/besstem.eu\/\"},{\"@type\":\"ListItem\",\"position\":2,\"name\":\"textprace\"}]},{\"@type\":\"WebSite\",\"@id\":\"https:\/\/besstem.eu\/#website\",\"url\":\"https:\/\/besstem.eu\/\",\"name\":\"BessteM\",\"description\":\"Personalagentur\",\"potentialAction\":[{\"@type\":\"SearchAction\",\"target\":{\"@type\":\"EntryPoint\",\"urlTemplate\":\"https:\/\/besstem.eu\/?s={search_term_string}\"},\"query-input\":{\"@type\":\"PropertyValueSpecification\",\"valueRequired\":true,\"valueName\":\"search_term_string\"}}],\"inLanguage\":\"de\"}]}<\/script>\n<!-- \/ Yoast SEO plugin. -->","yoast_head_json":{"title":"(\u010ce\u0161tina) textprace - BessteM","robots":{"index":"index","follow":"follow","max-snippet":"max-snippet:-1","max-image-preview":"max-image-preview:large","max-video-preview":"max-video-preview:-1"},"canonical":"https:\/\/besstem.eu\/textprace\/","og_locale":"de_DE","og_type":"article","og_title":"(\u010ce\u0161tina) textprace - BessteM","og_description":"F\u00fcr Arbeitnehmer","og_url":"https:\/\/besstem.eu\/textprace\/","og_site_name":"BessteM","article_modified_time":"2019-04-18T13:51:09+00:00","twitter_card":"summary_large_image","schema":{"@context":"https:\/\/schema.org","@graph":[{"@type":"WebPage","@id":"https:\/\/besstem.eu\/textprace\/","url":"https:\/\/besstem.eu\/textprace\/","name":"(\u010ce\u0161tina) textprace - BessteM","isPartOf":{"@id":"https:\/\/besstem.eu\/#website"},"datePublished":"2019-04-18T13:25:23+00:00","dateModified":"2019-04-18T13:51:09+00:00","breadcrumb":{"@id":"https:\/\/besstem.eu\/textprace\/#breadcrumb"},"inLanguage":"de","potentialAction":[{"@type":"ReadAction","target":["https:\/\/besstem.eu\/textprace\/"]}]},{"@type":"BreadcrumbList","@id":"https:\/\/besstem.eu\/textprace\/#breadcrumb","itemListElement":[{"@type":"ListItem","position":1,"name":"Dom\u016f","item":"https:\/\/besstem.eu\/"},{"@type":"ListItem","position":2,"name":"textprace"}]},{"@type":"WebSite","@id":"https:\/\/besstem.eu\/#website","url":"https:\/\/besstem.eu\/","name":"BessteM","description":"Personalagentur","potentialAction":[{"@type":"SearchAction","target":{"@type":"EntryPoint","urlTemplate":"https:\/\/besstem.eu\/?s={search_term_string}"},"query-input":{"@type":"PropertyValueSpecification","valueRequired":true,"valueName":"search_term_string"}}],"inLanguage":"de"}]}},"_links":{"self":[{"href":"https:\/\/besstem.eu\/de\/wp-json\/wp\/v2\/pages\/695","targetHints":{"allow":["GET"]}}],"collection":[{"href":"https:\/\/besstem.eu\/de\/wp-json\/wp\/v2\/pages"}],"about":[{"href":"https:\/\/besstem.eu\/de\/wp-json\/wp\/v2\/types\/page"}],"author":[{"embeddable":true,"href":"https:\/\/besstem.eu\/de\/wp-json\/wp\/v2\/users\/1"}],"replies":[{"embeddable":true,"href":"https:\/\/besstem.eu\/de\/wp-json\/wp\/v2\/comments?post=695"}],"version-history":[{"count":3,"href":"https:\/\/besstem.eu\/de\/wp-json\/wp\/v2\/pages\/695\/revisions"}],"predecessor-version":[{"id":698,"href":"https:\/\/besstem.eu\/de\/wp-json\/wp\/v2\/pages\/695\/revisions\/698"}],"wp:attachment":[{"href":"https:\/\/besstem.eu\/de\/wp-json\/wp\/v2\/media?parent=695"}],"curies":[{"name":"wp","href":"https:\/\/api.w.org\/{rel}","templated":true}]}}