{"id":56,"date":"2016-05-02T07:16:43","date_gmt":"2016-05-02T06:16:43","guid":{"rendered":"https:\/\/besstem.eu\/uvod-2\/"},"modified":"2022-12-16T13:49:17","modified_gmt":"2022-12-16T12:49:17","slug":"uvod","status":"publish","type":"page","link":"https:\/\/besstem.eu\/de\/","title":{"rendered":"Einf\u00fchrung"},"content":{"rendered":"<p><\/p>\n<div class=\"bee-content-layout-wrapper layout-item-0\">\n<div class=\"bee-content-layout layout-item-1\">\n<div class=\"bee-content-layout-row\">\n<div class=\"bee-layout-cell layout-item-2 animated-slow fadeInLeft\" style=\"width: 33%;margin-bottom: 10px;\">\n<p style=\"text-align: center;\"><center style=\"margin: 0px 0px 0px 0px\"><a class=\"mz\" href=\"\/prace-v-nemecku-2-2\"><img loading=\"lazy\" decoding=\"async\" class=\"aligncenter\" src=\"http:\/\/besstem.eu\/wp-content\/uploads\/shutterstock_59193421-03.jpg\" alt=\"\" width=\"300\" height=\"203\" \/><\/a><\/center><\/p>\n<h2 style=\"text-align: center;\" class=\"textinbox\"><span style=\"color: #ffffff;\">F\u00fcr Arbeitnehmer<\/span><\/h2>\n<p>&nbsp;<\/p>\n<p style=\"text-align: center;\">\u00a0<a class=\"bee-button\" href=\"\/prace-v-nemecku-2-2\">Mehr<\/a><\/p>\n<\/div>\n<div class=\"bee-layout-cell layout-item-3 animated-slow flipInY\" style=\"width: 34%;margin-bottom: 10px;\">\n<p style=\"text-align: center;\"><center style=\"margin: 0px 0px 0px 0px\"><a class=\"mz\" href=\"\/de\/sluzby-coaching\"><img loading=\"lazy\" decoding=\"async\" class=\"aligncenter\" src=\"http:\/\/besstem.eu\/wp-content\/uploads\/coaching4.jpg\" alt=\"\" width=\"300\" height=\"203\" \/><\/a><\/center><\/p>\n<h2 style=\"text-align: center;\" class=\"textinbox\"><span style=\"color: #ffffff;\">Coaching<\/span><\/h2>\n<p>&nbsp;<\/p>\n<p style=\"text-align: center;\">\u00a0<a class=\"bee-button\" href=\"\/de\/sluzby-coaching\">Mehr<\/a>\u00a0<span style=\"text-shadow: #FFFFFF 0px 0px 6px; color: #141414;\"><br \/>\n<\/span><\/p>\n<\/div>\n<div class=\"bee-layout-cell layout-item-4 animated-slow fadeInRight\" style=\"width: 33%;margin-bottom: 10px;\">\n<p style=\"text-align: center;\"><center style=\"margin: 0px 0px 0px 0px\"><a class=\"mz\" href=\"\/pro-zamestnavatele\"><img loading=\"lazy\" decoding=\"async\" class=\"aligncenter\" src=\"http:\/\/besstem.eu\/wp-content\/uploads\/shutterstock_32050237.jpg\" alt=\"\" width=\"300\" height=\"203\" \/><\/a><\/center><\/p>\n<h2 style=\"text-align: center;\" class=\"textinbox\"><span style=\"color: #a00810;\">F\u00fcr Arbeitgeber<\/span><\/h2>\n<p>&nbsp;<\/p>\n<p style=\"text-align: center;\">\u00a0<a class=\"bee-button\" href=\"\/fur-arbeitgeber\">Mehr<\/a><\/p>\n<\/div>\n<\/div>\n<\/div>\n<\/div>\n<div class=\"bee-content-layout-wrapper layout-item-9\">\n<div class=\"bee-content-layout layout-item-9\">\n<div class=\"bee-content-layout-row\">\n<div class=\"bee-layout-cell layout-item-9\" style=\"width: 100%;padding: 15px 10px 15px 10px\">\n<p style=\"text-align: center;\" class=\"animate-box\">\n<a href=\"https:\/\/besstem.eu\/de\/ochrana-soukromi-pouzivani-cookies\/\" class=\"bee-button\">Datenschutz<\/a>\n<\/p>\n<\/div>\n<\/div>\n<\/div>\n<\/div>\n<div class=\"bee-content-layout-wrapper layout-item-7\">\n<div class=\"bee-content-layout layout-item-5\">\n<div class=\"bee-content-layout-row\">\n<div class=\"bee-layout-cell layout-item-6\" style=\"width: 100%;padding: 15px 10px 15px 10px\">\n<h2 class=\"animate-box\">Mitarbeiter aus der Europ\u00e4ischen Union<\/h2>\n<p style=\"text-align: justify;\" class=\"animate-box\">\nUnser Schwerpunkt liegt in der Vermittlung von tschechischen und polnischen Mitarbeitern. Da seit 2011 f\u00fcr den Europ\u00e4ischen Arbeitsmarkt Beschr\u00e4nkungen weggefallen sind, ist es deutlich einfacher auch Mitarbeiter aus dem weiteren Europ\u00e4ischen Ausland zu akquirieren. Das ist besonders f\u00fcr solche Branchen in Deutschland interessant, die vom Fachkr\u00e4ftemangel auf dem deutschen Arbeitsmarkt betroffen sind.\n<\/p>\n<\/div>\n<\/div>\n<\/div>\n<\/div>\n<div class=\"bee-content-layout-wrapper layout-item-7\">\n<div class=\"bee-content-layout layout-item-5\">\n<div class=\"bee-content-layout-row\">\n<div class=\"bee-layout-cell layout-item-6 animate-box\" style=\"width: 100%;padding-top:30px;\">\n <\/div>\n<\/div>\n<\/div>\n<\/div>\n<div class=\"bee-content-layout-wrapper layout-item-0\">\n<div class=\"bee-content-layout layout-item-5\">\n<div class=\"bee-content-layout-row\">\n<div class=\"bee-layout-cell layout-item-7\" style=\"width: 42%;padding: 15px 10px 15px 10px\">\n<center><img decoding=\"async\" src=\"http:\/\/besstem.eu\/wp-content\/uploads\/pic-b1-s4.jpg\" alt=\"\" width=\"100%\"  class=\"aligncenter size-full wp-image-1064 animate-box\" \/><\/center><\/p>\n<\/div>\n<div class=\"bee-layout-cell layout-item-7 animate-box\" style=\"width: 58%;padding-top:0px;\">\n<h2 class=\"animate-box\">Der Arbeitsmarkt in Tschechien und Polen<\/h2>\n<p style=\"text-align: justify;\" class=\"animate-box\">\nDie Tschechische Republik ist ein europ\u00e4ischer Binnenstaat, dessen Wirtschaft sehr auf die Industrie, besonders die Automobilindustrie ausgerichtet ist. Auch die Finanzbranche, der Handel, die  chemische und pharmazeutische Industrie  und Telekommunikation leisten ihren Anteil am Wirtschaftswachstum.  Ansonsten nimmt die Herstellung von Industrieanlagen f\u00fcr den Export, die Holz-und Lebensmittelindustrie einen wichtigen Platz ein. Eine gro\u00dfe Rolle f\u00fcr die tschechische Braukultur spielt die Hopfenproduktion, Forst- und Landwirtschaft sind ebenfalls  wichtige S\u00e4ulen im Wirtschaftsgef\u00fcge Tschechiens. Der wichtigste Handelspartner ist Deutschland. Grunds\u00e4tzlich ist Tschechien ein beliebter Standort f\u00fcr Investitionen aus dem gesamten europ\u00e4ischen Ausland.\u00a0\n<\/p>\n<\/div>\n<\/div>\n<\/div>\n<\/div>\n<div class=\"bee-content-layout-wrapper layout-item-7\">\n<div class=\"bee-content-layout layout-item-5\">\n<div class=\"bee-content-layout-row\">\n<div class=\"bee-layout-cell layout-item-6 animate-box\" style=\"width: 100%;\">\n <\/div>\n<\/div>\n<\/div>\n<\/div>\n<div class=\"bee-content-layout-wrapper layout-item-0\">\n<div class=\"bee-content-layout layout-item-5\">\n<div class=\"bee-content-layout-row\">\n<div class=\"bee-layout-cell layout-item-7 animate-box\" style=\"width: 70%;padding-top: 15px;\">\n<p style=\"text-align: justify;\" class=\"animate-box\">\nTschechien und Polen, wie fast alle EU-L\u00e4nder, sind auch regional von Arbeitslosigkeit betroffen. Ebenso unterscheiden sich die L\u00f6hne und Lebenshaltungskosten stark nach Regionen und Berufsgruppen. Die Berufsausbildung und Qualifikationen in Polen sowie in Tschechien sind  mit Deutschland vergleichbar und erf\u00fcllt die Anforderungen auf einem hohen Niveau. \u00a0\n<\/p>\n<p style=\"text-align: justify;\" class=\"animate-box\">\nSomit kann Ihnen unser international aufgestelltes  BessteM Team innerhalb k\u00fcrzester Zeit das passende, qualifizierte Personal vermitteln.\n<\/p>\n<blockquote class=\"animate-box\"><p><span style=\"font-weight: bold;\">Sind Sie an der Verst\u00e4rkung ihres Teams interessiert?<\/span>\u00a0<span style=\"font-weight: bold;\">Wir finden f\u00fcr Sie geeignete Mitarbeiter \u00a0aus Tschechien, der Slowakei  und Polen!<\/span><\/p><\/blockquote>\n<p style=\"text-align: justify;\">\nAls unabh\u00e4ngiger Berater unterst\u00fctzen wir Sie bei der Suche von slowakischen, tschechischen und polnischen Mitarbeitern. Dank unserer Fach- und Sozialkompetenz finden wir als Personaldienstleister die Fachkr\u00e4fte, die zu Ihrem Unternehmen passen. Wir verf\u00fcgen \u00fcber eine gro\u00dfe Auswahl von Bewerbern aus Polen, Tschechien und der Slowakei, die an einer dauerhaften Besch\u00e4ftigung im Ausland Interesse zeigen. Dank der M\u00f6glichkeit, mit den Datenbanken und Bewerbern dieser L\u00e4nder zu arbeiten, k\u00f6nnen wir die  Anforderungen unserer Auftraggeber erf\u00fcllen. Damit wir auf  Nachfragen von Auftraggeber nach g\u00fcnstiger und schneller Bereitstellung von Arbeitskr\u00e4ften  reagieren k\u00f6nnen, haben wir uns auch auf die Vermittlung von kurzfristigen Praktikumspl\u00e4tzen eingerichtet. Nach einem erfolgreichen Praktikum folgt erfahrungsgem\u00e4\u00df auch eine langfristige Arbeitsanstellung. Wir arbeiten mit einer umfassenden  Datenbank von motivierten Hoch- und Fachschulstudenten, die sich darauf freuen, Ihr Team zu unterst\u00fctzen. Wir legen gr\u00f6\u00dften Wert auf  Zuverl\u00e4ssigkeit und Flexibilit\u00e4t bei der Zusammenarbeit mit allen unseren Partnern.\n<\/p>\n<\/div>\n<div class=\"bee-layout-cell layout-item-7\" style=\"width: 30%; padding: 0px 15px 0px 15px;\">\n<p><span style=\"font-weight: bold;\">\u00a0<\/span><br \/>\n<center><img decoding=\"async\" class=\"aligncenter size-full wp-image-1064 animate-box\"  src=\"http:\/\/besstem.eu\/wp-content\/uploads\/IMG_1552ss.png\" alt=\"Tschechische Mitarbeiter\" style=\"width:100%;max-width:315px\" \/><\/center>\n<\/div>\n<\/p><\/div>\n<\/div>\n<\/div>\n<div class=\"bee-content-layout-wrapper layout-item-0\">\n<div class=\"bee-content-layout layout-item-5\">\n<div class=\"bee-content-layout-row\">\n<div class=\"bee-layout-cell layout-item-6 animate-box\" style=\"width: 100%;\">\n<h4 style=\"text-align: center;\">Unsere Partner:<\/h4>\n<div class=\"carousel-slider-outer carousel-slider-outer-image-carousel carousel-slider-outer-900\" style=\"--carousel-slider-nav-color:#f1f1f1;--carousel-slider-active-nav-color:#f44336;--carousel-slider-arrow-size:30px;--carousel-slider-bullet-size:10px\">\n<div id=\"&#039;id-900\" class=\"carousel-slider carousel-slider-900 arrows-visibility-hover dots-visibility-never arrows-outside dots-center dots-square owl-carousel\" data-slide-type=\"image-carousel\" data-owl-settings='{\"nav\":true,\"dots\":false,\"slideBy\":1,\"stagePadding\":0,\"margin\":10,\"loop\":true,\"lazyLoad\":true,\"autoplay\":true,\"autoplayTimeout\":5000,\"autoplaySpeed\":500,\"autoplayHoverPause\":true,\"autoWidth\":true,\"responsive\":{\"300\":{\"items\":1},\"576\":{\"items\":2},\"768\":{\"items\":2},\"1024\":{\"items\":3},\"1280\":{\"items\":4},\"1536\":{\"items\":5}}}'>\n<div class=\"carousel-slider__item\">\n\t<a class=\"magnific-popup\" href=\"https:\/\/besstem.eu\/wp-content\/uploads\/adams-l.png\" data-width=\"904\" data-height=\"366\"><img class=\"owl-lazy\" data-src=\"https:\/\/besstem.eu\/wp-content\/uploads\/adams-l-300x121.png\" alt=\"\"><\/a><\/div>\n\n<div class=\"carousel-slider__item\">\n\t<a class=\"magnific-popup\" href=\"https:\/\/besstem.eu\/wp-content\/uploads\/Erlaubnis-l.png\" data-width=\"904\" data-height=\"366\"><img class=\"owl-lazy\" data-src=\"https:\/\/besstem.eu\/wp-content\/uploads\/Erlaubnis-l-300x121.png\" alt=\"\"><\/a><\/div>\n\n<div class=\"carousel-slider__item\">\n\t<a class=\"magnific-popup\" href=\"https:\/\/besstem.eu\/wp-content\/uploads\/zverina-l.png\" data-width=\"904\" data-height=\"366\"><img class=\"owl-lazy\" data-src=\"https:\/\/besstem.eu\/wp-content\/uploads\/zverina-l-300x121.png\" alt=\"\"><\/a><\/div>\n\n<div class=\"carousel-slider__item\">\n\t<a class=\"magnific-popup\" href=\"https:\/\/besstem.eu\/wp-content\/uploads\/Plastcoat-l.png\" data-width=\"904\" data-height=\"366\"><img class=\"owl-lazy\" data-src=\"https:\/\/besstem.eu\/wp-content\/uploads\/Plastcoat-l-300x121.png\" alt=\"\"><\/a><\/div>\n\n<div class=\"carousel-slider__item\">\n\t<a class=\"magnific-popup\" href=\"https:\/\/besstem.eu\/wp-content\/uploads\/baustoffhandel-l.png\" data-width=\"904\" data-height=\"366\"><img class=\"owl-lazy\" data-src=\"https:\/\/besstem.eu\/wp-content\/uploads\/baustoffhandel-l-300x121.png\" alt=\"\"><\/a><\/div>\n\n<div class=\"carousel-slider__item\">\n\t<a class=\"magnific-popup\" href=\"https:\/\/besstem.eu\/wp-content\/uploads\/ap-l-1.png\" data-width=\"904\" data-height=\"366\"><img class=\"owl-lazy\" data-src=\"https:\/\/besstem.eu\/wp-content\/uploads\/ap-l-1-300x121.png\" alt=\"\"><\/a><\/div>\n\n<div class=\"carousel-slider__item\">\n\t<a class=\"magnific-popup\" href=\"https:\/\/besstem.eu\/wp-content\/uploads\/axel-l.png\" data-width=\"904\" data-height=\"366\"><img class=\"owl-lazy\" data-src=\"https:\/\/besstem.eu\/wp-content\/uploads\/axel-l-300x121.png\" alt=\"\"><\/a><\/div>\n\n<div class=\"carousel-slider__item\">\n\t<a class=\"magnific-popup\" href=\"https:\/\/besstem.eu\/wp-content\/uploads\/Nothilfe-300x121-.png\" data-width=\"300\" data-height=\"121\"><img class=\"owl-lazy\" data-src=\"https:\/\/besstem.eu\/wp-content\/uploads\/Nothilfe-300x121--300x121.png\" alt=\"\"><\/a><\/div>\n\n<div class=\"carousel-slider__item\">\n\t<a class=\"magnific-popup\" href=\"https:\/\/besstem.eu\/wp-content\/uploads\/dwsi-l-1.png\" data-width=\"904\" data-height=\"366\"><img class=\"owl-lazy\" data-src=\"https:\/\/besstem.eu\/wp-content\/uploads\/dwsi-l-1-300x121.png\" alt=\"\"><\/a><\/div>\n\n<div class=\"carousel-slider__item\">\n\t<a class=\"magnific-popup\" href=\"https:\/\/besstem.eu\/wp-content\/uploads\/weilke-l-1.png\" data-width=\"904\" data-height=\"366\"><img class=\"owl-lazy\" data-src=\"https:\/\/besstem.eu\/wp-content\/uploads\/weilke-l-1-300x121.png\" alt=\"\"><\/a><\/div>\n\n<div class=\"carousel-slider__item\">\n\t<a class=\"magnific-popup\" href=\"https:\/\/besstem.eu\/wp-content\/uploads\/bd2-l.png\" data-width=\"904\" data-height=\"366\"><img class=\"owl-lazy\" data-src=\"https:\/\/besstem.eu\/wp-content\/uploads\/bd2-l-300x121.png\" alt=\"\"><\/a><\/div>\n\n<div class=\"carousel-slider__item\">\n\t<a class=\"magnific-popup\" href=\"https:\/\/besstem.eu\/wp-content\/uploads\/ecoling2-l-1.png\" data-width=\"904\" data-height=\"366\"><img class=\"owl-lazy\" data-src=\"https:\/\/besstem.eu\/wp-content\/uploads\/ecoling2-l-1-300x121.png\" alt=\"\"><\/a><\/div>\n\n<div class=\"carousel-slider__item\">\n\t<a class=\"magnific-popup\" href=\"https:\/\/besstem.eu\/wp-content\/uploads\/lehmann2-l-1.png\" data-width=\"904\" data-height=\"366\"><img class=\"owl-lazy\" data-src=\"https:\/\/besstem.eu\/wp-content\/uploads\/lehmann2-l-1-300x121.png\" alt=\"\"><\/a><\/div>\n\n<div class=\"carousel-slider__item\">\n\t<a class=\"magnific-popup\" href=\"https:\/\/besstem.eu\/wp-content\/uploads\/trd-risen-3-l-1.png\" data-width=\"904\" data-height=\"366\"><img class=\"owl-lazy\" data-src=\"https:\/\/besstem.eu\/wp-content\/uploads\/trd-risen-3-l-1-300x121.png\" alt=\"\"><\/a><\/div>\n\n<\/div><!-- .carousel-slider-900 -->\n<\/div><!-- .carousel-slider-outer-900 -->\n\n<\/div>\n<\/div>\n<\/div>\n<\/div>\n<p><\/p>","protected":false},"excerpt":{"rendered":"<p>F\u00fcr Arbeitnehmer &nbsp; \u00a0Mehr Coaching &nbsp; \u00a0Mehr\u00a0 F\u00fcr Arbeitgeber &nbsp; \u00a0Mehr Datenschutz Mitarbeiter aus der Europ\u00e4ischen Union Unser Schwerpunkt liegt in der Vermittlung von tschechischen und polnischen Mitarbeitern. Da seit 2011 f\u00fcr den Europ\u00e4ischen Arbeitsmarkt Beschr\u00e4nkungen weggefallen sind, ist es deutlich einfacher auch Mitarbeiter aus dem weiteren Europ\u00e4ischen Ausland zu akquirieren. Das ist besonders f\u00fcr [&hellip;]<\/p>\n","protected":false},"author":1,"featured_media":0,"parent":0,"menu_order":1,"comment_status":"closed","ping_status":"closed","template":"","meta":{"footnotes":""},"class_list":["post-56","page","type-page","status-publish","hentry"],"yoast_head":"<!-- This site is optimized with the Yoast SEO plugin v26.8 - https:\/\/yoast.com\/product\/yoast-seo-wordpress\/ -->\n<title>Pr\u00e1ce v N\u011bmecku, person\u00e1ln\u00ed agentura. Dr\u00e1\u017e\u010fany<\/title>\n<meta name=\"description\" content=\"Jsme certifikovan\u00e1 person\u00e1ln\u00ed a pracovn\u00ed agentura. Nab\u00edz\u00edme komplexn\u00ed slu\u017eby v oblasti zprost\u0159edkov\u00e1n\u00ed pr\u00e1ce v N\u011bmecku a pracovn\u00edch st\u00e1\u017e\u00ed. Dr\u00e1\u017e\u010fany\" \/>\n<meta name=\"robots\" content=\"index, follow, max-snippet:-1, max-image-preview:large, max-video-preview:-1\" \/>\n<link rel=\"canonical\" href=\"https:\/\/besstem.eu\/\" \/>\n<meta property=\"og:locale\" content=\"de_DE\" \/>\n<meta property=\"og:type\" content=\"article\" \/>\n<meta property=\"og:title\" content=\"Pr\u00e1ce v N\u011bmecku, person\u00e1ln\u00ed agentura. Dr\u00e1\u017e\u010fany\" \/>\n<meta property=\"og:description\" content=\"Jsme certifikovan\u00e1 person\u00e1ln\u00ed a pracovn\u00ed agentura. Nab\u00edz\u00edme komplexn\u00ed slu\u017eby v oblasti zprost\u0159edkov\u00e1n\u00ed pr\u00e1ce v N\u011bmecku a pracovn\u00edch st\u00e1\u017e\u00ed. Dr\u00e1\u017e\u010fany\" \/>\n<meta property=\"og:url\" content=\"https:\/\/besstem.eu\/\" \/>\n<meta property=\"og:site_name\" content=\"BessteM\" \/>\n<meta property=\"article:modified_time\" content=\"2022-12-16T12:49:17+00:00\" \/>\n<meta property=\"og:image\" content=\"http:\/\/besstem.eu\/wp-content\/uploads\/shutterstock_59193421-03.jpg\" \/>\n<meta name=\"twitter:card\" content=\"summary_large_image\" \/>\n<meta name=\"twitter:label1\" content=\"Gesch\u00e4tzte Lesezeit\" \/>\n\t<meta name=\"twitter:data1\" content=\"6\u00a0Minuten\" \/>\n<script type=\"application\/ld+json\" class=\"yoast-schema-graph\">{\"@context\":\"https:\/\/schema.org\",\"@graph\":[{\"@type\":\"WebPage\",\"@id\":\"https:\/\/besstem.eu\/\",\"url\":\"https:\/\/besstem.eu\/\",\"name\":\"Pr\u00e1ce v N\u011bmecku, person\u00e1ln\u00ed agentura. Dr\u00e1\u017e\u010fany\",\"isPartOf\":{\"@id\":\"https:\/\/besstem.eu\/#website\"},\"primaryImageOfPage\":{\"@id\":\"https:\/\/besstem.eu\/#primaryimage\"},\"image\":{\"@id\":\"https:\/\/besstem.eu\/#primaryimage\"},\"thumbnailUrl\":\"http:\/\/besstem.eu\/wp-content\/uploads\/shutterstock_59193421-03.jpg\",\"datePublished\":\"2016-05-02T06:16:43+00:00\",\"dateModified\":\"2022-12-16T12:49:17+00:00\",\"description\":\"Jsme certifikovan\u00e1 person\u00e1ln\u00ed a pracovn\u00ed agentura. Nab\u00edz\u00edme komplexn\u00ed slu\u017eby v oblasti zprost\u0159edkov\u00e1n\u00ed pr\u00e1ce v N\u011bmecku a pracovn\u00edch st\u00e1\u017e\u00ed. Dr\u00e1\u017e\u010fany\",\"breadcrumb\":{\"@id\":\"https:\/\/besstem.eu\/#breadcrumb\"},\"inLanguage\":\"de\",\"potentialAction\":[{\"@type\":\"ReadAction\",\"target\":[\"https:\/\/besstem.eu\/\"]}]},{\"@type\":\"ImageObject\",\"inLanguage\":\"de\",\"@id\":\"https:\/\/besstem.eu\/#primaryimage\",\"url\":\"http:\/\/besstem.eu\/wp-content\/uploads\/shutterstock_59193421-03.jpg\",\"contentUrl\":\"http:\/\/besstem.eu\/wp-content\/uploads\/shutterstock_59193421-03.jpg\"},{\"@type\":\"BreadcrumbList\",\"@id\":\"https:\/\/besstem.eu\/#breadcrumb\",\"itemListElement\":[{\"@type\":\"ListItem\",\"position\":1,\"name\":\"Dom\u016f\",\"item\":\"https:\/\/besstem.eu\/\"},{\"@type\":\"ListItem\",\"position\":2,\"name\":\"\u00davod\"}]},{\"@type\":\"WebSite\",\"@id\":\"https:\/\/besstem.eu\/#website\",\"url\":\"https:\/\/besstem.eu\/\",\"name\":\"BessteM\",\"description\":\"Personalagentur\",\"potentialAction\":[{\"@type\":\"SearchAction\",\"target\":{\"@type\":\"EntryPoint\",\"urlTemplate\":\"https:\/\/besstem.eu\/?s={search_term_string}\"},\"query-input\":{\"@type\":\"PropertyValueSpecification\",\"valueRequired\":true,\"valueName\":\"search_term_string\"}}],\"inLanguage\":\"de\"}]}<\/script>\n<!-- \/ Yoast SEO plugin. -->","yoast_head_json":{"title":"Pr\u00e1ce v N\u011bmecku, person\u00e1ln\u00ed agentura. Dr\u00e1\u017e\u010fany","description":"Jsme certifikovan\u00e1 person\u00e1ln\u00ed a pracovn\u00ed agentura. Nab\u00edz\u00edme komplexn\u00ed slu\u017eby v oblasti zprost\u0159edkov\u00e1n\u00ed pr\u00e1ce v N\u011bmecku a pracovn\u00edch st\u00e1\u017e\u00ed. Dr\u00e1\u017e\u010fany","robots":{"index":"index","follow":"follow","max-snippet":"max-snippet:-1","max-image-preview":"max-image-preview:large","max-video-preview":"max-video-preview:-1"},"canonical":"https:\/\/besstem.eu\/","og_locale":"de_DE","og_type":"article","og_title":"Pr\u00e1ce v N\u011bmecku, person\u00e1ln\u00ed agentura. Dr\u00e1\u017e\u010fany","og_description":"Jsme certifikovan\u00e1 person\u00e1ln\u00ed a pracovn\u00ed agentura. Nab\u00edz\u00edme komplexn\u00ed slu\u017eby v oblasti zprost\u0159edkov\u00e1n\u00ed pr\u00e1ce v N\u011bmecku a pracovn\u00edch st\u00e1\u017e\u00ed. Dr\u00e1\u017e\u010fany","og_url":"https:\/\/besstem.eu\/","og_site_name":"BessteM","article_modified_time":"2022-12-16T12:49:17+00:00","og_image":[{"url":"http:\/\/besstem.eu\/wp-content\/uploads\/shutterstock_59193421-03.jpg","type":"","width":"","height":""}],"twitter_card":"summary_large_image","twitter_misc":{"Gesch\u00e4tzte Lesezeit":"6\u00a0Minuten"},"schema":{"@context":"https:\/\/schema.org","@graph":[{"@type":"WebPage","@id":"https:\/\/besstem.eu\/","url":"https:\/\/besstem.eu\/","name":"Pr\u00e1ce v N\u011bmecku, person\u00e1ln\u00ed agentura. Dr\u00e1\u017e\u010fany","isPartOf":{"@id":"https:\/\/besstem.eu\/#website"},"primaryImageOfPage":{"@id":"https:\/\/besstem.eu\/#primaryimage"},"image":{"@id":"https:\/\/besstem.eu\/#primaryimage"},"thumbnailUrl":"http:\/\/besstem.eu\/wp-content\/uploads\/shutterstock_59193421-03.jpg","datePublished":"2016-05-02T06:16:43+00:00","dateModified":"2022-12-16T12:49:17+00:00","description":"Jsme certifikovan\u00e1 person\u00e1ln\u00ed a pracovn\u00ed agentura. Nab\u00edz\u00edme komplexn\u00ed slu\u017eby v oblasti zprost\u0159edkov\u00e1n\u00ed pr\u00e1ce v N\u011bmecku a pracovn\u00edch st\u00e1\u017e\u00ed. Dr\u00e1\u017e\u010fany","breadcrumb":{"@id":"https:\/\/besstem.eu\/#breadcrumb"},"inLanguage":"de","potentialAction":[{"@type":"ReadAction","target":["https:\/\/besstem.eu\/"]}]},{"@type":"ImageObject","inLanguage":"de","@id":"https:\/\/besstem.eu\/#primaryimage","url":"http:\/\/besstem.eu\/wp-content\/uploads\/shutterstock_59193421-03.jpg","contentUrl":"http:\/\/besstem.eu\/wp-content\/uploads\/shutterstock_59193421-03.jpg"},{"@type":"BreadcrumbList","@id":"https:\/\/besstem.eu\/#breadcrumb","itemListElement":[{"@type":"ListItem","position":1,"name":"Dom\u016f","item":"https:\/\/besstem.eu\/"},{"@type":"ListItem","position":2,"name":"\u00davod"}]},{"@type":"WebSite","@id":"https:\/\/besstem.eu\/#website","url":"https:\/\/besstem.eu\/","name":"BessteM","description":"Personalagentur","potentialAction":[{"@type":"SearchAction","target":{"@type":"EntryPoint","urlTemplate":"https:\/\/besstem.eu\/?s={search_term_string}"},"query-input":{"@type":"PropertyValueSpecification","valueRequired":true,"valueName":"search_term_string"}}],"inLanguage":"de"}]}},"_links":{"self":[{"href":"https:\/\/besstem.eu\/de\/wp-json\/wp\/v2\/pages\/56","targetHints":{"allow":["GET"]}}],"collection":[{"href":"https:\/\/besstem.eu\/de\/wp-json\/wp\/v2\/pages"}],"about":[{"href":"https:\/\/besstem.eu\/de\/wp-json\/wp\/v2\/types\/page"}],"author":[{"embeddable":true,"href":"https:\/\/besstem.eu\/de\/wp-json\/wp\/v2\/users\/1"}],"replies":[{"embeddable":true,"href":"https:\/\/besstem.eu\/de\/wp-json\/wp\/v2\/comments?post=56"}],"version-history":[{"count":236,"href":"https:\/\/besstem.eu\/de\/wp-json\/wp\/v2\/pages\/56\/revisions"}],"predecessor-version":[{"id":3112,"href":"https:\/\/besstem.eu\/de\/wp-json\/wp\/v2\/pages\/56\/revisions\/3112"}],"wp:attachment":[{"href":"https:\/\/besstem.eu\/de\/wp-json\/wp\/v2\/media?parent=56"}],"curies":[{"name":"wp","href":"https:\/\/api.w.org\/{rel}","templated":true}]}}