{"id":430,"date":"2019-03-26T11:38:50","date_gmt":"2019-03-26T10:38:50","guid":{"rendered":"https:\/\/besstem.eu\/?page_id=430"},"modified":"2019-04-17T17:14:11","modified_gmt":"2019-04-17T16:14:11","slug":"pracovni-nabidky-koncept-1","status":"publish","type":"page","link":"https:\/\/besstem.eu\/de\/pracovni-nabidky-koncept-1\/","title":{"rendered":"(\u010ce\u0161tina) Pracovn\u00ed nab\u00eddky (koncept 1)"},"content":{"rendered":"<p class=\"qtranxs-available-languages-message qtranxs-available-languages-message-de\">Leider ist der Eintrag nur auf <a href=\"https:\/\/besstem.eu\/cs\/wp-json\/wp\/v2\/pages\/430\" class=\"qtranxs-available-language-link qtranxs-available-language-link-cs\" title=\"\u010ce\u0161tina\">\u010ce\u0161tina<\/a> verf\u00fcgbar.<\/p>","protected":false},"excerpt":{"rendered":"<p>Leider ist der Eintrag nur auf \u010ce\u0161tina verf\u00fcgbar.<\/p>\n","protected":false},"author":1,"featured_media":0,"parent":0,"menu_order":0,"comment_status":"closed","ping_status":"closed","template":"","meta":{"footnotes":""},"class_list":["post-430","page","type-page","status-publish","hentry"],"yoast_head":"<!-- This site is optimized with the Yoast SEO plugin v26.8 - https:\/\/yoast.com\/product\/yoast-seo-wordpress\/ -->\n<title>(\u010ce\u0161tina) Pracovn\u00ed nab\u00eddky (koncept 1) - BessteM<\/title>\n<meta name=\"robots\" content=\"index, follow, max-snippet:-1, max-image-preview:large, max-video-preview:-1\" \/>\n<link rel=\"canonical\" href=\"https:\/\/besstem.eu\/de\/pracovni-nabidky-koncept-1\/\" \/>\n<meta property=\"og:locale\" content=\"de_DE\" \/>\n<meta property=\"og:type\" content=\"article\" \/>\n<meta property=\"og:title\" content=\"(\u010ce\u0161tina) Pracovn\u00ed nab\u00eddky (koncept 1) - BessteM\" \/>\n<meta property=\"og:description\" content=\"Leider ist der Eintrag nur auf \u010ce\u0161tina verf\u00fcgbar.\" \/>\n<meta property=\"og:url\" content=\"https:\/\/besstem.eu\/de\/pracovni-nabidky-koncept-1\/\" \/>\n<meta property=\"og:site_name\" content=\"BessteM\" \/>\n<meta property=\"article:modified_time\" content=\"2019-04-17T16:14:11+00:00\" \/>\n<meta property=\"og:image\" content=\"http:\/\/besstem.eu\/wp-content\/uploads\/sipka-dolu.png\" \/>\n<meta name=\"twitter:card\" content=\"summary_large_image\" \/>\n<meta name=\"twitter:label1\" content=\"Gesch\u00e4tzte Lesezeit\" \/>\n\t<meta name=\"twitter:data1\" content=\"4\u00a0Minuten\" \/>\n<script type=\"application\/ld+json\" class=\"yoast-schema-graph\">{\"@context\":\"https:\/\/schema.org\",\"@graph\":[{\"@type\":\"WebPage\",\"@id\":\"https:\/\/besstem.eu\/de\/pracovni-nabidky-koncept-1\/\",\"url\":\"https:\/\/besstem.eu\/de\/pracovni-nabidky-koncept-1\/\",\"name\":\"(\u010ce\u0161tina) Pracovn\u00ed nab\u00eddky (koncept 1) - BessteM\",\"isPartOf\":{\"@id\":\"https:\/\/besstem.eu\/#website\"},\"primaryImageOfPage\":{\"@id\":\"https:\/\/besstem.eu\/de\/pracovni-nabidky-koncept-1\/#primaryimage\"},\"image\":{\"@id\":\"https:\/\/besstem.eu\/de\/pracovni-nabidky-koncept-1\/#primaryimage\"},\"thumbnailUrl\":\"http:\/\/besstem.eu\/wp-content\/uploads\/sipka-dolu.png\",\"datePublished\":\"2019-03-26T10:38:50+00:00\",\"dateModified\":\"2019-04-17T16:14:11+00:00\",\"breadcrumb\":{\"@id\":\"https:\/\/besstem.eu\/de\/pracovni-nabidky-koncept-1\/#breadcrumb\"},\"inLanguage\":\"de\",\"potentialAction\":[{\"@type\":\"ReadAction\",\"target\":[\"https:\/\/besstem.eu\/de\/pracovni-nabidky-koncept-1\/\"]}]},{\"@type\":\"ImageObject\",\"inLanguage\":\"de\",\"@id\":\"https:\/\/besstem.eu\/de\/pracovni-nabidky-koncept-1\/#primaryimage\",\"url\":\"http:\/\/besstem.eu\/wp-content\/uploads\/sipka-dolu.png\",\"contentUrl\":\"http:\/\/besstem.eu\/wp-content\/uploads\/sipka-dolu.png\"},{\"@type\":\"BreadcrumbList\",\"@id\":\"https:\/\/besstem.eu\/de\/pracovni-nabidky-koncept-1\/#breadcrumb\",\"itemListElement\":[{\"@type\":\"ListItem\",\"position\":1,\"name\":\"Dom\u016f\",\"item\":\"https:\/\/besstem.eu\/\"},{\"@type\":\"ListItem\",\"position\":2,\"name\":\"(\u010ce\u0161tina) Pracovn\u00ed nab\u00eddky (koncept 1)\"}]},{\"@type\":\"WebSite\",\"@id\":\"https:\/\/besstem.eu\/#website\",\"url\":\"https:\/\/besstem.eu\/\",\"name\":\"BessteM\",\"description\":\"Personalagentur\",\"potentialAction\":[{\"@type\":\"SearchAction\",\"target\":{\"@type\":\"EntryPoint\",\"urlTemplate\":\"https:\/\/besstem.eu\/?s={search_term_string}\"},\"query-input\":{\"@type\":\"PropertyValueSpecification\",\"valueRequired\":true,\"valueName\":\"search_term_string\"}}],\"inLanguage\":\"de\"}]}<\/script>\n<!-- \/ Yoast SEO plugin. -->","yoast_head_json":{"title":"(\u010ce\u0161tina) Pracovn\u00ed nab\u00eddky (koncept 1) - BessteM","robots":{"index":"index","follow":"follow","max-snippet":"max-snippet:-1","max-image-preview":"max-image-preview:large","max-video-preview":"max-video-preview:-1"},"canonical":"https:\/\/besstem.eu\/de\/pracovni-nabidky-koncept-1\/","og_locale":"de_DE","og_type":"article","og_title":"(\u010ce\u0161tina) Pracovn\u00ed nab\u00eddky (koncept 1) - BessteM","og_description":"Leider ist der Eintrag nur auf \u010ce\u0161tina verf\u00fcgbar.","og_url":"https:\/\/besstem.eu\/de\/pracovni-nabidky-koncept-1\/","og_site_name":"BessteM","article_modified_time":"2019-04-17T16:14:11+00:00","og_image":[{"url":"http:\/\/besstem.eu\/wp-content\/uploads\/sipka-dolu.png","type":"","width":"","height":""}],"twitter_card":"summary_large_image","twitter_misc":{"Gesch\u00e4tzte Lesezeit":"4\u00a0Minuten"},"schema":{"@context":"https:\/\/schema.org","@graph":[{"@type":"WebPage","@id":"https:\/\/besstem.eu\/de\/pracovni-nabidky-koncept-1\/","url":"https:\/\/besstem.eu\/de\/pracovni-nabidky-koncept-1\/","name":"(\u010ce\u0161tina) Pracovn\u00ed nab\u00eddky (koncept 1) - BessteM","isPartOf":{"@id":"https:\/\/besstem.eu\/#website"},"primaryImageOfPage":{"@id":"https:\/\/besstem.eu\/de\/pracovni-nabidky-koncept-1\/#primaryimage"},"image":{"@id":"https:\/\/besstem.eu\/de\/pracovni-nabidky-koncept-1\/#primaryimage"},"thumbnailUrl":"http:\/\/besstem.eu\/wp-content\/uploads\/sipka-dolu.png","datePublished":"2019-03-26T10:38:50+00:00","dateModified":"2019-04-17T16:14:11+00:00","breadcrumb":{"@id":"https:\/\/besstem.eu\/de\/pracovni-nabidky-koncept-1\/#breadcrumb"},"inLanguage":"de","potentialAction":[{"@type":"ReadAction","target":["https:\/\/besstem.eu\/de\/pracovni-nabidky-koncept-1\/"]}]},{"@type":"ImageObject","inLanguage":"de","@id":"https:\/\/besstem.eu\/de\/pracovni-nabidky-koncept-1\/#primaryimage","url":"http:\/\/besstem.eu\/wp-content\/uploads\/sipka-dolu.png","contentUrl":"http:\/\/besstem.eu\/wp-content\/uploads\/sipka-dolu.png"},{"@type":"BreadcrumbList","@id":"https:\/\/besstem.eu\/de\/pracovni-nabidky-koncept-1\/#breadcrumb","itemListElement":[{"@type":"ListItem","position":1,"name":"Dom\u016f","item":"https:\/\/besstem.eu\/"},{"@type":"ListItem","position":2,"name":"(\u010ce\u0161tina) Pracovn\u00ed nab\u00eddky (koncept 1)"}]},{"@type":"WebSite","@id":"https:\/\/besstem.eu\/#website","url":"https:\/\/besstem.eu\/","name":"BessteM","description":"Personalagentur","potentialAction":[{"@type":"SearchAction","target":{"@type":"EntryPoint","urlTemplate":"https:\/\/besstem.eu\/?s={search_term_string}"},"query-input":{"@type":"PropertyValueSpecification","valueRequired":true,"valueName":"search_term_string"}}],"inLanguage":"de"}]}},"_links":{"self":[{"href":"https:\/\/besstem.eu\/de\/wp-json\/wp\/v2\/pages\/430","targetHints":{"allow":["GET"]}}],"collection":[{"href":"https:\/\/besstem.eu\/de\/wp-json\/wp\/v2\/pages"}],"about":[{"href":"https:\/\/besstem.eu\/de\/wp-json\/wp\/v2\/types\/page"}],"author":[{"embeddable":true,"href":"https:\/\/besstem.eu\/de\/wp-json\/wp\/v2\/users\/1"}],"replies":[{"embeddable":true,"href":"https:\/\/besstem.eu\/de\/wp-json\/wp\/v2\/comments?post=430"}],"version-history":[{"count":158,"href":"https:\/\/besstem.eu\/de\/wp-json\/wp\/v2\/pages\/430\/revisions"}],"predecessor-version":[{"id":693,"href":"https:\/\/besstem.eu\/de\/wp-json\/wp\/v2\/pages\/430\/revisions\/693"}],"wp:attachment":[{"href":"https:\/\/besstem.eu\/de\/wp-json\/wp\/v2\/media?parent=430"}],"curies":[{"name":"wp","href":"https:\/\/api.w.org\/{rel}","templated":true}]}}