{"id":3270,"date":"2023-04-04T16:05:50","date_gmt":"2023-04-04T15:05:50","guid":{"rendered":"https:\/\/besstem.eu\/?page_id=3270"},"modified":"2023-04-04T16:06:03","modified_gmt":"2023-04-04T15:06:03","slug":"tschechische-handwerker-nahe-stuttgart-magdalena-gotzmann-personalagentur-besstem","status":"publish","type":"page","link":"https:\/\/besstem.eu\/de\/tschechische-handwerker-nahe-stuttgart-magdalena-gotzmann-personalagentur-besstem\/","title":{"rendered":"Tschechische Handwerker nahe Stuttgart &#8211; Magdalena Gotzmann Personalagentur BESSTEM"},"content":{"rendered":"<h2><strong>Tschechische Handwerker nahe Stuttgart &#8211; Magdalena Gotzmann Personalagentur BESSTEM<\/strong><\/h2>\n<p>Wenn du auf der Suche nach kompetenten Mitarbeitern f\u00fcr dein Handwerkprojekt bist, kannst du dich gerne f\u00fcr tschechische Handwerker nahe Stuttgart entscheiden. Die Magdalena Gotzmann Personalagentur BESSTEM hilft dir bei deinem Anliegen gerne weiter und vermittelt dir genau die Handwerkskr\u00e4fte, welche am besten zu deinem Projekt passen. Tschechische Handwerker bei Stuttgart sind dabei ebenso qualifiziert ausgebildet wie deutsche Handwerker, da die Berufsausbildungsvorgeben sich sehr stark \u00e4hneln und nahezu identisch sind. Magdalena Gotzmann Personalagentur BESSTEM vermittelt dir dabei stets genau die besten Arbeitskr\u00e4fte. Als erfahrene Personalagentur ist der Dienstleister gerne f\u00fcr dich t\u00e4tig und hilft dir somit im weiteren Sinne, dein Projekt auf die Beine zu stellen und erfolgreich zu beenden. Gib auch gerne spezielle W\u00fcnsche hinsichtlich der Kenntnisse und Qualifikationen an. Diese werden dann von den Mitarbeitern der Agentur ber\u00fccksichtigt. F\u00fcr ein umfassendes Beratungsgespr\u00e4ch ist ebenfalls Zeit, wobei das f\u00fcr Arbeitskr\u00e4fte und Projektleiter bzw. Unternehmer und Auftraggeber gleicherma\u00dfen gilt. Der Fachkr\u00e4ftemangel in Deutschland l\u00e4sst sich mit diesem Konzept optimal kompensieren.<\/p>\n<p>&nbsp;<\/p>\n<h2><strong>Qualifizierte Fachkr\u00e4fte f\u00fcr dein Handwerksprojekt<\/strong><\/h2>\n<p>Du bist auf der Suche nach qualifizierten Handwerkern, ganz gleich f\u00fcr welche Sparte? Dann melde dich gerne bei der Agentur und schildere deinen Bedarf an professionell ausgebildeten Arbeitskr\u00e4ften. So hast du dann auch wertvolle Zeit gespart, welche du je nach Bedarf in dein Projekt stecken oder mal wieder ausgiebigere Pausen machen kannst. Praktisch ist bei dem Auswahlverfahren insbesondere, dass eine Vorauswahl bereits getroffen wurde und im Grunde alle Handwerker und Arbeitskr\u00e4fte infrage kommen und es lediglich auf bestimmte Sonderkenntnisse und Qualifikationen ankommt oder auf den Umstand, wie viel Jahre Berufserfahrung unter dem Strich vorhanden ist. Wenn du die Agentur kontaktierst, profitierst du ebenfalls von umfassender Expertise und grunds\u00e4tzlich steht die erfolgreiche Vermittlung von Fachkr\u00e4ften aus der EU im Fokus. Das gilt insbesondere f\u00fcr tschechische und polnische Fachkr\u00e4fte, die im handwerklichen Bereich ausgebildet sind. Du profitierst in jedem Fall auch von Datenbanken, welche mit zahlreichen verschiedenen Handwerkskr\u00e4ften best\u00fcckt sind, f\u00fcr jedes Handwerk die passend ausgebildete Kraft. Mitunter kann es auch sein, dass du zun\u00e4chst ein Praktikum vereinbaren m\u00f6chtest, um zu schauen, wie die Arbeit in der Praxis l\u00e4uft. Ein solches Praktikum l\u00e4sst sich gerne arrangieren, so sehen beide Parteien, wie gut sie tats\u00e4chlich f\u00fcr ein bestimmtes Arbeitsprojekt zusammenpassen. Ganz gleich, ob du Arbeitnehmer oder Arbeitgeber bist, bez\u00fcglich deiner gespeicherten Daten kannst du sicher sein, dass diese der rechtlichen Norm entsprechend gesch\u00fctzt und verschl\u00fcsselt sind.<\/p>\n","protected":false},"excerpt":{"rendered":"<p>Tschechische Handwerker nahe Stuttgart &#8211; Magdalena Gotzmann Personalagentur BESSTEM Wenn du auf der Suche nach kompetenten Mitarbeitern f\u00fcr dein Handwerkprojekt bist, kannst du dich gerne f\u00fcr tschechische Handwerker nahe Stuttgart entscheiden. Die Magdalena Gotzmann Personalagentur BESSTEM hilft dir bei deinem Anliegen gerne weiter und vermittelt dir genau die Handwerkskr\u00e4fte, welche am besten zu deinem Projekt [&hellip;]<\/p>\n","protected":false},"author":1,"featured_media":0,"parent":0,"menu_order":0,"comment_status":"closed","ping_status":"closed","template":"","meta":{"footnotes":""},"class_list":["post-3270","page","type-page","status-publish","hentry"],"yoast_head":"<!-- This site is optimized with the Yoast SEO plugin v26.8 - https:\/\/yoast.com\/product\/yoast-seo-wordpress\/ -->\n<title>Tschechische Handwerker nahe Stuttgart - Magdalena Gotzmann Personalagentur BESSTEM - BessteM<\/title>\n<meta name=\"robots\" content=\"index, follow, max-snippet:-1, max-image-preview:large, max-video-preview:-1\" \/>\n<link rel=\"canonical\" href=\"https:\/\/besstem.eu\/de\/tschechische-handwerker-nahe-stuttgart-magdalena-gotzmann-personalagentur-besstem\/\" \/>\n<meta property=\"og:locale\" content=\"de_DE\" \/>\n<meta property=\"og:type\" content=\"article\" \/>\n<meta property=\"og:title\" content=\"Tschechische Handwerker nahe Stuttgart - Magdalena Gotzmann Personalagentur BESSTEM - BessteM\" \/>\n<meta property=\"og:description\" content=\"Tschechische Handwerker nahe Stuttgart &#8211; Magdalena Gotzmann Personalagentur BESSTEM Wenn du auf der Suche nach kompetenten Mitarbeitern f\u00fcr dein Handwerkprojekt bist, kannst du dich gerne f\u00fcr tschechische Handwerker nahe Stuttgart entscheiden. Die Magdalena Gotzmann Personalagentur BESSTEM hilft dir bei deinem Anliegen gerne weiter und vermittelt dir genau die Handwerkskr\u00e4fte, welche am besten zu deinem Projekt [&hellip;]\" \/>\n<meta property=\"og:url\" content=\"https:\/\/besstem.eu\/de\/tschechische-handwerker-nahe-stuttgart-magdalena-gotzmann-personalagentur-besstem\/\" \/>\n<meta property=\"og:site_name\" content=\"BessteM\" \/>\n<meta property=\"article:modified_time\" content=\"2023-04-04T15:06:03+00:00\" \/>\n<meta name=\"twitter:card\" content=\"summary_large_image\" \/>\n<meta name=\"twitter:label1\" content=\"Gesch\u00e4tzte Lesezeit\" \/>\n\t<meta name=\"twitter:data1\" content=\"2\u00a0Minuten\" \/>\n<script type=\"application\/ld+json\" class=\"yoast-schema-graph\">{\"@context\":\"https:\/\/schema.org\",\"@graph\":[{\"@type\":\"WebPage\",\"@id\":\"https:\/\/besstem.eu\/de\/tschechische-handwerker-nahe-stuttgart-magdalena-gotzmann-personalagentur-besstem\/\",\"url\":\"https:\/\/besstem.eu\/de\/tschechische-handwerker-nahe-stuttgart-magdalena-gotzmann-personalagentur-besstem\/\",\"name\":\"Tschechische Handwerker nahe Stuttgart - Magdalena Gotzmann Personalagentur BESSTEM - BessteM\",\"isPartOf\":{\"@id\":\"https:\/\/besstem.eu\/#website\"},\"datePublished\":\"2023-04-04T15:05:50+00:00\",\"dateModified\":\"2023-04-04T15:06:03+00:00\",\"breadcrumb\":{\"@id\":\"https:\/\/besstem.eu\/de\/tschechische-handwerker-nahe-stuttgart-magdalena-gotzmann-personalagentur-besstem\/#breadcrumb\"},\"inLanguage\":\"de\",\"potentialAction\":[{\"@type\":\"ReadAction\",\"target\":[\"https:\/\/besstem.eu\/de\/tschechische-handwerker-nahe-stuttgart-magdalena-gotzmann-personalagentur-besstem\/\"]}]},{\"@type\":\"BreadcrumbList\",\"@id\":\"https:\/\/besstem.eu\/de\/tschechische-handwerker-nahe-stuttgart-magdalena-gotzmann-personalagentur-besstem\/#breadcrumb\",\"itemListElement\":[{\"@type\":\"ListItem\",\"position\":1,\"name\":\"Dom\u016f\",\"item\":\"https:\/\/besstem.eu\/\"},{\"@type\":\"ListItem\",\"position\":2,\"name\":\"Tschechische Handwerker nahe Stuttgart &#8211; Magdalena Gotzmann Personalagentur BESSTEM\"}]},{\"@type\":\"WebSite\",\"@id\":\"https:\/\/besstem.eu\/#website\",\"url\":\"https:\/\/besstem.eu\/\",\"name\":\"BessteM\",\"description\":\"Personalagentur\",\"potentialAction\":[{\"@type\":\"SearchAction\",\"target\":{\"@type\":\"EntryPoint\",\"urlTemplate\":\"https:\/\/besstem.eu\/?s={search_term_string}\"},\"query-input\":{\"@type\":\"PropertyValueSpecification\",\"valueRequired\":true,\"valueName\":\"search_term_string\"}}],\"inLanguage\":\"de\"}]}<\/script>\n<!-- \/ Yoast SEO plugin. -->","yoast_head_json":{"title":"Tschechische Handwerker nahe Stuttgart - Magdalena Gotzmann Personalagentur BESSTEM - BessteM","robots":{"index":"index","follow":"follow","max-snippet":"max-snippet:-1","max-image-preview":"max-image-preview:large","max-video-preview":"max-video-preview:-1"},"canonical":"https:\/\/besstem.eu\/de\/tschechische-handwerker-nahe-stuttgart-magdalena-gotzmann-personalagentur-besstem\/","og_locale":"de_DE","og_type":"article","og_title":"Tschechische Handwerker nahe Stuttgart - Magdalena Gotzmann Personalagentur BESSTEM - BessteM","og_description":"Tschechische Handwerker nahe Stuttgart &#8211; Magdalena Gotzmann Personalagentur BESSTEM Wenn du auf der Suche nach kompetenten Mitarbeitern f\u00fcr dein Handwerkprojekt bist, kannst du dich gerne f\u00fcr tschechische Handwerker nahe Stuttgart entscheiden. Die Magdalena Gotzmann Personalagentur BESSTEM hilft dir bei deinem Anliegen gerne weiter und vermittelt dir genau die Handwerkskr\u00e4fte, welche am besten zu deinem Projekt [&hellip;]","og_url":"https:\/\/besstem.eu\/de\/tschechische-handwerker-nahe-stuttgart-magdalena-gotzmann-personalagentur-besstem\/","og_site_name":"BessteM","article_modified_time":"2023-04-04T15:06:03+00:00","twitter_card":"summary_large_image","twitter_misc":{"Gesch\u00e4tzte Lesezeit":"2\u00a0Minuten"},"schema":{"@context":"https:\/\/schema.org","@graph":[{"@type":"WebPage","@id":"https:\/\/besstem.eu\/de\/tschechische-handwerker-nahe-stuttgart-magdalena-gotzmann-personalagentur-besstem\/","url":"https:\/\/besstem.eu\/de\/tschechische-handwerker-nahe-stuttgart-magdalena-gotzmann-personalagentur-besstem\/","name":"Tschechische Handwerker nahe Stuttgart - Magdalena Gotzmann Personalagentur BESSTEM - BessteM","isPartOf":{"@id":"https:\/\/besstem.eu\/#website"},"datePublished":"2023-04-04T15:05:50+00:00","dateModified":"2023-04-04T15:06:03+00:00","breadcrumb":{"@id":"https:\/\/besstem.eu\/de\/tschechische-handwerker-nahe-stuttgart-magdalena-gotzmann-personalagentur-besstem\/#breadcrumb"},"inLanguage":"de","potentialAction":[{"@type":"ReadAction","target":["https:\/\/besstem.eu\/de\/tschechische-handwerker-nahe-stuttgart-magdalena-gotzmann-personalagentur-besstem\/"]}]},{"@type":"BreadcrumbList","@id":"https:\/\/besstem.eu\/de\/tschechische-handwerker-nahe-stuttgart-magdalena-gotzmann-personalagentur-besstem\/#breadcrumb","itemListElement":[{"@type":"ListItem","position":1,"name":"Dom\u016f","item":"https:\/\/besstem.eu\/"},{"@type":"ListItem","position":2,"name":"Tschechische Handwerker nahe Stuttgart &#8211; Magdalena Gotzmann Personalagentur BESSTEM"}]},{"@type":"WebSite","@id":"https:\/\/besstem.eu\/#website","url":"https:\/\/besstem.eu\/","name":"BessteM","description":"Personalagentur","potentialAction":[{"@type":"SearchAction","target":{"@type":"EntryPoint","urlTemplate":"https:\/\/besstem.eu\/?s={search_term_string}"},"query-input":{"@type":"PropertyValueSpecification","valueRequired":true,"valueName":"search_term_string"}}],"inLanguage":"de"}]}},"_links":{"self":[{"href":"https:\/\/besstem.eu\/de\/wp-json\/wp\/v2\/pages\/3270","targetHints":{"allow":["GET"]}}],"collection":[{"href":"https:\/\/besstem.eu\/de\/wp-json\/wp\/v2\/pages"}],"about":[{"href":"https:\/\/besstem.eu\/de\/wp-json\/wp\/v2\/types\/page"}],"author":[{"embeddable":true,"href":"https:\/\/besstem.eu\/de\/wp-json\/wp\/v2\/users\/1"}],"replies":[{"embeddable":true,"href":"https:\/\/besstem.eu\/de\/wp-json\/wp\/v2\/comments?post=3270"}],"version-history":[{"count":2,"href":"https:\/\/besstem.eu\/de\/wp-json\/wp\/v2\/pages\/3270\/revisions"}],"predecessor-version":[{"id":3272,"href":"https:\/\/besstem.eu\/de\/wp-json\/wp\/v2\/pages\/3270\/revisions\/3272"}],"wp:attachment":[{"href":"https:\/\/besstem.eu\/de\/wp-json\/wp\/v2\/media?parent=3270"}],"curies":[{"name":"wp","href":"https:\/\/api.w.org\/{rel}","templated":true}]}}