{"id":3268,"date":"2023-04-04T16:03:36","date_gmt":"2023-04-04T15:03:36","guid":{"rendered":"https:\/\/besstem.eu\/?page_id=3268"},"modified":"2023-04-04T16:04:27","modified_gmt":"2023-04-04T15:04:27","slug":"serioese-und-faehige-tschechische-handwerker-bei-muenchen-finden","status":"publish","type":"page","link":"https:\/\/besstem.eu\/de\/serioese-und-faehige-tschechische-handwerker-bei-muenchen-finden\/","title":{"rendered":"Seri\u00f6se und f\u00e4hige, tschechische Handwerker bei M\u00fcnchen finden"},"content":{"rendered":"<h2><strong>Seri\u00f6se und f\u00e4hige, tschechische Handwerker bei M\u00fcnchen finden<\/strong><\/h2>\n<p>Die Suche nach f\u00e4higen und bezahlbaren Mitarbeitern ist in Deutschland eine Mammutaufgabe, weshalb sich immer mehr Unternehmen im Osten umschauen. Hier warten viele Arbeiter\/innen, die sich einen Job in Deutschland w\u00fcnschen. Jedoch ist die klassische Findung \u00fcber Jobportale oder die Agentur f\u00fcr Arbeit nicht m\u00f6glich. Wollen Sie also nicht tagelang mit der Suche verbringen, sondern direkt tschechische Handwerker finden, welche ihren Job ernst nehmen, wenden Sie sich an Magdalena Gotzmann Personalagentur BESSTEM bei M\u00fcnchen.<\/p>\n<p>&nbsp;<\/p>\n<h2><strong>Weshalb sollten Sie sich f\u00fcr uns entscheiden?<\/strong><\/h2>\n<p>Es gibt viele Gr\u00fcnde, weshalb Sie die Magdalena Gotzmann Personalagentur BESSTEM bei M\u00fcnchen in Anspruch nehmen sollten. Im Vordergrund steht die Vermittlung von f\u00e4higen Mitarbeitern. Das bedeutet, wir vermitteln nur Personal, das von uns eindringlich gepr\u00fcft wurde. Somit gehen Sie dem Risiko aus dem Weg, dass Sie eine ausl\u00e4ndische Person anstellen, die anschlie\u00dfend die gew\u00fcnschte Arbeit nicht leistet oder sogar den Ruf Ihres Betriebs gef\u00e4hrdet. Wir bieten Ihnen nur tschechische Handwerker an, welche ihre T\u00e4tigkeit verstehen, mit Arbeitslust an die Sache gehen und auf die Werte des Unternehmens achten.<\/p>\n<p>Dar\u00fcber hinaus sparen Sie sich viel Arbeit und M\u00fche. Bereits die Suche nach deutschen Mitarbeitern ist mit viel Aufwand verbunden. Besonders dann, wenn sich niemand auf Ihre Anzeigen meldet. Bei der Findung von Angestellten im Ausland ist es sogar noch komplizierter. Vor allem, wenn die sprachliche Barriere hinzukommt. Genau dem gehen wir aus dem Weg, denn wir dienen als Zweigstelle und k\u00f6nnen Sie mit den n\u00f6tigen Mitarbeitern in Verbindung bringen. Gedanken dar\u00fcber, ob es irgendwelche rechtlichen Grenzen gibt, m\u00fcssen Sie sich nicht machen. Seit dem Jahr 2011 ist das Anstellen von ausl\u00e4ndischen Fachkr\u00e4ften keinen Beschr\u00e4nkungen mehr unterlegen.<\/p>\n<p>&nbsp;<\/p>\n<h2><strong>Beraten Sie sich mit uns!<\/strong><\/h2>\n<p>In Tschechien, Polen und der Slowakei warten viele Personen auf eine Anstellung in Deutschland. Der deutsche Arbeitsmarkt ist f\u00fcr Ost-Europ\u00e4er sehr attraktiv, da die L\u00f6hne bei uns deutlich besser ausfallen. Das bedeutet aber nicht, dass Sie mehr bezahlen m\u00fcssen. Im Vergleich zu deutschen Mitarbeitern sparen Sie sogar Geld. Damit wir Ihnen die bestm\u00f6gliche Verst\u00e4rkung f\u00fcr Ihr Team vermitteln k\u00f6nnen, setzen wir uns vorher mit Ihnen zusammen. Gemeinsam beratschlagen wir, was Sie sich von Ihren neuen Angestellten w\u00fcnschen. Nat\u00fcrlich ist es kein Problem, wenn Sie nach Fachpersonal suchen. Auch dahingehend k\u00f6nnen wir geeignete Mitarbeiter weiterleiten. Ansonsten zeichnen wir uns dadurch aus, dass wir bei der Findung Ihrer Angestellten keine Zeit verlieren. Melden Sie sich deshalb bei uns und gemeinsam werden wir das bestm\u00f6gliche Personal f\u00fcr Ihren Bedarf finden!<\/p>\n","protected":false},"excerpt":{"rendered":"<p>Seri\u00f6se und f\u00e4hige, tschechische Handwerker bei M\u00fcnchen finden Die Suche nach f\u00e4higen und bezahlbaren Mitarbeitern ist in Deutschland eine Mammutaufgabe, weshalb sich immer mehr Unternehmen im Osten umschauen. Hier warten viele Arbeiter\/innen, die sich einen Job in Deutschland w\u00fcnschen. Jedoch ist die klassische Findung \u00fcber Jobportale oder die Agentur f\u00fcr Arbeit nicht m\u00f6glich. Wollen Sie [&hellip;]<\/p>\n","protected":false},"author":1,"featured_media":0,"parent":0,"menu_order":0,"comment_status":"closed","ping_status":"closed","template":"","meta":{"footnotes":""},"class_list":["post-3268","page","type-page","status-publish","hentry"],"yoast_head":"<!-- This site is optimized with the Yoast SEO plugin v26.8 - https:\/\/yoast.com\/product\/yoast-seo-wordpress\/ -->\n<title>Seri\u00f6se und f\u00e4hige, tschechische Handwerker bei M\u00fcnchen finden - BessteM<\/title>\n<meta name=\"robots\" content=\"index, follow, max-snippet:-1, max-image-preview:large, max-video-preview:-1\" \/>\n<link rel=\"canonical\" href=\"https:\/\/besstem.eu\/de\/serioese-und-faehige-tschechische-handwerker-bei-muenchen-finden\/\" \/>\n<meta property=\"og:locale\" content=\"de_DE\" \/>\n<meta property=\"og:type\" content=\"article\" \/>\n<meta property=\"og:title\" content=\"Seri\u00f6se und f\u00e4hige, tschechische Handwerker bei M\u00fcnchen finden - BessteM\" \/>\n<meta property=\"og:description\" content=\"Seri\u00f6se und f\u00e4hige, tschechische Handwerker bei M\u00fcnchen finden Die Suche nach f\u00e4higen und bezahlbaren Mitarbeitern ist in Deutschland eine Mammutaufgabe, weshalb sich immer mehr Unternehmen im Osten umschauen. Hier warten viele Arbeiter\/innen, die sich einen Job in Deutschland w\u00fcnschen. Jedoch ist die klassische Findung \u00fcber Jobportale oder die Agentur f\u00fcr Arbeit nicht m\u00f6glich. Wollen Sie [&hellip;]\" \/>\n<meta property=\"og:url\" content=\"https:\/\/besstem.eu\/de\/serioese-und-faehige-tschechische-handwerker-bei-muenchen-finden\/\" \/>\n<meta property=\"og:site_name\" content=\"BessteM\" \/>\n<meta property=\"article:modified_time\" content=\"2023-04-04T15:04:27+00:00\" \/>\n<meta name=\"twitter:card\" content=\"summary_large_image\" \/>\n<meta name=\"twitter:label1\" content=\"Gesch\u00e4tzte Lesezeit\" \/>\n\t<meta name=\"twitter:data1\" content=\"2\u00a0Minuten\" \/>\n<script type=\"application\/ld+json\" class=\"yoast-schema-graph\">{\"@context\":\"https:\/\/schema.org\",\"@graph\":[{\"@type\":\"WebPage\",\"@id\":\"https:\/\/besstem.eu\/de\/serioese-und-faehige-tschechische-handwerker-bei-muenchen-finden\/\",\"url\":\"https:\/\/besstem.eu\/de\/serioese-und-faehige-tschechische-handwerker-bei-muenchen-finden\/\",\"name\":\"Seri\u00f6se und f\u00e4hige, tschechische Handwerker bei M\u00fcnchen finden - BessteM\",\"isPartOf\":{\"@id\":\"https:\/\/besstem.eu\/#website\"},\"datePublished\":\"2023-04-04T15:03:36+00:00\",\"dateModified\":\"2023-04-04T15:04:27+00:00\",\"breadcrumb\":{\"@id\":\"https:\/\/besstem.eu\/de\/serioese-und-faehige-tschechische-handwerker-bei-muenchen-finden\/#breadcrumb\"},\"inLanguage\":\"de\",\"potentialAction\":[{\"@type\":\"ReadAction\",\"target\":[\"https:\/\/besstem.eu\/de\/serioese-und-faehige-tschechische-handwerker-bei-muenchen-finden\/\"]}]},{\"@type\":\"BreadcrumbList\",\"@id\":\"https:\/\/besstem.eu\/de\/serioese-und-faehige-tschechische-handwerker-bei-muenchen-finden\/#breadcrumb\",\"itemListElement\":[{\"@type\":\"ListItem\",\"position\":1,\"name\":\"Dom\u016f\",\"item\":\"https:\/\/besstem.eu\/\"},{\"@type\":\"ListItem\",\"position\":2,\"name\":\"Seri\u00f6se und f\u00e4hige, tschechische Handwerker bei M\u00fcnchen finden\"}]},{\"@type\":\"WebSite\",\"@id\":\"https:\/\/besstem.eu\/#website\",\"url\":\"https:\/\/besstem.eu\/\",\"name\":\"BessteM\",\"description\":\"Personalagentur\",\"potentialAction\":[{\"@type\":\"SearchAction\",\"target\":{\"@type\":\"EntryPoint\",\"urlTemplate\":\"https:\/\/besstem.eu\/?s={search_term_string}\"},\"query-input\":{\"@type\":\"PropertyValueSpecification\",\"valueRequired\":true,\"valueName\":\"search_term_string\"}}],\"inLanguage\":\"de\"}]}<\/script>\n<!-- \/ Yoast SEO plugin. -->","yoast_head_json":{"title":"Seri\u00f6se und f\u00e4hige, tschechische Handwerker bei M\u00fcnchen finden - BessteM","robots":{"index":"index","follow":"follow","max-snippet":"max-snippet:-1","max-image-preview":"max-image-preview:large","max-video-preview":"max-video-preview:-1"},"canonical":"https:\/\/besstem.eu\/de\/serioese-und-faehige-tschechische-handwerker-bei-muenchen-finden\/","og_locale":"de_DE","og_type":"article","og_title":"Seri\u00f6se und f\u00e4hige, tschechische Handwerker bei M\u00fcnchen finden - BessteM","og_description":"Seri\u00f6se und f\u00e4hige, tschechische Handwerker bei M\u00fcnchen finden Die Suche nach f\u00e4higen und bezahlbaren Mitarbeitern ist in Deutschland eine Mammutaufgabe, weshalb sich immer mehr Unternehmen im Osten umschauen. Hier warten viele Arbeiter\/innen, die sich einen Job in Deutschland w\u00fcnschen. Jedoch ist die klassische Findung \u00fcber Jobportale oder die Agentur f\u00fcr Arbeit nicht m\u00f6glich. Wollen Sie [&hellip;]","og_url":"https:\/\/besstem.eu\/de\/serioese-und-faehige-tschechische-handwerker-bei-muenchen-finden\/","og_site_name":"BessteM","article_modified_time":"2023-04-04T15:04:27+00:00","twitter_card":"summary_large_image","twitter_misc":{"Gesch\u00e4tzte Lesezeit":"2\u00a0Minuten"},"schema":{"@context":"https:\/\/schema.org","@graph":[{"@type":"WebPage","@id":"https:\/\/besstem.eu\/de\/serioese-und-faehige-tschechische-handwerker-bei-muenchen-finden\/","url":"https:\/\/besstem.eu\/de\/serioese-und-faehige-tschechische-handwerker-bei-muenchen-finden\/","name":"Seri\u00f6se und f\u00e4hige, tschechische Handwerker bei M\u00fcnchen finden - BessteM","isPartOf":{"@id":"https:\/\/besstem.eu\/#website"},"datePublished":"2023-04-04T15:03:36+00:00","dateModified":"2023-04-04T15:04:27+00:00","breadcrumb":{"@id":"https:\/\/besstem.eu\/de\/serioese-und-faehige-tschechische-handwerker-bei-muenchen-finden\/#breadcrumb"},"inLanguage":"de","potentialAction":[{"@type":"ReadAction","target":["https:\/\/besstem.eu\/de\/serioese-und-faehige-tschechische-handwerker-bei-muenchen-finden\/"]}]},{"@type":"BreadcrumbList","@id":"https:\/\/besstem.eu\/de\/serioese-und-faehige-tschechische-handwerker-bei-muenchen-finden\/#breadcrumb","itemListElement":[{"@type":"ListItem","position":1,"name":"Dom\u016f","item":"https:\/\/besstem.eu\/"},{"@type":"ListItem","position":2,"name":"Seri\u00f6se und f\u00e4hige, tschechische Handwerker bei M\u00fcnchen finden"}]},{"@type":"WebSite","@id":"https:\/\/besstem.eu\/#website","url":"https:\/\/besstem.eu\/","name":"BessteM","description":"Personalagentur","potentialAction":[{"@type":"SearchAction","target":{"@type":"EntryPoint","urlTemplate":"https:\/\/besstem.eu\/?s={search_term_string}"},"query-input":{"@type":"PropertyValueSpecification","valueRequired":true,"valueName":"search_term_string"}}],"inLanguage":"de"}]}},"_links":{"self":[{"href":"https:\/\/besstem.eu\/de\/wp-json\/wp\/v2\/pages\/3268","targetHints":{"allow":["GET"]}}],"collection":[{"href":"https:\/\/besstem.eu\/de\/wp-json\/wp\/v2\/pages"}],"about":[{"href":"https:\/\/besstem.eu\/de\/wp-json\/wp\/v2\/types\/page"}],"author":[{"embeddable":true,"href":"https:\/\/besstem.eu\/de\/wp-json\/wp\/v2\/users\/1"}],"replies":[{"embeddable":true,"href":"https:\/\/besstem.eu\/de\/wp-json\/wp\/v2\/comments?post=3268"}],"version-history":[{"count":1,"href":"https:\/\/besstem.eu\/de\/wp-json\/wp\/v2\/pages\/3268\/revisions"}],"predecessor-version":[{"id":3269,"href":"https:\/\/besstem.eu\/de\/wp-json\/wp\/v2\/pages\/3268\/revisions\/3269"}],"wp:attachment":[{"href":"https:\/\/besstem.eu\/de\/wp-json\/wp\/v2\/media?parent=3268"}],"curies":[{"name":"wp","href":"https:\/\/api.w.org\/{rel}","templated":true}]}}