{"id":3266,"date":"2023-04-04T16:01:55","date_gmt":"2023-04-04T15:01:55","guid":{"rendered":"https:\/\/besstem.eu\/?page_id=3266"},"modified":"2023-04-04T16:01:55","modified_gmt":"2023-04-04T15:01:55","slug":"tschechische-handwerker-nahe-hannover-magdalena-gotzmann-personalagentur-besstem","status":"publish","type":"page","link":"https:\/\/besstem.eu\/de\/tschechische-handwerker-nahe-hannover-magdalena-gotzmann-personalagentur-besstem\/","title":{"rendered":"Tschechische Handwerker nahe Hannover &#8211; Magdalena Gotzmann Personalagentur BESSTEM"},"content":{"rendered":"<h2><strong>Tschechische Handwerker nahe Hannover &#8211; Magdalena Gotzmann Personalagentur BESSTEM<\/strong><\/h2>\n<p>Wer tschechische Handwerker nahe Hannover sucht, kann sich gerne an die Magdalena Gotzmann Personalagentur BESSTEM wenden und dort eine spezielle Anfrage stellen. Hier haben Sie es mit einer erfahrenen Personalagentur zu tun, welche explizit auf die W\u00fcnsche und Anspr\u00fcche ihrer Kunden eingeht und sich daf\u00fcr auch gerne Zeit nimmt. Dabei ist es ganz gleich, ob Sie Arbeitnehmer oder Arbeitgeber sind, denn ein Besuch bei der Magdalena Gotzmann Personalagentur BESSTEM oder der Personalwebsite lohnt sich garantiert in jedem Fall. Mitunter ist es n\u00e4mlich auch f\u00fcr fachlich ausgebildete Mitarbeiter gar nicht immer so einfach, den passenden Job zu finden. Mit den Unternehmen verh\u00e4lt es sich ebenso, denn viele Personalchefs haben schlichtweg nicht die Zeit, sich um das Projekt zu k\u00fcmmern, einen guten und kompetenten Mitarbeiter ausfindig zu machen. Immerhin gilt es nicht nur, zahlreiche Bewerbungen durchzusehen, sondern auch Bewerbungsgespr\u00e4che zu f\u00fchren. Da ist es mehr als praktisch, wenn bereits eine effektive Vorauswahl jener Kandidaten getroffen wurden, welche f\u00fcr die zu besetzende Stelle infrage kommen. Haben Sie Fragen, ob als potenzieller Arbeitnehmer oder Arbeitgeber, melden Sie sich gerne und lassen sich bez\u00fcglich der Stellen und Fachkr\u00e4fte informieren.<\/p>\n<p>&nbsp;<\/p>\n<h2><strong>Vermittlung von nachweislich qualifizierten Arbeitskr\u00e4ften<\/strong><\/h2>\n<p>Generell geht es um die Vermittlung von Mitarbeitern aus der Europ\u00e4ischen Union, wobei der Fokus auf polnische sowie tschechische Arbeitskr\u00e4fte bzw. tschechische Handwerker bei Hannover liegt. Von Belangen ist dieses Thema vor allem auch deshalb in Anbetracht des aktuellen Mangels an Fachkr\u00e4ften. Davon ist der Arbeitsmarkt in Deutschland betroffen und ein ausgebildeter Handwerker daher immer gefragt. Informativ ist in diesem Zusammenhang sicherlich auch die Tatsache, dass die Qualifikationen bez\u00fcglich der Ausbildungen in Polen und Deutschland nahezu gleich sind, wobei das auch f\u00fcr Tschechien gilt. Geht es also darum, ein handwerklich hohes Niveau anzustreben, sind Sie mit solchen Arbeitskr\u00e4ften optimal beraten. Wenn Sie Ihr Team aufstocken m\u00f6chten, wenden Sie sich gerne an die Personalmitarbeiter, welche f\u00fcr Sie die besten Mitarbeiter aus Polen, der Slowakei oder Tschechien aussuchen und diese dann erfolgreich vermitteln k\u00f6nnen. Das gibt Ihnen als Unternehmer bzw. Personalchef die M\u00f6glichkeit, sich auf Ihr Kerngesch\u00e4ft zu konzentrieren. Mit der Hilfe von Datenbanken stellt das kein Problem dar und wer mag, kann sich zun\u00e4chst auch gerne auf ein Praktikum einigen. F\u00fcr den jeweiligen Datenschutz ist nat\u00fcrlich gesorgt, sodass s\u00e4mtliche Daten effektiv gesch\u00fctzt und abgesichert gespeichert sind. Setzen Sie sich gerne mit Magdalena Gotzmann Personalagentur BESSTEM in Verbindung, um sich konkret beraten zu lassen.<\/p>\n","protected":false},"excerpt":{"rendered":"<p>Tschechische Handwerker nahe Hannover &#8211; Magdalena Gotzmann Personalagentur BESSTEM Wer tschechische Handwerker nahe Hannover sucht, kann sich gerne an die Magdalena Gotzmann Personalagentur BESSTEM wenden und dort eine spezielle Anfrage stellen. Hier haben Sie es mit einer erfahrenen Personalagentur zu tun, welche explizit auf die W\u00fcnsche und Anspr\u00fcche ihrer Kunden eingeht und sich daf\u00fcr auch [&hellip;]<\/p>\n","protected":false},"author":1,"featured_media":0,"parent":0,"menu_order":0,"comment_status":"closed","ping_status":"closed","template":"","meta":{"footnotes":""},"class_list":["post-3266","page","type-page","status-publish","hentry"],"yoast_head":"<!-- This site is optimized with the Yoast SEO plugin v26.8 - https:\/\/yoast.com\/product\/yoast-seo-wordpress\/ -->\n<title>Tschechische Handwerker nahe Hannover - Magdalena Gotzmann Personalagentur BESSTEM - BessteM<\/title>\n<meta name=\"robots\" content=\"index, follow, max-snippet:-1, max-image-preview:large, max-video-preview:-1\" \/>\n<link rel=\"canonical\" href=\"https:\/\/besstem.eu\/de\/tschechische-handwerker-nahe-hannover-magdalena-gotzmann-personalagentur-besstem\/\" \/>\n<meta property=\"og:locale\" content=\"de_DE\" \/>\n<meta property=\"og:type\" content=\"article\" \/>\n<meta property=\"og:title\" content=\"Tschechische Handwerker nahe Hannover - Magdalena Gotzmann Personalagentur BESSTEM - BessteM\" \/>\n<meta property=\"og:description\" content=\"Tschechische Handwerker nahe Hannover &#8211; Magdalena Gotzmann Personalagentur BESSTEM Wer tschechische Handwerker nahe Hannover sucht, kann sich gerne an die Magdalena Gotzmann Personalagentur BESSTEM wenden und dort eine spezielle Anfrage stellen. Hier haben Sie es mit einer erfahrenen Personalagentur zu tun, welche explizit auf die W\u00fcnsche und Anspr\u00fcche ihrer Kunden eingeht und sich daf\u00fcr auch [&hellip;]\" \/>\n<meta property=\"og:url\" content=\"https:\/\/besstem.eu\/de\/tschechische-handwerker-nahe-hannover-magdalena-gotzmann-personalagentur-besstem\/\" \/>\n<meta property=\"og:site_name\" content=\"BessteM\" \/>\n<meta name=\"twitter:card\" content=\"summary_large_image\" \/>\n<meta name=\"twitter:label1\" content=\"Gesch\u00e4tzte Lesezeit\" \/>\n\t<meta name=\"twitter:data1\" content=\"2\u00a0Minuten\" \/>\n<script type=\"application\/ld+json\" class=\"yoast-schema-graph\">{\"@context\":\"https:\/\/schema.org\",\"@graph\":[{\"@type\":\"WebPage\",\"@id\":\"https:\/\/besstem.eu\/de\/tschechische-handwerker-nahe-hannover-magdalena-gotzmann-personalagentur-besstem\/\",\"url\":\"https:\/\/besstem.eu\/de\/tschechische-handwerker-nahe-hannover-magdalena-gotzmann-personalagentur-besstem\/\",\"name\":\"Tschechische Handwerker nahe Hannover - Magdalena Gotzmann Personalagentur BESSTEM - BessteM\",\"isPartOf\":{\"@id\":\"https:\/\/besstem.eu\/#website\"},\"datePublished\":\"2023-04-04T15:01:55+00:00\",\"breadcrumb\":{\"@id\":\"https:\/\/besstem.eu\/de\/tschechische-handwerker-nahe-hannover-magdalena-gotzmann-personalagentur-besstem\/#breadcrumb\"},\"inLanguage\":\"de\",\"potentialAction\":[{\"@type\":\"ReadAction\",\"target\":[\"https:\/\/besstem.eu\/de\/tschechische-handwerker-nahe-hannover-magdalena-gotzmann-personalagentur-besstem\/\"]}]},{\"@type\":\"BreadcrumbList\",\"@id\":\"https:\/\/besstem.eu\/de\/tschechische-handwerker-nahe-hannover-magdalena-gotzmann-personalagentur-besstem\/#breadcrumb\",\"itemListElement\":[{\"@type\":\"ListItem\",\"position\":1,\"name\":\"Dom\u016f\",\"item\":\"https:\/\/besstem.eu\/\"},{\"@type\":\"ListItem\",\"position\":2,\"name\":\"Tschechische Handwerker nahe Hannover &#8211; Magdalena Gotzmann Personalagentur BESSTEM\"}]},{\"@type\":\"WebSite\",\"@id\":\"https:\/\/besstem.eu\/#website\",\"url\":\"https:\/\/besstem.eu\/\",\"name\":\"BessteM\",\"description\":\"Personalagentur\",\"potentialAction\":[{\"@type\":\"SearchAction\",\"target\":{\"@type\":\"EntryPoint\",\"urlTemplate\":\"https:\/\/besstem.eu\/?s={search_term_string}\"},\"query-input\":{\"@type\":\"PropertyValueSpecification\",\"valueRequired\":true,\"valueName\":\"search_term_string\"}}],\"inLanguage\":\"de\"}]}<\/script>\n<!-- \/ Yoast SEO plugin. -->","yoast_head_json":{"title":"Tschechische Handwerker nahe Hannover - Magdalena Gotzmann Personalagentur BESSTEM - BessteM","robots":{"index":"index","follow":"follow","max-snippet":"max-snippet:-1","max-image-preview":"max-image-preview:large","max-video-preview":"max-video-preview:-1"},"canonical":"https:\/\/besstem.eu\/de\/tschechische-handwerker-nahe-hannover-magdalena-gotzmann-personalagentur-besstem\/","og_locale":"de_DE","og_type":"article","og_title":"Tschechische Handwerker nahe Hannover - Magdalena Gotzmann Personalagentur BESSTEM - BessteM","og_description":"Tschechische Handwerker nahe Hannover &#8211; Magdalena Gotzmann Personalagentur BESSTEM Wer tschechische Handwerker nahe Hannover sucht, kann sich gerne an die Magdalena Gotzmann Personalagentur BESSTEM wenden und dort eine spezielle Anfrage stellen. Hier haben Sie es mit einer erfahrenen Personalagentur zu tun, welche explizit auf die W\u00fcnsche und Anspr\u00fcche ihrer Kunden eingeht und sich daf\u00fcr auch [&hellip;]","og_url":"https:\/\/besstem.eu\/de\/tschechische-handwerker-nahe-hannover-magdalena-gotzmann-personalagentur-besstem\/","og_site_name":"BessteM","twitter_card":"summary_large_image","twitter_misc":{"Gesch\u00e4tzte Lesezeit":"2\u00a0Minuten"},"schema":{"@context":"https:\/\/schema.org","@graph":[{"@type":"WebPage","@id":"https:\/\/besstem.eu\/de\/tschechische-handwerker-nahe-hannover-magdalena-gotzmann-personalagentur-besstem\/","url":"https:\/\/besstem.eu\/de\/tschechische-handwerker-nahe-hannover-magdalena-gotzmann-personalagentur-besstem\/","name":"Tschechische Handwerker nahe Hannover - Magdalena Gotzmann Personalagentur BESSTEM - BessteM","isPartOf":{"@id":"https:\/\/besstem.eu\/#website"},"datePublished":"2023-04-04T15:01:55+00:00","breadcrumb":{"@id":"https:\/\/besstem.eu\/de\/tschechische-handwerker-nahe-hannover-magdalena-gotzmann-personalagentur-besstem\/#breadcrumb"},"inLanguage":"de","potentialAction":[{"@type":"ReadAction","target":["https:\/\/besstem.eu\/de\/tschechische-handwerker-nahe-hannover-magdalena-gotzmann-personalagentur-besstem\/"]}]},{"@type":"BreadcrumbList","@id":"https:\/\/besstem.eu\/de\/tschechische-handwerker-nahe-hannover-magdalena-gotzmann-personalagentur-besstem\/#breadcrumb","itemListElement":[{"@type":"ListItem","position":1,"name":"Dom\u016f","item":"https:\/\/besstem.eu\/"},{"@type":"ListItem","position":2,"name":"Tschechische Handwerker nahe Hannover &#8211; Magdalena Gotzmann Personalagentur BESSTEM"}]},{"@type":"WebSite","@id":"https:\/\/besstem.eu\/#website","url":"https:\/\/besstem.eu\/","name":"BessteM","description":"Personalagentur","potentialAction":[{"@type":"SearchAction","target":{"@type":"EntryPoint","urlTemplate":"https:\/\/besstem.eu\/?s={search_term_string}"},"query-input":{"@type":"PropertyValueSpecification","valueRequired":true,"valueName":"search_term_string"}}],"inLanguage":"de"}]}},"_links":{"self":[{"href":"https:\/\/besstem.eu\/de\/wp-json\/wp\/v2\/pages\/3266","targetHints":{"allow":["GET"]}}],"collection":[{"href":"https:\/\/besstem.eu\/de\/wp-json\/wp\/v2\/pages"}],"about":[{"href":"https:\/\/besstem.eu\/de\/wp-json\/wp\/v2\/types\/page"}],"author":[{"embeddable":true,"href":"https:\/\/besstem.eu\/de\/wp-json\/wp\/v2\/users\/1"}],"replies":[{"embeddable":true,"href":"https:\/\/besstem.eu\/de\/wp-json\/wp\/v2\/comments?post=3266"}],"version-history":[{"count":1,"href":"https:\/\/besstem.eu\/de\/wp-json\/wp\/v2\/pages\/3266\/revisions"}],"predecessor-version":[{"id":3267,"href":"https:\/\/besstem.eu\/de\/wp-json\/wp\/v2\/pages\/3266\/revisions\/3267"}],"wp:attachment":[{"href":"https:\/\/besstem.eu\/de\/wp-json\/wp\/v2\/media?parent=3266"}],"curies":[{"name":"wp","href":"https:\/\/api.w.org\/{rel}","templated":true}]}}