{"id":3264,"date":"2023-04-04T16:00:01","date_gmt":"2023-04-04T15:00:01","guid":{"rendered":"https:\/\/besstem.eu\/?page_id=3264"},"modified":"2023-04-04T16:10:18","modified_gmt":"2023-04-04T15:10:18","slug":"tschechische-handwerker-nahe-hamburg-magdalena-gotzmann-personalagentur-besstem","status":"publish","type":"page","link":"https:\/\/besstem.eu\/de\/tschechische-handwerker-nahe-hamburg-magdalena-gotzmann-personalagentur-besstem\/","title":{"rendered":"Tschechische Handwerker nahe Hamburg &#8211; Magdalena Gotzmann Personalagentur BESSTEM"},"content":{"rendered":"<h2><strong>Tschechische Handwerker nahe Hamburg &#8211; Magdalena Gotzmann Personalagentur BESSTEM<\/strong><\/h2>\n<p>Sie m\u00f6chten Ihr Team aufstocken und suchen zu diesem Zweck tschechische Handwerker nahe Hamburg? Bei diesem Anliegen hilft Ihnen die Magdalena Gotzmann Personalagentur BESSTEM gerne weiter. Schildern Sie einfach Ihr Projekt bzw. Ihren Bedarf an kompetenten und geschulten Handwerkern und die Personalagentur wird genau die passenden Mitarbeiter an Sie vermitteln. Damit delegieren Sie effektiv die Suche nach den f\u00fcr Sie besten Mitarbeitern, wissend, dass dieses Projekt in der Regel viel Zeit in Anspruch nimmt. Zeit, die die meisten Unternehmer, Projektleiter und Co. logischerweise lieber in ihre Projekte stecken. Da die Magdalena Gotzmann Personalagentur BESSTEM \u00fcber eine umfangreiche Datenbank infrage kommender Fachkr\u00e4fte verf\u00fcgt, stellt es kein Problem dar, f\u00fcr die verschiedensten Bauprojekte die passenden Fachkr\u00e4fte und speziell optimal ausgebildete tschechische Handwerker bei Hamburg zu vermitteln. Sie sind selbstverst\u00e4ndlich nicht nur als potenzieller Arbeitgeber bei der Personalagentur eingeladen, sondern auch als Fachkraft, um sich in die Datenbank eintragen zu lassen. Schauen Sie sich auch gerne die Personalvermittlungs-Website an, um noch konkretere Ausk\u00fcnfte zu erhalten, wobei dort auch s\u00e4mtlichen relevanten Kontaktdaten der Agentur vorzufinden sind.<\/p>\n<p>&nbsp;<\/p>\n<h2><strong>Zeit sparen und Personalagentur f\u00fcr sich aktiv werden lassen<\/strong><\/h2>\n<p>Als potenzieller Arbeitnehmer profitieren Sie enorm davon, in die Datenbank der Agentur aufgenommen zu werden, denn hier melden sich immer wieder passende Auftraggeber, welche genau Sie und Ihre Leistungen suchen. Auch als Projektleiter und Unternehmer ziehen Sie gro\u00dfe Vorteile aus dieser umfassend best\u00fcckten Datenbank, denn dank dieser Methode findet sich der passende Mitarbeiter nicht nur recht z\u00fcgig, sondern auch unkompliziert. Die t\u00e4gliche Arbeit in einem Unternehmen oder auf der Baustelle nimmt so viel Zeit in Anspruch und verlangt volle Aufmerksamkeit. Daher entscheiden sich immer mehr Verantwortliche, eine Personalagentur in Anspruch zu nehmen. Die Magdalena Gotzmann Personalagentur hat sich dabei auf die Vermittlung von Fachkr\u00e4ften spezialisiert, welche aus der Europ\u00e4ischen Union kommen. Das macht das Bewerbungsverfahren umso effektiver, denn die beruflichen Qualifikationen und Ausbildungsniveaus der deutschen und der tschechischen und polnischen Arbeitskr\u00e4fte \u00e4hneln sich sehr stark. Aufgrund des Fachkr\u00e4ftemangels in Deutschland ist das Angebot nach Fachkr\u00e4ften grunds\u00e4tzlich gestiegen und genau hier kommt das Angebot der Magdalena Gotzmann Personalagentur BESSTEM zum Tragen. Beide Seiten profitieren von einer solchen Agentur und beide Seiten haben auch zeit- und energietechnisch viel Aufwand gespart. Jetzt gerne Kontakt aufnehmen und die passenden Arbeitskr\u00e4fte bzw. die passende Stelle finden.<\/p>\n","protected":false},"excerpt":{"rendered":"<p>Tschechische Handwerker nahe Hamburg &#8211; Magdalena Gotzmann Personalagentur BESSTEM Sie m\u00f6chten Ihr Team aufstocken und suchen zu diesem Zweck tschechische Handwerker nahe Hamburg? Bei diesem Anliegen hilft Ihnen die Magdalena Gotzmann Personalagentur BESSTEM gerne weiter. Schildern Sie einfach Ihr Projekt bzw. Ihren Bedarf an kompetenten und geschulten Handwerkern und die Personalagentur wird genau die passenden [&hellip;]<\/p>\n","protected":false},"author":1,"featured_media":0,"parent":0,"menu_order":0,"comment_status":"closed","ping_status":"closed","template":"","meta":{"footnotes":""},"class_list":["post-3264","page","type-page","status-publish","hentry"],"yoast_head":"<!-- This site is optimized with the Yoast SEO plugin v26.8 - https:\/\/yoast.com\/product\/yoast-seo-wordpress\/ -->\n<title>Tschechische Handwerker nahe Hamburg - Magdalena Gotzmann Personalagentur BESSTEM - BessteM<\/title>\n<meta name=\"robots\" content=\"index, follow, max-snippet:-1, max-image-preview:large, max-video-preview:-1\" \/>\n<link rel=\"canonical\" href=\"https:\/\/besstem.eu\/tschechische-handwerker-nahe-hamburg-magdalena-gotzmann-personalagentur-besstem\/\" \/>\n<meta property=\"og:locale\" content=\"de_DE\" \/>\n<meta property=\"og:type\" content=\"article\" \/>\n<meta property=\"og:title\" content=\"Tschechische Handwerker nahe Hamburg - Magdalena Gotzmann Personalagentur BESSTEM - BessteM\" \/>\n<meta property=\"og:description\" content=\"Tschechische Handwerker nahe Hamburg &#8211; Magdalena Gotzmann Personalagentur BESSTEM Sie m\u00f6chten Ihr Team aufstocken und suchen zu diesem Zweck tschechische Handwerker nahe Hamburg? Bei diesem Anliegen hilft Ihnen die Magdalena Gotzmann Personalagentur BESSTEM gerne weiter. Schildern Sie einfach Ihr Projekt bzw. Ihren Bedarf an kompetenten und geschulten Handwerkern und die Personalagentur wird genau die passenden [&hellip;]\" \/>\n<meta property=\"og:url\" content=\"https:\/\/besstem.eu\/tschechische-handwerker-nahe-hamburg-magdalena-gotzmann-personalagentur-besstem\/\" \/>\n<meta property=\"og:site_name\" content=\"BessteM\" \/>\n<meta property=\"article:modified_time\" content=\"2023-04-04T15:10:18+00:00\" \/>\n<meta name=\"twitter:card\" content=\"summary_large_image\" \/>\n<meta name=\"twitter:label1\" content=\"Gesch\u00e4tzte Lesezeit\" \/>\n\t<meta name=\"twitter:data1\" content=\"2\u00a0Minuten\" \/>\n<script type=\"application\/ld+json\" class=\"yoast-schema-graph\">{\"@context\":\"https:\/\/schema.org\",\"@graph\":[{\"@type\":\"WebPage\",\"@id\":\"https:\/\/besstem.eu\/tschechische-handwerker-nahe-hamburg-magdalena-gotzmann-personalagentur-besstem\/\",\"url\":\"https:\/\/besstem.eu\/tschechische-handwerker-nahe-hamburg-magdalena-gotzmann-personalagentur-besstem\/\",\"name\":\"Tschechische Handwerker nahe Hamburg - Magdalena Gotzmann Personalagentur BESSTEM - BessteM\",\"isPartOf\":{\"@id\":\"https:\/\/besstem.eu\/#website\"},\"datePublished\":\"2023-04-04T15:00:01+00:00\",\"dateModified\":\"2023-04-04T15:10:18+00:00\",\"breadcrumb\":{\"@id\":\"https:\/\/besstem.eu\/tschechische-handwerker-nahe-hamburg-magdalena-gotzmann-personalagentur-besstem\/#breadcrumb\"},\"inLanguage\":\"de\",\"potentialAction\":[{\"@type\":\"ReadAction\",\"target\":[\"https:\/\/besstem.eu\/tschechische-handwerker-nahe-hamburg-magdalena-gotzmann-personalagentur-besstem\/\"]}]},{\"@type\":\"BreadcrumbList\",\"@id\":\"https:\/\/besstem.eu\/tschechische-handwerker-nahe-hamburg-magdalena-gotzmann-personalagentur-besstem\/#breadcrumb\",\"itemListElement\":[{\"@type\":\"ListItem\",\"position\":1,\"name\":\"Dom\u016f\",\"item\":\"https:\/\/besstem.eu\/\"},{\"@type\":\"ListItem\",\"position\":2,\"name\":\"Tschechische Handwerker nahe Hamburg &#8211; Magdalena Gotzmann Personalagentur BESSTEM\"}]},{\"@type\":\"WebSite\",\"@id\":\"https:\/\/besstem.eu\/#website\",\"url\":\"https:\/\/besstem.eu\/\",\"name\":\"BessteM\",\"description\":\"Personalagentur\",\"potentialAction\":[{\"@type\":\"SearchAction\",\"target\":{\"@type\":\"EntryPoint\",\"urlTemplate\":\"https:\/\/besstem.eu\/?s={search_term_string}\"},\"query-input\":{\"@type\":\"PropertyValueSpecification\",\"valueRequired\":true,\"valueName\":\"search_term_string\"}}],\"inLanguage\":\"de\"}]}<\/script>\n<!-- \/ Yoast SEO plugin. -->","yoast_head_json":{"title":"Tschechische Handwerker nahe Hamburg - Magdalena Gotzmann Personalagentur BESSTEM - BessteM","robots":{"index":"index","follow":"follow","max-snippet":"max-snippet:-1","max-image-preview":"max-image-preview:large","max-video-preview":"max-video-preview:-1"},"canonical":"https:\/\/besstem.eu\/tschechische-handwerker-nahe-hamburg-magdalena-gotzmann-personalagentur-besstem\/","og_locale":"de_DE","og_type":"article","og_title":"Tschechische Handwerker nahe Hamburg - Magdalena Gotzmann Personalagentur BESSTEM - BessteM","og_description":"Tschechische Handwerker nahe Hamburg &#8211; Magdalena Gotzmann Personalagentur BESSTEM Sie m\u00f6chten Ihr Team aufstocken und suchen zu diesem Zweck tschechische Handwerker nahe Hamburg? Bei diesem Anliegen hilft Ihnen die Magdalena Gotzmann Personalagentur BESSTEM gerne weiter. Schildern Sie einfach Ihr Projekt bzw. Ihren Bedarf an kompetenten und geschulten Handwerkern und die Personalagentur wird genau die passenden [&hellip;]","og_url":"https:\/\/besstem.eu\/tschechische-handwerker-nahe-hamburg-magdalena-gotzmann-personalagentur-besstem\/","og_site_name":"BessteM","article_modified_time":"2023-04-04T15:10:18+00:00","twitter_card":"summary_large_image","twitter_misc":{"Gesch\u00e4tzte Lesezeit":"2\u00a0Minuten"},"schema":{"@context":"https:\/\/schema.org","@graph":[{"@type":"WebPage","@id":"https:\/\/besstem.eu\/tschechische-handwerker-nahe-hamburg-magdalena-gotzmann-personalagentur-besstem\/","url":"https:\/\/besstem.eu\/tschechische-handwerker-nahe-hamburg-magdalena-gotzmann-personalagentur-besstem\/","name":"Tschechische Handwerker nahe Hamburg - Magdalena Gotzmann Personalagentur BESSTEM - BessteM","isPartOf":{"@id":"https:\/\/besstem.eu\/#website"},"datePublished":"2023-04-04T15:00:01+00:00","dateModified":"2023-04-04T15:10:18+00:00","breadcrumb":{"@id":"https:\/\/besstem.eu\/tschechische-handwerker-nahe-hamburg-magdalena-gotzmann-personalagentur-besstem\/#breadcrumb"},"inLanguage":"de","potentialAction":[{"@type":"ReadAction","target":["https:\/\/besstem.eu\/tschechische-handwerker-nahe-hamburg-magdalena-gotzmann-personalagentur-besstem\/"]}]},{"@type":"BreadcrumbList","@id":"https:\/\/besstem.eu\/tschechische-handwerker-nahe-hamburg-magdalena-gotzmann-personalagentur-besstem\/#breadcrumb","itemListElement":[{"@type":"ListItem","position":1,"name":"Dom\u016f","item":"https:\/\/besstem.eu\/"},{"@type":"ListItem","position":2,"name":"Tschechische Handwerker nahe Hamburg &#8211; Magdalena Gotzmann Personalagentur BESSTEM"}]},{"@type":"WebSite","@id":"https:\/\/besstem.eu\/#website","url":"https:\/\/besstem.eu\/","name":"BessteM","description":"Personalagentur","potentialAction":[{"@type":"SearchAction","target":{"@type":"EntryPoint","urlTemplate":"https:\/\/besstem.eu\/?s={search_term_string}"},"query-input":{"@type":"PropertyValueSpecification","valueRequired":true,"valueName":"search_term_string"}}],"inLanguage":"de"}]}},"_links":{"self":[{"href":"https:\/\/besstem.eu\/de\/wp-json\/wp\/v2\/pages\/3264","targetHints":{"allow":["GET"]}}],"collection":[{"href":"https:\/\/besstem.eu\/de\/wp-json\/wp\/v2\/pages"}],"about":[{"href":"https:\/\/besstem.eu\/de\/wp-json\/wp\/v2\/types\/page"}],"author":[{"embeddable":true,"href":"https:\/\/besstem.eu\/de\/wp-json\/wp\/v2\/users\/1"}],"replies":[{"embeddable":true,"href":"https:\/\/besstem.eu\/de\/wp-json\/wp\/v2\/comments?post=3264"}],"version-history":[{"count":2,"href":"https:\/\/besstem.eu\/de\/wp-json\/wp\/v2\/pages\/3264\/revisions"}],"predecessor-version":[{"id":3274,"href":"https:\/\/besstem.eu\/de\/wp-json\/wp\/v2\/pages\/3264\/revisions\/3274"}],"wp:attachment":[{"href":"https:\/\/besstem.eu\/de\/wp-json\/wp\/v2\/media?parent=3264"}],"curies":[{"name":"wp","href":"https:\/\/api.w.org\/{rel}","templated":true}]}}