{"id":3052,"date":"2022-12-16T10:44:59","date_gmt":"2022-12-16T09:44:59","guid":{"rendered":"https:\/\/besstem.eu\/?page_id=3052"},"modified":"2025-01-08T19:41:44","modified_gmt":"2025-01-08T18:41:44","slug":"pracovni-zakazky-v-nemecku-a-rakousku","status":"publish","type":"page","link":"https:\/\/besstem.eu\/de\/pracovni-zakazky-v-nemecku-a-rakousku\/","title":{"rendered":"(\u010ce\u0161tina) Pracovn\u00ed zak\u00e1zky"},"content":{"rendered":"<p class=\"qtranxs-available-languages-message qtranxs-available-languages-message-de\">Leider ist der Eintrag nur auf <a href=\"https:\/\/besstem.eu\/cs\/wp-json\/wp\/v2\/pages\/3052\" class=\"qtranxs-available-language-link qtranxs-available-language-link-cs\" title=\"\u010ce\u0161tina\">\u010ce\u0161tina<\/a> verf\u00fcgbar.<\/p>","protected":false},"excerpt":{"rendered":"<p>Leider ist der Eintrag nur auf \u010ce\u0161tina verf\u00fcgbar.<\/p>\n","protected":false},"author":1,"featured_media":0,"parent":0,"menu_order":0,"comment_status":"closed","ping_status":"closed","template":"","meta":{"footnotes":""},"class_list":["post-3052","page","type-page","status-publish","hentry"],"yoast_head":"<!-- This site is optimized with the Yoast SEO plugin v26.8 - https:\/\/yoast.com\/product\/yoast-seo-wordpress\/ -->\n<title>Pracovn\u00ed zak\u00e1zky v N\u011bmecku a Rakousku | BessteM<\/title>\n<meta name=\"description\" content=\"Soust\u0159ed\u00edme se na pracovn\u00ed zak\u00e1zky v N\u011bmecku a Rakousku. Disponujeme t\u00fdmem zku\u0161en\u00fdch personalist\u016f, kte\u0159\u00ed se postaraj\u00ed o Va\u0161\u00ed spokojenost.\" \/>\n<meta name=\"robots\" content=\"index, follow, max-snippet:-1, max-image-preview:large, max-video-preview:-1\" \/>\n<link rel=\"canonical\" href=\"https:\/\/besstem.eu\/pracovni-zakazky-v-nemecku-a-rakousku\/\" \/>\n<meta property=\"og:locale\" content=\"de_DE\" \/>\n<meta property=\"og:type\" content=\"article\" \/>\n<meta property=\"og:title\" content=\"Pracovn\u00ed zak\u00e1zky v N\u011bmecku a Rakousku | BessteM\" \/>\n<meta property=\"og:description\" content=\"Soust\u0159ed\u00edme se na pracovn\u00ed zak\u00e1zky v N\u011bmecku a Rakousku. Disponujeme t\u00fdmem zku\u0161en\u00fdch personalist\u016f, kte\u0159\u00ed se postaraj\u00ed o Va\u0161\u00ed spokojenost.\" \/>\n<meta property=\"og:url\" content=\"https:\/\/besstem.eu\/pracovni-zakazky-v-nemecku-a-rakousku\/\" \/>\n<meta property=\"og:site_name\" content=\"BessteM\" \/>\n<meta property=\"article:modified_time\" content=\"2025-01-08T18:41:44+00:00\" \/>\n<meta property=\"og:image\" content=\"http:\/\/besstem.eu\/wp-content\/uploads\/craftsmen-3094035_960_720.png\" \/>\n<meta name=\"twitter:card\" content=\"summary_large_image\" \/>\n<meta name=\"twitter:label1\" content=\"Gesch\u00e4tzte Lesezeit\" \/>\n\t<meta name=\"twitter:data1\" content=\"1\u00a0Minute\" \/>\n<script type=\"application\/ld+json\" class=\"yoast-schema-graph\">{\"@context\":\"https:\/\/schema.org\",\"@graph\":[{\"@type\":\"WebPage\",\"@id\":\"https:\/\/besstem.eu\/pracovni-zakazky-v-nemecku-a-rakousku\/\",\"url\":\"https:\/\/besstem.eu\/pracovni-zakazky-v-nemecku-a-rakousku\/\",\"name\":\"Pracovn\u00ed zak\u00e1zky v N\u011bmecku a Rakousku | BessteM\",\"isPartOf\":{\"@id\":\"https:\/\/besstem.eu\/#website\"},\"primaryImageOfPage\":{\"@id\":\"https:\/\/besstem.eu\/pracovni-zakazky-v-nemecku-a-rakousku\/#primaryimage\"},\"image\":{\"@id\":\"https:\/\/besstem.eu\/pracovni-zakazky-v-nemecku-a-rakousku\/#primaryimage\"},\"thumbnailUrl\":\"http:\/\/besstem.eu\/wp-content\/uploads\/craftsmen-3094035_960_720.png\",\"datePublished\":\"2022-12-16T09:44:59+00:00\",\"dateModified\":\"2025-01-08T18:41:44+00:00\",\"description\":\"Soust\u0159ed\u00edme se na pracovn\u00ed zak\u00e1zky v N\u011bmecku a Rakousku. Disponujeme t\u00fdmem zku\u0161en\u00fdch personalist\u016f, kte\u0159\u00ed se postaraj\u00ed o Va\u0161\u00ed spokojenost.\",\"breadcrumb\":{\"@id\":\"https:\/\/besstem.eu\/pracovni-zakazky-v-nemecku-a-rakousku\/#breadcrumb\"},\"inLanguage\":\"de\",\"potentialAction\":[{\"@type\":\"ReadAction\",\"target\":[\"https:\/\/besstem.eu\/pracovni-zakazky-v-nemecku-a-rakousku\/\"]}]},{\"@type\":\"ImageObject\",\"inLanguage\":\"de\",\"@id\":\"https:\/\/besstem.eu\/pracovni-zakazky-v-nemecku-a-rakousku\/#primaryimage\",\"url\":\"http:\/\/besstem.eu\/wp-content\/uploads\/craftsmen-3094035_960_720.png\",\"contentUrl\":\"http:\/\/besstem.eu\/wp-content\/uploads\/craftsmen-3094035_960_720.png\"},{\"@type\":\"BreadcrumbList\",\"@id\":\"https:\/\/besstem.eu\/pracovni-zakazky-v-nemecku-a-rakousku\/#breadcrumb\",\"itemListElement\":[{\"@type\":\"ListItem\",\"position\":1,\"name\":\"Dom\u016f\",\"item\":\"https:\/\/besstem.eu\/\"},{\"@type\":\"ListItem\",\"position\":2,\"name\":\"Pracovn\u00ed zak\u00e1zky\"}]},{\"@type\":\"WebSite\",\"@id\":\"https:\/\/besstem.eu\/#website\",\"url\":\"https:\/\/besstem.eu\/\",\"name\":\"BessteM\",\"description\":\"Personalagentur\",\"potentialAction\":[{\"@type\":\"SearchAction\",\"target\":{\"@type\":\"EntryPoint\",\"urlTemplate\":\"https:\/\/besstem.eu\/?s={search_term_string}\"},\"query-input\":{\"@type\":\"PropertyValueSpecification\",\"valueRequired\":true,\"valueName\":\"search_term_string\"}}],\"inLanguage\":\"de\"}]}<\/script>\n<!-- \/ Yoast SEO plugin. -->","yoast_head_json":{"title":"Pracovn\u00ed zak\u00e1zky v N\u011bmecku a Rakousku | BessteM","description":"Soust\u0159ed\u00edme se na pracovn\u00ed zak\u00e1zky v N\u011bmecku a Rakousku. Disponujeme t\u00fdmem zku\u0161en\u00fdch personalist\u016f, kte\u0159\u00ed se postaraj\u00ed o Va\u0161\u00ed spokojenost.","robots":{"index":"index","follow":"follow","max-snippet":"max-snippet:-1","max-image-preview":"max-image-preview:large","max-video-preview":"max-video-preview:-1"},"canonical":"https:\/\/besstem.eu\/pracovni-zakazky-v-nemecku-a-rakousku\/","og_locale":"de_DE","og_type":"article","og_title":"Pracovn\u00ed zak\u00e1zky v N\u011bmecku a Rakousku | BessteM","og_description":"Soust\u0159ed\u00edme se na pracovn\u00ed zak\u00e1zky v N\u011bmecku a Rakousku. Disponujeme t\u00fdmem zku\u0161en\u00fdch personalist\u016f, kte\u0159\u00ed se postaraj\u00ed o Va\u0161\u00ed spokojenost.","og_url":"https:\/\/besstem.eu\/pracovni-zakazky-v-nemecku-a-rakousku\/","og_site_name":"BessteM","article_modified_time":"2025-01-08T18:41:44+00:00","og_image":[{"url":"http:\/\/besstem.eu\/wp-content\/uploads\/craftsmen-3094035_960_720.png","type":"","width":"","height":""}],"twitter_card":"summary_large_image","twitter_misc":{"Gesch\u00e4tzte Lesezeit":"1\u00a0Minute"},"schema":{"@context":"https:\/\/schema.org","@graph":[{"@type":"WebPage","@id":"https:\/\/besstem.eu\/pracovni-zakazky-v-nemecku-a-rakousku\/","url":"https:\/\/besstem.eu\/pracovni-zakazky-v-nemecku-a-rakousku\/","name":"Pracovn\u00ed zak\u00e1zky v N\u011bmecku a Rakousku | BessteM","isPartOf":{"@id":"https:\/\/besstem.eu\/#website"},"primaryImageOfPage":{"@id":"https:\/\/besstem.eu\/pracovni-zakazky-v-nemecku-a-rakousku\/#primaryimage"},"image":{"@id":"https:\/\/besstem.eu\/pracovni-zakazky-v-nemecku-a-rakousku\/#primaryimage"},"thumbnailUrl":"http:\/\/besstem.eu\/wp-content\/uploads\/craftsmen-3094035_960_720.png","datePublished":"2022-12-16T09:44:59+00:00","dateModified":"2025-01-08T18:41:44+00:00","description":"Soust\u0159ed\u00edme se na pracovn\u00ed zak\u00e1zky v N\u011bmecku a Rakousku. Disponujeme t\u00fdmem zku\u0161en\u00fdch personalist\u016f, kte\u0159\u00ed se postaraj\u00ed o Va\u0161\u00ed spokojenost.","breadcrumb":{"@id":"https:\/\/besstem.eu\/pracovni-zakazky-v-nemecku-a-rakousku\/#breadcrumb"},"inLanguage":"de","potentialAction":[{"@type":"ReadAction","target":["https:\/\/besstem.eu\/pracovni-zakazky-v-nemecku-a-rakousku\/"]}]},{"@type":"ImageObject","inLanguage":"de","@id":"https:\/\/besstem.eu\/pracovni-zakazky-v-nemecku-a-rakousku\/#primaryimage","url":"http:\/\/besstem.eu\/wp-content\/uploads\/craftsmen-3094035_960_720.png","contentUrl":"http:\/\/besstem.eu\/wp-content\/uploads\/craftsmen-3094035_960_720.png"},{"@type":"BreadcrumbList","@id":"https:\/\/besstem.eu\/pracovni-zakazky-v-nemecku-a-rakousku\/#breadcrumb","itemListElement":[{"@type":"ListItem","position":1,"name":"Dom\u016f","item":"https:\/\/besstem.eu\/"},{"@type":"ListItem","position":2,"name":"Pracovn\u00ed zak\u00e1zky"}]},{"@type":"WebSite","@id":"https:\/\/besstem.eu\/#website","url":"https:\/\/besstem.eu\/","name":"BessteM","description":"Personalagentur","potentialAction":[{"@type":"SearchAction","target":{"@type":"EntryPoint","urlTemplate":"https:\/\/besstem.eu\/?s={search_term_string}"},"query-input":{"@type":"PropertyValueSpecification","valueRequired":true,"valueName":"search_term_string"}}],"inLanguage":"de"}]}},"_links":{"self":[{"href":"https:\/\/besstem.eu\/de\/wp-json\/wp\/v2\/pages\/3052","targetHints":{"allow":["GET"]}}],"collection":[{"href":"https:\/\/besstem.eu\/de\/wp-json\/wp\/v2\/pages"}],"about":[{"href":"https:\/\/besstem.eu\/de\/wp-json\/wp\/v2\/types\/page"}],"author":[{"embeddable":true,"href":"https:\/\/besstem.eu\/de\/wp-json\/wp\/v2\/users\/1"}],"replies":[{"embeddable":true,"href":"https:\/\/besstem.eu\/de\/wp-json\/wp\/v2\/comments?post=3052"}],"version-history":[{"count":50,"href":"https:\/\/besstem.eu\/de\/wp-json\/wp\/v2\/pages\/3052\/revisions"}],"predecessor-version":[{"id":3630,"href":"https:\/\/besstem.eu\/de\/wp-json\/wp\/v2\/pages\/3052\/revisions\/3630"}],"wp:attachment":[{"href":"https:\/\/besstem.eu\/de\/wp-json\/wp\/v2\/media?parent=3052"}],"curies":[{"name":"wp","href":"https:\/\/api.w.org\/{rel}","templated":true}]}}