{"id":19,"date":"2016-05-02T07:14:19","date_gmt":"2016-05-02T06:14:19","guid":{"rendered":"https:\/\/besstem.eu\/pro-zamestnavatele\/"},"modified":"2025-01-08T16:21:48","modified_gmt":"2025-01-08T15:21:48","slug":"fur-arbeitgeber","status":"publish","type":"page","link":"https:\/\/besstem.eu\/de\/fur-arbeitgeber\/","title":{"rendered":"F\u00fcr Arbeitgeber"},"content":{"rendered":"<p><\/p>\n<div class=\"bee-content-layout layout-item-1\">\n<div class=\"bee-content-layout-row\">\n<div class=\"bee-layout-cell layout-item-2 \" style=\"width: 100%; padding-left: 15px; padding-right: 15px;padding-bottom: 25px;\">\n<h2 style=\"text-align:center;\" class=\"animated-slow fadeInDown\">F\u00fcr Arbeitgeber<\/h2>\n<\/div>\n<\/div>\n<\/div>\n<div class=\"bee-content-layout-wrapper layout-item-0\">\n<div class=\"bee-content-layout layout-item-1\">\n<div class=\"bee-content-layout-row\">\n<div class=\"bee-layout-cell layout-item-1  animated-slow fadeInLeft\" style=\"width: 50%;\">\n<div style=\"padding-right:15px;\">\n<div style=\"color:black;\">\n<p><strong>Suchen Sie den idealen Kandidaten?<\/strong><\/p>\n<p><strong>Wir finden ihn!<\/strong><\/p>\n<p style=\"text-align:justify;\">Wir sind in der Lage, schnell und flexibel auf die Anforderungen unserer Kunden zu reagieren. Auf Anfrage erhalten Sie von uns ein schnelles Feedback und qualifizierte Bewerberprofile. Wir rekrutieren nicht nur deutschlandweit, sondern auch in Osteuropa und unterst\u00fctzen dieses Personal mit unseren individuell abgestimmten Relocation Services bei der Integration in Deutschland und bei unseren Kunden. Dank unserer Fach- und Sozialkompetenz finden wir als Personaldienstleister die Fachkr\u00e4fte, die perfekt zur Aufgabe, dem Team und dem Unternehmen passen.<\/p>\n<p>\n<center><img decoding=\"async\" src=\"http:\/\/besstem.eu\/wp-content\/uploads\/02_f-z.png\" alt=\"02_f-z\" width=\"80%\"  class=\"alignnone size-full wp-image-177\" srcset=\"https:\/\/besstem.eu\/wp-content\/uploads\/02_f-z.png 548w, https:\/\/besstem.eu\/wp-content\/uploads\/02_f-z-300x258.png 300w\" sizes=\"(max-width: 548px) 100vw, 548px\" \/><\/center>\n<\/div>\n<\/div>\n<\/div>\n<div class=\"bee-layout-cell layout-item-1 animated-slow fadeInRight\" style=\"width: 50%;padding-left:15px;border-left: 1px solid #88070E;\">\n\n<div class=\"wpcf7 no-js\" id=\"wpcf7-f989-o1\" lang=\"cs-CZ\" dir=\"ltr\" data-wpcf7-id=\"989\">\n<div class=\"screen-reader-response\"><p role=\"status\" aria-live=\"polite\" aria-atomic=\"true\"><\/p> <ul><\/ul><\/div>\n<form action=\"\/de\/wp-json\/wp\/v2\/pages\/19#wpcf7-f989-o1\" method=\"post\" class=\"wpcf7-form init\" aria-label=\"Kontaktn\u00ed formul\u00e1\u0159\" enctype=\"multipart\/form-data\" novalidate=\"novalidate\" data-status=\"init\">\n<fieldset class=\"hidden-fields-container\"><input type=\"hidden\" name=\"_wpcf7\" value=\"989\" \/><input type=\"hidden\" name=\"_wpcf7_version\" value=\"6.1.6\" \/><input type=\"hidden\" name=\"_wpcf7_locale\" value=\"cs_CZ\" \/><input type=\"hidden\" name=\"_wpcf7_unit_tag\" value=\"wpcf7-f989-o1\" \/><input type=\"hidden\" name=\"_wpcf7_container_post\" value=\"0\" \/><input type=\"hidden\" name=\"_wpcf7_posted_data_hash\" value=\"\" \/>\n<\/fieldset>\n<div style=\"width: 90%; margin: 0 auto;padding-right:18px;\">\n\t<p>Es besteht Interesse an :<br \/>\n<span class=\"wpcf7-form-control-wrap\" data-name=\"zajimamese-525\"><span class=\"wpcf7-form-control wpcf7-checkbox\"><span class=\"wpcf7-list-item first\"><input type=\"checkbox\" name=\"zajimamese-525[]\" value=\"Mitarbeiter\" checked=\"checked\" \/><span class=\"wpcf7-list-item-label\">Mitarbeiter<\/span><\/span><span class=\"wpcf7-list-item\"><input type=\"checkbox\" name=\"zajimamese-525[]\" value=\"Praktikanten\" \/><span class=\"wpcf7-list-item-label\">Praktikanten<\/span><\/span><span class=\"wpcf7-list-item last\"><input type=\"checkbox\" name=\"zajimamese-525[]\" value=\"Outsourcing\" \/><span class=\"wpcf7-list-item-label\">Outsourcing<\/span><\/span><\/span><\/span>\n\t<\/p>\n\t<p><span class=\"wpcf7-form-control-wrap\" data-name=\"firma\"><input size=\"40\" maxlength=\"400\" class=\"wpcf7-form-control wpcf7-text wpcf7-validates-as-required\" aria-required=\"true\" aria-invalid=\"false\" placeholder=\"Firma *\" value=\"\" type=\"text\" name=\"firma\" \/><\/span><br \/>\n<span class=\"wpcf7-form-control-wrap\" data-name=\"Branche\"><input size=\"40\" maxlength=\"400\" class=\"wpcf7-form-control wpcf7-text\" aria-invalid=\"false\" placeholder=\"Branche\" value=\"\" type=\"text\" name=\"Branche\" \/><\/span><br \/>\n<span class=\"wpcf7-form-control-wrap\" data-name=\"Adresszusatz\"><input size=\"40\" maxlength=\"400\" class=\"wpcf7-form-control wpcf7-text\" aria-invalid=\"false\" placeholder=\"Adresszusatz\" value=\"\" type=\"text\" name=\"Adresszusatz\" \/><\/span><br \/>\n<span class=\"wpcf7-form-control-wrap\" data-name=\"PLZ\"><input size=\"40\" maxlength=\"400\" class=\"wpcf7-form-control wpcf7-text wpcf7-validates-as-required\" aria-required=\"true\" aria-invalid=\"false\" placeholder=\"PLZ*\" value=\"\" type=\"text\" name=\"PLZ\" \/><\/span><br \/>\n<span class=\"wpcf7-form-control-wrap\" data-name=\"Ort\"><input size=\"40\" maxlength=\"400\" class=\"wpcf7-form-control wpcf7-text wpcf7-validates-as-required\" aria-required=\"true\" aria-invalid=\"false\" placeholder=\"Ort*\" value=\"\" type=\"text\" name=\"Ort\" \/><\/span>\n\t<\/p>\n\t<p>Anrede<br \/>\n<span class=\"wpcf7-form-control-wrap\" data-name=\"Anrede\"><select class=\"wpcf7-form-control wpcf7-select\" aria-invalid=\"false\" name=\"Anrede\"><option value=\"Anrede bitte w\u00e4hlen\">Anrede bitte w\u00e4hlen<\/option><option value=\"Frau\">Frau<\/option><option value=\"Herr\">Herr<\/option><\/select><\/span>\n\t<\/p>\n\t<p><span class=\"wpcf7-form-control-wrap\" data-name=\"name\"><input size=\"40\" maxlength=\"400\" class=\"wpcf7-form-control wpcf7-text wpcf7-validates-as-required\" aria-required=\"true\" aria-invalid=\"false\" placeholder=\"Name*\" value=\"\" type=\"text\" name=\"name\" \/><\/span><br \/>\n<span class=\"wpcf7-form-control-wrap\" data-name=\"Position\"><input size=\"40\" maxlength=\"400\" class=\"wpcf7-form-control wpcf7-text\" aria-invalid=\"false\" placeholder=\"Position\" value=\"\" type=\"text\" name=\"Position\" \/><\/span><span class=\"wpcf7-form-control-wrap\" data-name=\"your-email\"><input size=\"40\" maxlength=\"400\" class=\"wpcf7-form-control wpcf7-email wpcf7-validates-as-required wpcf7-text wpcf7-validates-as-email\" aria-required=\"true\" aria-invalid=\"false\" placeholder=\"E-Mail*\" value=\"\" type=\"email\" name=\"your-email\" \/><\/span><br \/>\n<span class=\"wpcf7-form-control-wrap\" data-name=\"tel-147\"><input size=\"40\" maxlength=\"400\" class=\"wpcf7-form-control wpcf7-tel wpcf7-validates-as-required wpcf7-text wpcf7-validates-as-tel\" aria-required=\"true\" aria-invalid=\"false\" placeholder=\"Telefon*\" value=\"\" type=\"tel\" name=\"tel-147\" \/><\/span><br \/>\n<span class=\"wpcf7-form-control-wrap\" data-name=\"fax-147\"><input size=\"40\" maxlength=\"400\" class=\"wpcf7-form-control wpcf7-tel wpcf7-text wpcf7-validates-as-tel\" aria-invalid=\"false\" placeholder=\"Fax\" value=\"\" type=\"tel\" name=\"fax-147\" \/><\/span><br \/>\n<span class=\"wpcf7-form-control-wrap\" data-name=\"Qualifikation\"><textarea cols=\"40\" rows=\"10\" maxlength=\"2000\" class=\"wpcf7-form-control wpcf7-textarea wpcf7-validates-as-required\" aria-required=\"true\" aria-invalid=\"false\" placeholder=\"Gesuchte Qualifikation*\" name=\"Qualifikation\"><\/textarea><\/span><br \/>\n<span class=\"wpcf7-form-control-wrap\" data-name=\"Bemerkungen\"><textarea cols=\"40\" rows=\"10\" maxlength=\"2000\" class=\"wpcf7-form-control wpcf7-textarea\" aria-invalid=\"false\" placeholder=\"Bemerkungen,spezielle Anforderungen\" name=\"Bemerkungen\"><\/textarea><\/span>\n\t<\/p>\n\t<p>Anforderungsprofil\n\t<\/p>\n\t<p><span class=\"wpcf7-form-control-wrap\" data-name=\"file-468\"><input size=\"40\" class=\"wpcf7-form-control wpcf7-file\" accept=\"image\/*,application\/pdf\" aria-invalid=\"false\" type=\"file\" name=\"file-468\" \/><\/span>\n\t<\/p>\n\t<p><span class=\"wpcf7-form-control-wrap\" data-name=\"Einsatzort\"><input size=\"40\" maxlength=\"400\" class=\"wpcf7-form-control wpcf7-text\" aria-invalid=\"false\" placeholder=\"Einsatzort\" value=\"\" type=\"text\" name=\"Einsatzort\" \/><\/span>\n\t<\/p>\n\t<p>Zeitraum\n\t<\/p>\n\t<p><span class=\"wpcf7-form-control-wrap\" data-name=\"von\"><input size=\"40\" maxlength=\"400\" class=\"wpcf7-form-control wpcf7-text\" aria-invalid=\"false\" placeholder=\"von\" value=\"\" type=\"text\" name=\"von\" \/><\/span><br \/>\n<span class=\"wpcf7-form-control-wrap\" data-name=\"bis\"><input size=\"40\" maxlength=\"400\" class=\"wpcf7-form-control wpcf7-text\" aria-invalid=\"false\" placeholder=\"bis\" value=\"\" type=\"text\" name=\"bis\" \/><\/span><br \/>\n<span class=\"wpcf7-form-control-wrap\" data-name=\"Sonstiges\"><textarea cols=\"40\" rows=\"10\" maxlength=\"2000\" class=\"wpcf7-form-control wpcf7-textarea\" aria-invalid=\"false\" placeholder=\"Sonstiges\" name=\"Sonstiges\"><\/textarea><\/span><br \/>\n<span class=\"wpcf7-form-control-wrap\" data-name=\"Anzahl\"><input size=\"40\" maxlength=\"400\" class=\"wpcf7-form-control wpcf7-text\" aria-invalid=\"false\" placeholder=\"Anzahl der gesuchten Mitarbeiter \/ Praktikanten\" value=\"\" type=\"text\" name=\"Anzahl\" \/><\/span>\n\t<\/p>\n\t<p style=\"font-size:13px;text-align:justify;\"><br \/>\n<em>Hiermit erkl\u00e4re ich mein Einverst\u00e4ndnis, dass die Agentur BessteM meine vorliegenden pers\u00f6nlichen Daten in die Datenbank aufnimmt. Ich bin dar\u00fcber informiert worden, dass die Aufnahme in die Datenbank nur zu dem Zweck erfolgt, mich im Falle von geeigneten Stellenangeboten, in denen die Agentur ausschlie\u00dflich im Auftrag von personalsuchenden Arbeitgebern (Auftraggebern) t\u00e4tig wird, ansprechen zu k\u00f6nnen. \u00dcber die Weitergabe der Daten an Dritte, insbesondere Auftraggeber der Agentur BessteM, wird der Bewerber umgehend informiert. Die Agentur BessteM hat bei der Verarbeitung, Nutzung und \u00dcbermittlung der \u00fcber mich gespeicherten Daten die Vorschriften des Bundesdatenschutzgesetzes zu beachten. Diese Einverst\u00e4ndniserkl\u00e4rung kann ich jederzeit widerrufen und es besteht kein Rechtsanspruch auf Nutzung meiner Daten durch die Agentur BessteM. BessteM beh\u00e4lt sich vor meine Daten teilweise oder komplett ohne Angabe von Gr\u00fcnden zu l\u00f6schen.<\/em>\n\t<\/p>\n\t<div style=\"font-size:13px;\">\n\t\t<p><span class=\"wpcf7-form-control-wrap\" data-name=\"acceptance-818\"><span class=\"wpcf7-form-control wpcf7-acceptance\"><span class=\"wpcf7-list-item\"><input type=\"checkbox\" name=\"acceptance-818\" value=\"1\" aria-invalid=\"false\" \/><\/span><\/span><\/span>ich akzeptiere\n\t\t<\/p>\n\t<\/div>\n\t<p><script src=\"https:\/\/www.google.com\/recaptcha\/api.js\" async defer><\/script>\n\t\t\t<div class=\"g-recaptcha\" data-sitekey=\"6LdnaR8TAAAAAEIva-SA6pQr-HlXGu2HTFxUOmNm\"><\/div>\n<span class=\"wpcf7-form-control-wrap grecaptcha\"><input type=\"text\" name=\"grecaptcha\" value=\"dsk\" size=\"1\" class=\"wpcf7-form-control wpcf7-text\" style=\"display:none;\" \/><\/span>\n\t<\/p>\n\t<p><input class=\"wpcf7-form-control wpcf7-submit has-spinner bee-button\" type=\"submit\" value=\"Senden\" \/>\n\t<\/p>\n\t<p><em>* Pflichtfelder<\/em>\n\t<\/p>\n<\/div><div class=\"wpcf7-response-output\" aria-hidden=\"true\"><\/div>\n<\/form>\n<\/div>\n<\/p>\n<\/div>\n<\/div>\n<\/div>\n<\/div>\n<p><\/p>","protected":false},"excerpt":{"rendered":"<p>F\u00fcr Arbeitgeber Suchen Sie den idealen Kandidaten? Wir finden ihn! Wir sind in der Lage, schnell und flexibel auf die Anforderungen unserer Kunden zu reagieren. Auf Anfrage erhalten Sie von uns ein schnelles Feedback und qualifizierte Bewerberprofile. Wir rekrutieren nicht nur deutschlandweit, sondern auch in Osteuropa und unterst\u00fctzen dieses Personal mit unseren individuell abgestimmten Relocation [&hellip;]<\/p>\n","protected":false},"author":1,"featured_media":0,"parent":0,"menu_order":4,"comment_status":"closed","ping_status":"closed","template":"","meta":{"footnotes":""},"class_list":["post-19","page","type-page","status-publish","hentry"],"yoast_head":"<!-- This site is optimized with the Yoast SEO plugin v26.8 - https:\/\/yoast.com\/product\/yoast-seo-wordpress\/ -->\n<title>Pro partnery | Person\u00e1ln\u00ed agentura | Dr\u00e1\u017e\u010fany - \u00dast\u00ed nad Labem<\/title>\n<meta name=\"description\" content=\"(Deutsch) F\u00fcr Arbeitgeber Suchen Sie den idealen Kandidaten? Wir finden ihn! Wir sind in der Lage, schnell und flexibel auf die Anforderungen unserer Kunden zu reagie\" \/>\n<meta name=\"robots\" content=\"index, follow, max-snippet:-1, max-image-preview:large, max-video-preview:-1\" \/>\n<link rel=\"canonical\" href=\"https:\/\/besstem.eu\/fur-arbeitgeber\/\" \/>\n<meta property=\"og:locale\" content=\"de_DE\" \/>\n<meta property=\"og:type\" content=\"article\" \/>\n<meta property=\"og:title\" content=\"Pro partnery | Person\u00e1ln\u00ed agentura | Dr\u00e1\u017e\u010fany - \u00dast\u00ed nad Labem\" \/>\n<meta property=\"og:description\" content=\"(Deutsch) F\u00fcr Arbeitgeber Suchen Sie den idealen Kandidaten? Wir finden ihn! Wir sind in der Lage, schnell und flexibel auf die Anforderungen unserer Kunden zu reagie\" \/>\n<meta property=\"og:url\" content=\"https:\/\/besstem.eu\/fur-arbeitgeber\/\" \/>\n<meta property=\"og:site_name\" content=\"BessteM\" \/>\n<meta property=\"article:modified_time\" content=\"2025-01-08T15:21:48+00:00\" \/>\n<meta property=\"og:image\" content=\"https:\/\/besstem.eu\/tp.svg\" \/>\n<meta name=\"twitter:card\" content=\"summary_large_image\" \/>\n<meta name=\"twitter:label1\" content=\"Gesch\u00e4tzte Lesezeit\" \/>\n\t<meta name=\"twitter:data1\" content=\"2\u00a0Minuten\" \/>\n<script type=\"application\/ld+json\" class=\"yoast-schema-graph\">{\"@context\":\"https:\/\/schema.org\",\"@graph\":[{\"@type\":\"WebPage\",\"@id\":\"https:\/\/besstem.eu\/fur-arbeitgeber\/\",\"url\":\"https:\/\/besstem.eu\/fur-arbeitgeber\/\",\"name\":\"Pro partnery | Person\u00e1ln\u00ed agentura | Dr\u00e1\u017e\u010fany - \u00dast\u00ed nad Labem\",\"isPartOf\":{\"@id\":\"https:\/\/besstem.eu\/#website\"},\"primaryImageOfPage\":{\"@id\":\"https:\/\/besstem.eu\/fur-arbeitgeber\/#primaryimage\"},\"image\":{\"@id\":\"https:\/\/besstem.eu\/fur-arbeitgeber\/#primaryimage\"},\"thumbnailUrl\":\"https:\/\/besstem.eu\/tp.svg\",\"datePublished\":\"2016-05-02T06:14:19+00:00\",\"dateModified\":\"2025-01-08T15:21:48+00:00\",\"description\":\"(Deutsch) F\u00fcr Arbeitgeber Suchen Sie den idealen Kandidaten? Wir finden ihn! Wir sind in der Lage, schnell und flexibel auf die Anforderungen unserer Kunden zu reagie\",\"breadcrumb\":{\"@id\":\"https:\/\/besstem.eu\/fur-arbeitgeber\/#breadcrumb\"},\"inLanguage\":\"de\",\"potentialAction\":[{\"@type\":\"ReadAction\",\"target\":[\"https:\/\/besstem.eu\/fur-arbeitgeber\/\"]}]},{\"@type\":\"ImageObject\",\"inLanguage\":\"de\",\"@id\":\"https:\/\/besstem.eu\/fur-arbeitgeber\/#primaryimage\",\"url\":\"https:\/\/besstem.eu\/tp.svg\",\"contentUrl\":\"https:\/\/besstem.eu\/tp.svg\"},{\"@type\":\"BreadcrumbList\",\"@id\":\"https:\/\/besstem.eu\/fur-arbeitgeber\/#breadcrumb\",\"itemListElement\":[{\"@type\":\"ListItem\",\"position\":1,\"name\":\"Dom\u016f\",\"item\":\"https:\/\/besstem.eu\/\"},{\"@type\":\"ListItem\",\"position\":2,\"name\":\"Pro partnery\"}]},{\"@type\":\"WebSite\",\"@id\":\"https:\/\/besstem.eu\/#website\",\"url\":\"https:\/\/besstem.eu\/\",\"name\":\"BessteM\",\"description\":\"Personalagentur\",\"potentialAction\":[{\"@type\":\"SearchAction\",\"target\":{\"@type\":\"EntryPoint\",\"urlTemplate\":\"https:\/\/besstem.eu\/?s={search_term_string}\"},\"query-input\":{\"@type\":\"PropertyValueSpecification\",\"valueRequired\":true,\"valueName\":\"search_term_string\"}}],\"inLanguage\":\"de\"}]}<\/script>\n<!-- \/ Yoast SEO plugin. -->","yoast_head_json":{"title":"Pro partnery | Person\u00e1ln\u00ed agentura | Dr\u00e1\u017e\u010fany - \u00dast\u00ed nad Labem","description":"(Deutsch) F\u00fcr Arbeitgeber Suchen Sie den idealen Kandidaten? Wir finden ihn! Wir sind in der Lage, schnell und flexibel auf die Anforderungen unserer Kunden zu reagie","robots":{"index":"index","follow":"follow","max-snippet":"max-snippet:-1","max-image-preview":"max-image-preview:large","max-video-preview":"max-video-preview:-1"},"canonical":"https:\/\/besstem.eu\/fur-arbeitgeber\/","og_locale":"de_DE","og_type":"article","og_title":"Pro partnery | Person\u00e1ln\u00ed agentura | Dr\u00e1\u017e\u010fany - \u00dast\u00ed nad Labem","og_description":"(Deutsch) F\u00fcr Arbeitgeber Suchen Sie den idealen Kandidaten? Wir finden ihn! Wir sind in der Lage, schnell und flexibel auf die Anforderungen unserer Kunden zu reagie","og_url":"https:\/\/besstem.eu\/fur-arbeitgeber\/","og_site_name":"BessteM","article_modified_time":"2025-01-08T15:21:48+00:00","og_image":[{"url":"https:\/\/besstem.eu\/tp.svg","type":"","width":"","height":""}],"twitter_card":"summary_large_image","twitter_misc":{"Gesch\u00e4tzte Lesezeit":"2\u00a0Minuten"},"schema":{"@context":"https:\/\/schema.org","@graph":[{"@type":"WebPage","@id":"https:\/\/besstem.eu\/fur-arbeitgeber\/","url":"https:\/\/besstem.eu\/fur-arbeitgeber\/","name":"Pro partnery | Person\u00e1ln\u00ed agentura | Dr\u00e1\u017e\u010fany - \u00dast\u00ed nad Labem","isPartOf":{"@id":"https:\/\/besstem.eu\/#website"},"primaryImageOfPage":{"@id":"https:\/\/besstem.eu\/fur-arbeitgeber\/#primaryimage"},"image":{"@id":"https:\/\/besstem.eu\/fur-arbeitgeber\/#primaryimage"},"thumbnailUrl":"https:\/\/besstem.eu\/tp.svg","datePublished":"2016-05-02T06:14:19+00:00","dateModified":"2025-01-08T15:21:48+00:00","description":"(Deutsch) F\u00fcr Arbeitgeber Suchen Sie den idealen Kandidaten? Wir finden ihn! Wir sind in der Lage, schnell und flexibel auf die Anforderungen unserer Kunden zu reagie","breadcrumb":{"@id":"https:\/\/besstem.eu\/fur-arbeitgeber\/#breadcrumb"},"inLanguage":"de","potentialAction":[{"@type":"ReadAction","target":["https:\/\/besstem.eu\/fur-arbeitgeber\/"]}]},{"@type":"ImageObject","inLanguage":"de","@id":"https:\/\/besstem.eu\/fur-arbeitgeber\/#primaryimage","url":"https:\/\/besstem.eu\/tp.svg","contentUrl":"https:\/\/besstem.eu\/tp.svg"},{"@type":"BreadcrumbList","@id":"https:\/\/besstem.eu\/fur-arbeitgeber\/#breadcrumb","itemListElement":[{"@type":"ListItem","position":1,"name":"Dom\u016f","item":"https:\/\/besstem.eu\/"},{"@type":"ListItem","position":2,"name":"Pro partnery"}]},{"@type":"WebSite","@id":"https:\/\/besstem.eu\/#website","url":"https:\/\/besstem.eu\/","name":"BessteM","description":"Personalagentur","potentialAction":[{"@type":"SearchAction","target":{"@type":"EntryPoint","urlTemplate":"https:\/\/besstem.eu\/?s={search_term_string}"},"query-input":{"@type":"PropertyValueSpecification","valueRequired":true,"valueName":"search_term_string"}}],"inLanguage":"de"}]}},"_links":{"self":[{"href":"https:\/\/besstem.eu\/de\/wp-json\/wp\/v2\/pages\/19","targetHints":{"allow":["GET"]}}],"collection":[{"href":"https:\/\/besstem.eu\/de\/wp-json\/wp\/v2\/pages"}],"about":[{"href":"https:\/\/besstem.eu\/de\/wp-json\/wp\/v2\/types\/page"}],"author":[{"embeddable":true,"href":"https:\/\/besstem.eu\/de\/wp-json\/wp\/v2\/users\/1"}],"replies":[{"embeddable":true,"href":"https:\/\/besstem.eu\/de\/wp-json\/wp\/v2\/comments?post=19"}],"version-history":[{"count":33,"href":"https:\/\/besstem.eu\/de\/wp-json\/wp\/v2\/pages\/19\/revisions"}],"predecessor-version":[{"id":3626,"href":"https:\/\/besstem.eu\/de\/wp-json\/wp\/v2\/pages\/19\/revisions\/3626"}],"wp:attachment":[{"href":"https:\/\/besstem.eu\/de\/wp-json\/wp\/v2\/media?parent=19"}],"curies":[{"name":"wp","href":"https:\/\/api.w.org\/{rel}","templated":true}]}}