{"id":18,"date":"2016-05-02T07:14:18","date_gmt":"2016-05-02T06:14:18","guid":{"rendered":"https:\/\/besstem.eu\/staz-v-nemecku\/"},"modified":"2019-05-16T17:38:03","modified_gmt":"2019-05-16T16:38:03","slug":"staz-v-nemecku","status":"publish","type":"page","link":"https:\/\/besstem.eu\/de\/staz-v-nemecku\/","title":{"rendered":"Auslandspraktikum in Tschechien"},"content":{"rendered":"<p><\/p>\n<div class=\"bee-content-layout layout-item-1\">\n<div class=\"bee-content-layout-row\">\n<div class=\"bee-layout-cell layout-item-2 \" style=\"width: 100%; padding-left: 15px; padding-right: 15px;padding-bottom: 25px;\">\n<h2 style=\"text-align:center;\" class=\"animated-slow fadeInDown\">Auslandspraktikum in Tschechien<\/h2>\n<\/div>\n<\/div>\n<\/div>\n<div class=\"bee-content-layout-wrapper layout-item-0\">\n<div class=\"bee-content-layout layout-item-1\">\n<div class=\"bee-content-layout-row\">\n<div class=\"bee-layout-cell layout-item-1 animated-slow fadeInLeft\" style=\"width: 50%;\">\n<div style=\"padding-right: 15px;\">\n<p style=\"text-align: justify;\">M\u00f6chtest Du bereits vor Deinem Einstieg ins Berufsleben internationale Berufserfahrungen sammeln und Deine eigenen St\u00e4rken entdecken? M\u00f6chtest Du Deine tschechischen Sprachkenntnisse verbessern, neue Kulturen kennenlernen und bereits im Vorfeld Pluspunkte f\u00fcr Deinen Lebenslauf sammeln? In diesem Land hei\u00dft es zwischen Moderne, alten Kulturen, gro\u00dfen St\u00e4dten und geheimnisvollen Schl\u00f6ssern zu leben und ein Land kennenzulernen, \u00fcber welches wir trotz seiner N\u00e4he so wenig wissen.<\/p>\n<blockquote>\n<p style=\"text-align: justify;\">Die Hauptstadt Prag ist das kulturelle Zentrum des Landes.<\/p>\n<\/blockquote>\n<p style=\"text-align: justify;\">Hier an der Moldau, scheint die Zeit einerseits stillzustehen, anderseits ist die Stadt auch f\u00fcr ihre florierende Kultur und vielseitiges Nachtleben. <img decoding=\"async\" class=\"size-full wp-image-172 aligncenter\" src=\"http:\/\/besstem.eu\/wp-content\/uploads\/prague.jpg\" alt=\"prague\" width=\"100%\" srcset=\"https:\/\/besstem.eu\/wp-content\/uploads\/prague.jpg 1000w, https:\/\/besstem.eu\/wp-content\/uploads\/prague-300x203.jpg 300w, https:\/\/besstem.eu\/wp-content\/uploads\/prague-768x520.jpg 768w\" sizes=\"(max-width: 1000px) 100vw, 1000px\" \/><\/p>\n<p style=\"text-align: justify;\">Besonders die alten gotischen Kirchen und die Altstadt Prags sind immer einen Besuch wert, um sich mit der interessanten und bewegten Geschichte des Landes auseinander zu setzen. Durch ein Auslandspraktikum erf\u00e4hrst Du, wie der Berufsalltag in einem anderen Land aussieht, \u00fcbernimmst selbst qualifizierte Aufgaben im Unternehmen und kn\u00fcpfst jede Menge wertvolle Kontakte, welche Dir auch in Deinem sp\u00e4teren Berufsleben n\u00fctzlich sein k\u00f6nnen.<\/p>\n<blockquote>\n<p style=\"text-align: justify;\">Mit BessteM hast Du einen erfahrenen und verl\u00e4sslichen Partner an Deiner Seite.<\/p>\n<\/blockquote>\n<p style=\"text-align: justify;\">W\u00e4hrend der gesamten Praktikumsphase wirst Du von unserem Team bzw. von einem unserer Mitarbeiter intensiv unterst\u00fctzt und betreut. Wir beraten Dich nach individuellen Vorkenntnissen, St\u00e4rken und Eigenschaften und suchen daraufhin das passende Unternehmen f\u00fcr Dich aus.<\/p>\n<p style=\"text-align: justify;\">\n<\/div>\n<\/div>\n<div class=\"bee-layout-cell layout-item-1 animated-slow fadeInRight\" style=\"width: 50%; padding-left: 15px; border-left: 1px solid #88070E;\">\n<div class=\"wpcf7 no-js\" id=\"wpcf7-f974-o2\" lang=\"cs-CZ\" dir=\"ltr\" data-wpcf7-id=\"974\">\n<div class=\"screen-reader-response\"><p role=\"status\" aria-live=\"polite\" aria-atomic=\"true\"><\/p> <ul><\/ul><\/div>\n<form action=\"\/de\/wp-json\/wp\/v2\/pages\/18#wpcf7-f974-o2\" method=\"post\" class=\"wpcf7-form init\" aria-label=\"Kontaktn\u00ed formul\u00e1\u0159\" enctype=\"multipart\/form-data\" novalidate=\"novalidate\" data-status=\"init\">\n<fieldset class=\"hidden-fields-container\"><input type=\"hidden\" name=\"_wpcf7\" value=\"974\" \/><input type=\"hidden\" name=\"_wpcf7_version\" value=\"6.1.5\" \/><input type=\"hidden\" name=\"_wpcf7_locale\" value=\"cs_CZ\" \/><input type=\"hidden\" name=\"_wpcf7_unit_tag\" value=\"wpcf7-f974-o2\" \/><input type=\"hidden\" name=\"_wpcf7_container_post\" value=\"0\" \/><input type=\"hidden\" name=\"_wpcf7_posted_data_hash\" value=\"\" \/>\n<\/fieldset>\n<div style=\"width: 90%; margin: 0 auto;padding-right:18px;\">\n\t<p><span class=\"wpcf7-form-control-wrap\" data-name=\"your-name\"><input size=\"40\" maxlength=\"400\" class=\"wpcf7-form-control wpcf7-text wpcf7-validates-as-required\" aria-required=\"true\" aria-invalid=\"false\" placeholder=\"Vorname*\" value=\"\" type=\"text\" name=\"your-name\" \/><\/span><br \/>\n<span class=\"wpcf7-form-control-wrap\" data-name=\"your-surname\"><input size=\"40\" maxlength=\"400\" class=\"wpcf7-form-control wpcf7-text wpcf7-validates-as-required\" aria-required=\"true\" aria-invalid=\"false\" placeholder=\"Nachname*\" value=\"\" type=\"text\" name=\"your-surname\" \/><\/span><br \/>\n<span class=\"wpcf7-form-control-wrap\" data-name=\"datum\"><input size=\"40\" maxlength=\"400\" class=\"wpcf7-form-control wpcf7-text wpcf7-validates-as-required\" aria-required=\"true\" aria-invalid=\"false\" placeholder=\"Geburtsdatum*\" value=\"\" type=\"text\" name=\"datum\" \/><\/span><br \/>\n<span class=\"wpcf7-form-control-wrap\" data-name=\"your-nationality\"><input size=\"40\" maxlength=\"400\" class=\"wpcf7-form-control wpcf7-text wpcf7-validates-as-required\" aria-required=\"true\" aria-invalid=\"false\" placeholder=\"Nationalit\u00e4t*\" value=\"\" type=\"text\" name=\"your-nationality\" \/><\/span><br \/>\n<span class=\"wpcf7-form-control-wrap\" data-name=\"your-bydliste\"><input size=\"40\" maxlength=\"400\" class=\"wpcf7-form-control wpcf7-text\" aria-invalid=\"false\" placeholder=\"Heimatadresse\" value=\"\" type=\"text\" name=\"your-bydliste\" \/><\/span><br \/>\n<span class=\"wpcf7-form-control-wrap\" data-name=\"your-email\"><input size=\"40\" maxlength=\"400\" class=\"wpcf7-form-control wpcf7-email wpcf7-validates-as-required wpcf7-text wpcf7-validates-as-email\" aria-required=\"true\" aria-invalid=\"false\" placeholder=\"E-Mail\" value=\"\" type=\"email\" name=\"your-email\" \/><\/span><br \/>\n<span class=\"wpcf7-form-control-wrap\" data-name=\"tel-147\"><input size=\"40\" maxlength=\"400\" class=\"wpcf7-form-control wpcf7-tel wpcf7-validates-as-required wpcf7-text wpcf7-validates-as-tel\" aria-required=\"true\" aria-invalid=\"false\" placeholder=\"Telefonnummer*\" value=\"\" type=\"tel\" name=\"tel-147\" \/><\/span><br \/>\n<span class=\"wpcf7-form-control-wrap\" data-name=\"skype\"><input size=\"40\" maxlength=\"400\" class=\"wpcf7-form-control wpcf7-text\" aria-invalid=\"false\" placeholder=\"Skype\" value=\"\" type=\"text\" name=\"skype\" \/><\/span>\n\t<\/p>\n\t<p>Foto:\n\t<\/p>\n\t<p><span class=\"wpcf7-form-control-wrap\" data-name=\"file-468\"><input size=\"40\" class=\"wpcf7-form-control wpcf7-file\" accept=\"image\/*,application\/pdf\" aria-invalid=\"false\" type=\"file\" name=\"file-468\" \/><\/span>\n\t<\/p>\n\t<p>F\u00fchrerschein:\n\t<\/p>\n\t<p><span class=\"wpcf7-form-control-wrap\" data-name=\"ridicak\"><span class=\"wpcf7-form-control wpcf7-radio\"><span class=\"wpcf7-list-item first\"><input type=\"radio\" name=\"ridicak\" value=\"ja\" \/><span class=\"wpcf7-list-item-label\">ja<\/span><\/span><span class=\"wpcf7-list-item last\"><input type=\"radio\" name=\"ridicak\" value=\"nein\" checked=\"checked\" \/><span class=\"wpcf7-list-item-label\">nein<\/span><\/span><\/span><\/span>\n\t<\/p>\n\t<p><span class=\"wpcf7-form-control-wrap\" data-name=\"nazev-skoly\"><input size=\"40\" maxlength=\"400\" class=\"wpcf7-form-control wpcf7-text\" aria-invalid=\"false\" placeholder=\"Ausbildungspartner \/ Schule\" value=\"\" type=\"text\" name=\"nazev-skoly\" \/><\/span><br \/>\n<span class=\"wpcf7-form-control-wrap\" data-name=\"zamereni\"><input size=\"40\" maxlength=\"400\" class=\"wpcf7-form-control wpcf7-text wpcf7-validates-as-required\" aria-required=\"true\" aria-invalid=\"false\" placeholder=\"Ausbildungsschwerpunkt\" value=\"\" type=\"text\" name=\"zamereni\" \/><\/span><br \/>\n<span class=\"wpcf7-form-control-wrap\" data-name=\"your-message\"><textarea cols=\"40\" rows=\"10\" maxlength=\"2000\" class=\"wpcf7-form-control wpcf7-textarea\" aria-invalid=\"false\" placeholder=\"Schreibe uns eine Nachricht\" name=\"your-message\"><\/textarea><\/span>\n\t<\/p>\n\t<p style=\"font-size:13px;text-align:justify;\"><br \/>\n<em>Hiermit erkl\u00e4re ich mein Einverst\u00e4ndnis, dass die Agentur BessteM meine vorliegenden pers\u00f6nlichen Daten in die Datenbank aufnimmt. Ich bin dar\u00fcber informiert worden, dass die Aufnahme in die Datenbank nur zu dem Zweck erfolgt, mich im Falle von geeigneten Stellenangeboten, in denen die Agentur ausschlie\u00dflich im Auftrag von personalsuchenden Arbeitgebern (Auftraggebern) t\u00e4tig wird, ansprechen zu k\u00f6nnen. \u00dcber die Weitergabe der Daten an Dritte, insbesondere Auftraggeber der Agentur BessteM, wird der Bewerber umgehend informiert. Die Agentur BessteM hat bei der Verarbeitung, Nutzung und \u00dcbermittlung der \u00fcber mich gespeicherten Daten die Vorschriften des Bundesdatenschutzgesetzes zu beachten. Diese Einverst\u00e4ndniserkl\u00e4rung kann ich jederzeit widerrufen und es besteht kein Rechtsanspruch auf Nutzung meiner Daten durch die Agentur BessteM. BessteM beh\u00e4lt sich vor meine Daten teilweise oder komplett ohne Angabe von Gr\u00fcnden zu l\u00f6schen.<\/em>\n\t<\/p>\n\t<div style=\"font-size:13px;\">\n\t\t<p><span class=\"wpcf7-form-control-wrap\" data-name=\"acceptance-818\"><span class=\"wpcf7-form-control wpcf7-acceptance\"><span class=\"wpcf7-list-item\"><input type=\"checkbox\" name=\"acceptance-818\" value=\"1\" aria-invalid=\"false\" \/><\/span><\/span><\/span>ich akzeptiere\n\t\t<\/p>\n\t<\/div>\n\t<p><script src=\"https:\/\/www.google.com\/recaptcha\/api.js\" async defer><\/script>\n\t\t\t<div class=\"g-recaptcha\" data-sitekey=\"6LdnaR8TAAAAAEIva-SA6pQr-HlXGu2HTFxUOmNm\"><\/div>\n<span class=\"wpcf7-form-control-wrap grecaptcha\"><input type=\"text\" name=\"grecaptcha\" value=\"dsk\" size=\"1\" class=\"wpcf7-form-control wpcf7-text\" style=\"display:none;\" \/><\/span>\n\t<\/p>\n\t<p><input class=\"wpcf7-form-control wpcf7-submit has-spinner bee-button\" type=\"submit\" value=\"Senden\" \/>\n\t<\/p>\n\t<p><em>* Pflichtfelder<\/em>\n\t<\/p>\n<\/div><div class=\"wpcf7-response-output\" aria-hidden=\"true\"><\/div>\n<\/form>\n<\/div>\n<\/div>\n<\/div>\n<\/div>\n<\/div>\n<p><\/p>","protected":false},"excerpt":{"rendered":"<p>Auslandspraktikum in Tschechien M\u00f6chtest Du bereits vor Deinem Einstieg ins Berufsleben internationale Berufserfahrungen sammeln und Deine eigenen St\u00e4rken entdecken? M\u00f6chtest Du Deine tschechischen Sprachkenntnisse verbessern, neue Kulturen kennenlernen und bereits im Vorfeld Pluspunkte f\u00fcr Deinen Lebenslauf sammeln? In diesem Land hei\u00dft es zwischen Moderne, alten Kulturen, gro\u00dfen St\u00e4dten und geheimnisvollen Schl\u00f6ssern zu leben und ein [&hellip;]<\/p>\n","protected":false},"author":1,"featured_media":0,"parent":0,"menu_order":3,"comment_status":"closed","ping_status":"closed","template":"","meta":{"footnotes":""},"class_list":["post-18","page","type-page","status-publish","hentry"],"yoast_head":"<!-- This site is optimized with the Yoast SEO plugin v26.8 - https:\/\/yoast.com\/product\/yoast-seo-wordpress\/ -->\n<title>Auslandspraktikum in Tschechien - BessteM<\/title>\n<meta name=\"robots\" content=\"index, follow, max-snippet:-1, max-image-preview:large, max-video-preview:-1\" \/>\n<link rel=\"canonical\" href=\"https:\/\/besstem.eu\/de\/staz-v-nemecku\/\" \/>\n<meta property=\"og:locale\" content=\"de_DE\" \/>\n<meta property=\"og:type\" content=\"article\" \/>\n<meta property=\"og:title\" content=\"Auslandspraktikum in Tschechien - BessteM\" \/>\n<meta property=\"og:description\" content=\"Auslandspraktikum in Tschechien M\u00f6chtest Du bereits vor Deinem Einstieg ins Berufsleben internationale Berufserfahrungen sammeln und Deine eigenen St\u00e4rken entdecken? M\u00f6chtest Du Deine tschechischen Sprachkenntnisse verbessern, neue Kulturen kennenlernen und bereits im Vorfeld Pluspunkte f\u00fcr Deinen Lebenslauf sammeln? In diesem Land hei\u00dft es zwischen Moderne, alten Kulturen, gro\u00dfen St\u00e4dten und geheimnisvollen Schl\u00f6ssern zu leben und ein [&hellip;]\" \/>\n<meta property=\"og:url\" content=\"https:\/\/besstem.eu\/de\/staz-v-nemecku\/\" \/>\n<meta property=\"og:site_name\" content=\"BessteM\" \/>\n<meta property=\"article:modified_time\" content=\"2019-05-16T16:38:03+00:00\" \/>\n<meta property=\"og:image\" content=\"http:\/\/besstem.eu\/wp-content\/uploads\/dresden-956186_1280.jpg\" \/>\n<meta name=\"twitter:card\" content=\"summary_large_image\" \/>\n<meta name=\"twitter:label1\" content=\"Gesch\u00e4tzte Lesezeit\" \/>\n\t<meta name=\"twitter:data1\" content=\"3\u00a0Minuten\" \/>\n<script type=\"application\/ld+json\" class=\"yoast-schema-graph\">{\"@context\":\"https:\/\/schema.org\",\"@graph\":[{\"@type\":\"WebPage\",\"@id\":\"https:\/\/besstem.eu\/de\/staz-v-nemecku\/\",\"url\":\"https:\/\/besstem.eu\/de\/staz-v-nemecku\/\",\"name\":\"Auslandspraktikum in Tschechien - BessteM\",\"isPartOf\":{\"@id\":\"https:\/\/besstem.eu\/#website\"},\"primaryImageOfPage\":{\"@id\":\"https:\/\/besstem.eu\/de\/staz-v-nemecku\/#primaryimage\"},\"image\":{\"@id\":\"https:\/\/besstem.eu\/de\/staz-v-nemecku\/#primaryimage\"},\"thumbnailUrl\":\"http:\/\/besstem.eu\/wp-content\/uploads\/dresden-956186_1280.jpg\",\"datePublished\":\"2016-05-02T06:14:18+00:00\",\"dateModified\":\"2019-05-16T16:38:03+00:00\",\"breadcrumb\":{\"@id\":\"https:\/\/besstem.eu\/de\/staz-v-nemecku\/#breadcrumb\"},\"inLanguage\":\"de\",\"potentialAction\":[{\"@type\":\"ReadAction\",\"target\":[\"https:\/\/besstem.eu\/de\/staz-v-nemecku\/\"]}]},{\"@type\":\"ImageObject\",\"inLanguage\":\"de\",\"@id\":\"https:\/\/besstem.eu\/de\/staz-v-nemecku\/#primaryimage\",\"url\":\"http:\/\/besstem.eu\/wp-content\/uploads\/dresden-956186_1280.jpg\",\"contentUrl\":\"http:\/\/besstem.eu\/wp-content\/uploads\/dresden-956186_1280.jpg\"},{\"@type\":\"BreadcrumbList\",\"@id\":\"https:\/\/besstem.eu\/de\/staz-v-nemecku\/#breadcrumb\",\"itemListElement\":[{\"@type\":\"ListItem\",\"position\":1,\"name\":\"Dom\u016f\",\"item\":\"https:\/\/besstem.eu\/\"},{\"@type\":\"ListItem\",\"position\":2,\"name\":\"Auslandspraktikum in Tschechien\"}]},{\"@type\":\"WebSite\",\"@id\":\"https:\/\/besstem.eu\/#website\",\"url\":\"https:\/\/besstem.eu\/\",\"name\":\"BessteM\",\"description\":\"Personalagentur\",\"potentialAction\":[{\"@type\":\"SearchAction\",\"target\":{\"@type\":\"EntryPoint\",\"urlTemplate\":\"https:\/\/besstem.eu\/?s={search_term_string}\"},\"query-input\":{\"@type\":\"PropertyValueSpecification\",\"valueRequired\":true,\"valueName\":\"search_term_string\"}}],\"inLanguage\":\"de\"}]}<\/script>\n<!-- \/ Yoast SEO plugin. -->","yoast_head_json":{"title":"Auslandspraktikum in Tschechien - BessteM","robots":{"index":"index","follow":"follow","max-snippet":"max-snippet:-1","max-image-preview":"max-image-preview:large","max-video-preview":"max-video-preview:-1"},"canonical":"https:\/\/besstem.eu\/de\/staz-v-nemecku\/","og_locale":"de_DE","og_type":"article","og_title":"Auslandspraktikum in Tschechien - BessteM","og_description":"Auslandspraktikum in Tschechien M\u00f6chtest Du bereits vor Deinem Einstieg ins Berufsleben internationale Berufserfahrungen sammeln und Deine eigenen St\u00e4rken entdecken? M\u00f6chtest Du Deine tschechischen Sprachkenntnisse verbessern, neue Kulturen kennenlernen und bereits im Vorfeld Pluspunkte f\u00fcr Deinen Lebenslauf sammeln? In diesem Land hei\u00dft es zwischen Moderne, alten Kulturen, gro\u00dfen St\u00e4dten und geheimnisvollen Schl\u00f6ssern zu leben und ein [&hellip;]","og_url":"https:\/\/besstem.eu\/de\/staz-v-nemecku\/","og_site_name":"BessteM","article_modified_time":"2019-05-16T16:38:03+00:00","og_image":[{"url":"http:\/\/besstem.eu\/wp-content\/uploads\/dresden-956186_1280.jpg","type":"","width":"","height":""}],"twitter_card":"summary_large_image","twitter_misc":{"Gesch\u00e4tzte Lesezeit":"3\u00a0Minuten"},"schema":{"@context":"https:\/\/schema.org","@graph":[{"@type":"WebPage","@id":"https:\/\/besstem.eu\/de\/staz-v-nemecku\/","url":"https:\/\/besstem.eu\/de\/staz-v-nemecku\/","name":"Auslandspraktikum in Tschechien - BessteM","isPartOf":{"@id":"https:\/\/besstem.eu\/#website"},"primaryImageOfPage":{"@id":"https:\/\/besstem.eu\/de\/staz-v-nemecku\/#primaryimage"},"image":{"@id":"https:\/\/besstem.eu\/de\/staz-v-nemecku\/#primaryimage"},"thumbnailUrl":"http:\/\/besstem.eu\/wp-content\/uploads\/dresden-956186_1280.jpg","datePublished":"2016-05-02T06:14:18+00:00","dateModified":"2019-05-16T16:38:03+00:00","breadcrumb":{"@id":"https:\/\/besstem.eu\/de\/staz-v-nemecku\/#breadcrumb"},"inLanguage":"de","potentialAction":[{"@type":"ReadAction","target":["https:\/\/besstem.eu\/de\/staz-v-nemecku\/"]}]},{"@type":"ImageObject","inLanguage":"de","@id":"https:\/\/besstem.eu\/de\/staz-v-nemecku\/#primaryimage","url":"http:\/\/besstem.eu\/wp-content\/uploads\/dresden-956186_1280.jpg","contentUrl":"http:\/\/besstem.eu\/wp-content\/uploads\/dresden-956186_1280.jpg"},{"@type":"BreadcrumbList","@id":"https:\/\/besstem.eu\/de\/staz-v-nemecku\/#breadcrumb","itemListElement":[{"@type":"ListItem","position":1,"name":"Dom\u016f","item":"https:\/\/besstem.eu\/"},{"@type":"ListItem","position":2,"name":"Auslandspraktikum in Tschechien"}]},{"@type":"WebSite","@id":"https:\/\/besstem.eu\/#website","url":"https:\/\/besstem.eu\/","name":"BessteM","description":"Personalagentur","potentialAction":[{"@type":"SearchAction","target":{"@type":"EntryPoint","urlTemplate":"https:\/\/besstem.eu\/?s={search_term_string}"},"query-input":{"@type":"PropertyValueSpecification","valueRequired":true,"valueName":"search_term_string"}}],"inLanguage":"de"}]}},"_links":{"self":[{"href":"https:\/\/besstem.eu\/de\/wp-json\/wp\/v2\/pages\/18","targetHints":{"allow":["GET"]}}],"collection":[{"href":"https:\/\/besstem.eu\/de\/wp-json\/wp\/v2\/pages"}],"about":[{"href":"https:\/\/besstem.eu\/de\/wp-json\/wp\/v2\/types\/page"}],"author":[{"embeddable":true,"href":"https:\/\/besstem.eu\/de\/wp-json\/wp\/v2\/users\/1"}],"replies":[{"embeddable":true,"href":"https:\/\/besstem.eu\/de\/wp-json\/wp\/v2\/comments?post=18"}],"version-history":[{"count":56,"href":"https:\/\/besstem.eu\/de\/wp-json\/wp\/v2\/pages\/18\/revisions"}],"predecessor-version":[{"id":1236,"href":"https:\/\/besstem.eu\/de\/wp-json\/wp\/v2\/pages\/18\/revisions\/1236"}],"wp:attachment":[{"href":"https:\/\/besstem.eu\/de\/wp-json\/wp\/v2\/media?parent=18"}],"curies":[{"name":"wp","href":"https:\/\/api.w.org\/{rel}","templated":true}]}}