{"id":17,"date":"2016-05-02T07:14:17","date_gmt":"2016-05-02T06:14:17","guid":{"rendered":"https:\/\/besstem.eu\/prace-v-nemecku\/"},"modified":"2016-05-25T15:14:13","modified_gmt":"2016-05-25T14:14:13","slug":"prace-v-nemecku","status":"publish","type":"page","link":"https:\/\/besstem.eu\/de\/prace-v-nemecku\/","title":{"rendered":"F\u00fcr Arbeitnehmer"},"content":{"rendered":"<p><\/p>\n<div class=\"bee-content-layout-wrapper layout-item-0\">\n<div class=\"bee-content-layout layout-item-1\">\n<div class=\"bee-content-layout-row\">\n<div class=\"bee-layout-cell layout-item-1\" style=\"width: 50%;\">\n<div style=\"padding-right: 15px;\"><br lang=\"de-DE\" \/><br \/>\n<strong>Sehr geehrte Bewerber<\/strong>, <\/p>\n<p>vielen Dank f\u00fcr Ihr Vertrauen, mit dem Sie sich an uns wenden.<\/p>\n<p style=\"text-align:justify\">Es kann viele Gr\u00fcnde geben, warum Sie eine Arbeit suchen. Warum sollte man aber nicht den Grund beseitigen, weshalb Sie keine Arbeit finden k\u00f6nnen? Viele gro\u00dfe Firmen und Unternehmen nehmen Dienstleistungen von Personalagenturen in Anspruch. Eine Personalagentur, die diesen Firmen bei der Mitarbeitersuche Zeit spart, kann auch Ihnen helfen sich durchzusetzen.<\/p>\n<p style=\"text-align:justify\">Wir bieten Ihnen einen professionellen Beratungsservice bei der Arbeitssuche, Entwicklung Ihrer Karriere und Ihres professionellen Wachstums.<\/p>\n<p style=\"text-align:justify\">Unsere Kunden sind inl\u00e4ndische sowie internationale Unternehmen, in der Regel mittelst\u00e4ndische Unternehmen oder Gro\u00dfunternehmen, welche zahlreiche Arbeitsm\u00f6glichkeiten in vielen verschiedenen Bereichen anbieten.<\/p>\n<blockquote>\n<p class=\"western\"><span lang=\"de-DE\">Sagen Sie uns, was Sie von Ihrer Arbeitsstelle erwarten und wir finden sie f\u00fcr Sie.<\/span><\/p>\n<\/blockquote>\n<\/div>\n<\/div>\n<div class=\"bee-layout-cell layout-item-1\" style=\"width: 50%;\">\n<div class=\"wpcf7 no-js\" id=\"wpcf7-f125-o2\" lang=\"cs-CZ\" dir=\"ltr\" data-wpcf7-id=\"125\">\n<div class=\"screen-reader-response\"><p role=\"status\" aria-live=\"polite\" aria-atomic=\"true\"><\/p> <ul><\/ul><\/div>\n<form action=\"\/de\/wp-json\/wp\/v2\/pages\/17#wpcf7-f125-o2\" method=\"post\" class=\"wpcf7-form init\" aria-label=\"Kontaktn\u00ed formul\u00e1\u0159\" enctype=\"multipart\/form-data\" novalidate=\"novalidate\" data-status=\"init\">\n<fieldset class=\"hidden-fields-container\"><input type=\"hidden\" name=\"_wpcf7\" value=\"125\" \/><input type=\"hidden\" name=\"_wpcf7_version\" value=\"6.1.5\" \/><input type=\"hidden\" name=\"_wpcf7_locale\" value=\"cs_CZ\" \/><input type=\"hidden\" name=\"_wpcf7_unit_tag\" value=\"wpcf7-f125-o2\" \/><input type=\"hidden\" name=\"_wpcf7_container_post\" value=\"0\" \/><input type=\"hidden\" name=\"_wpcf7_posted_data_hash\" value=\"\" \/>\n<\/fieldset>\n<p>Gesuchte Position?*\n<\/p>\n<p><span class=\"wpcf7-form-control-wrap\" data-name=\"Position\"><input size=\"40\" maxlength=\"400\" class=\"wpcf7-form-control wpcf7-text wpcf7-validates-as-required\" aria-required=\"true\" aria-invalid=\"false\" value=\"\" type=\"text\" name=\"Position\" \/><\/span>\n<\/p>\n<p>Name*\n<\/p>\n<p><span class=\"wpcf7-form-control-wrap\" data-name=\"your-name\"><input size=\"40\" maxlength=\"400\" class=\"wpcf7-form-control wpcf7-text wpcf7-validates-as-required\" aria-required=\"true\" aria-invalid=\"false\" value=\"\" type=\"text\" name=\"your-name\" \/><\/span>\n<\/p>\n<p>Vorname*\n<\/p>\n<p><span class=\"wpcf7-form-control-wrap\" data-name=\"your-surname\"><input size=\"40\" maxlength=\"400\" class=\"wpcf7-form-control wpcf7-text wpcf7-validates-as-required\" aria-required=\"true\" aria-invalid=\"false\" value=\"\" type=\"text\" name=\"your-surname\" \/><\/span>\n<\/p>\n<p>Telefon*\n<\/p>\n<p><span class=\"wpcf7-form-control-wrap\" data-name=\"tel-147\"><input size=\"40\" maxlength=\"400\" class=\"wpcf7-form-control wpcf7-tel wpcf7-validates-as-required wpcf7-text wpcf7-validates-as-tel\" aria-required=\"true\" aria-invalid=\"false\" value=\"\" type=\"tel\" name=\"tel-147\" \/><\/span>\n<\/p>\n<p>E-Mail*\n<\/p>\n<p><span class=\"wpcf7-form-control-wrap\" data-name=\"your-email\"><input size=\"40\" maxlength=\"400\" class=\"wpcf7-form-control wpcf7-email wpcf7-validates-as-required wpcf7-text wpcf7-validates-as-email\" aria-required=\"true\" aria-invalid=\"false\" value=\"\" type=\"email\" name=\"your-email\" \/><\/span>\n<\/p>\n<p>Anschreiben\n<\/p>\n<p><span class=\"wpcf7-form-control-wrap\" data-name=\"Anschreiben\"><textarea cols=\"40\" rows=\"10\" maxlength=\"2000\" class=\"wpcf7-form-control wpcf7-textarea\" aria-invalid=\"false\" name=\"Anschreiben\"><\/textarea><\/span>\n<\/p>\n<p>Bewerbungsfoto:\n<\/p>\n<p><span class=\"wpcf7-form-control-wrap\" data-name=\"file-foto\"><input size=\"40\" class=\"wpcf7-form-control wpcf7-file\" accept=\"application\/msword,application\/vnd.openxmlformats-officedocument.wordprocessingml.document,application\/vnd.oasis.opendocument.text,application\/pdf,image\/*\" aria-invalid=\"false\" type=\"file\" name=\"file-foto\" \/><\/span>\n<\/p>\n<p>Lebenslauf\n<\/p>\n<p><span class=\"wpcf7-form-control-wrap\" data-name=\"file-zivotopis\"><input size=\"40\" class=\"wpcf7-form-control wpcf7-file\" accept=\"application\/msword,application\/vnd.openxmlformats-officedocument.wordprocessingml.document,application\/vnd.oasis.opendocument.text,application\/pdf,image\/*\" aria-invalid=\"false\" type=\"file\" name=\"file-zivotopis\" \/><\/span>\n<\/p>\n<p>Zeugnisse\n<\/p>\n<p><span class=\"wpcf7-form-control-wrap\" data-name=\"file-certifikaty\"><input size=\"40\" class=\"wpcf7-form-control wpcf7-file\" accept=\"application\/msword,application\/vnd.openxmlformats-officedocument.wordprocessingml.document,application\/vnd.oasis.opendocument.text,application\/pdf,image\/*\" aria-invalid=\"false\" type=\"file\" name=\"file-certifikaty\" \/><\/span>\n<\/p>\n<p style=\"font-size:13px;text-align:justify;\"><br \/>\n<em>Hiermit erkl\u00e4re ich mein Einverst\u00e4ndnis, dass die Agentur BessteM meine vorliegenden pers\u00f6nlichen Daten in die Datenbank aufnimmt. Ich bin dar\u00fcber informiert worden, dass die Aufnahme in die Datenbank nur zu dem Zweck erfolgt, mich im Falle von geeigneten Stellenangeboten, in denen die Agentur ausschlie\u00dflich im Auftrag von personalsuchenden Arbeitgebern (Auftraggebern) t\u00e4tig wird, ansprechen zu k\u00f6nnen. \u00dcber die Weitergabe der Daten an Dritte, insbesondere Auftraggeber der Agentur BessteM, wird der Bewerber umgehend informiert. Die Agentur BessteM hat bei der Verarbeitung, Nutzung und \u00dcbermittlung der \u00fcber mich gespeicherten Daten die Vorschriften des Bundesdatenschutzgesetzes zu beachten. Diese Einverst\u00e4ndniserkl\u00e4rung kann ich jederzeit widerrufen und es besteht kein Rechtsanspruch auf Nutzung meiner Daten durch die Agentur BessteM. BessteM beh\u00e4lt sich vor meine Daten teilweise oder komplett ohne Angabe von Gr\u00fcnden zu l\u00f6schen.<\/em>\n<\/p>\n<div style=\"font-size:13px;\">\n\t<p><span class=\"wpcf7-form-control-wrap\" data-name=\"acceptance-818\"><span class=\"wpcf7-form-control wpcf7-acceptance\"><span class=\"wpcf7-list-item\"><input type=\"checkbox\" name=\"acceptance-818\" value=\"1\" aria-invalid=\"false\" \/><\/span><\/span><\/span>ich akzeptiere\n\t<\/p>\n<\/div>\n<p><script src=\"https:\/\/www.google.com\/recaptcha\/api.js\" async defer><\/script>\n\t\t\t<div class=\"g-recaptcha\" data-sitekey=\"6LdnaR8TAAAAAEIva-SA6pQr-HlXGu2HTFxUOmNm\"><\/div>\n<span class=\"wpcf7-form-control-wrap grecaptcha\"><input type=\"text\" name=\"grecaptcha\" value=\"dsk\" size=\"1\" class=\"wpcf7-form-control wpcf7-text\" style=\"display:none;\" \/><\/span>\n<\/p>\n<p><input class=\"wpcf7-form-control wpcf7-submit has-spinner bee-button\" type=\"submit\" value=\"Senden\" \/>\n<\/p>\n<p><em>* Pflichtfelder<\/em>\n<\/p><div class=\"wpcf7-response-output\" aria-hidden=\"true\"><\/div>\n<\/form>\n<\/div>\n<\/div>\n<\/div>\n<\/div>\n<\/div>\n<p><\/p>","protected":false},"excerpt":{"rendered":"<p>Sehr geehrte Bewerber, vielen Dank f\u00fcr Ihr Vertrauen, mit dem Sie sich an uns wenden. Es kann viele Gr\u00fcnde geben, warum Sie eine Arbeit suchen. Warum sollte man aber nicht den Grund beseitigen, weshalb Sie keine Arbeit finden k\u00f6nnen? Viele gro\u00dfe Firmen und Unternehmen nehmen Dienstleistungen von Personalagenturen in Anspruch. Eine Personalagentur, die diesen Firmen [&hellip;]<\/p>\n","protected":false},"author":1,"featured_media":0,"parent":0,"menu_order":2,"comment_status":"closed","ping_status":"closed","template":"","meta":{"footnotes":""},"class_list":["post-17","page","type-page","status-publish","hentry"],"yoast_head":"<!-- This site is optimized with the Yoast SEO plugin v26.8 - https:\/\/yoast.com\/product\/yoast-seo-wordpress\/ -->\n<title>F\u00fcr Arbeitnehmer - BessteM<\/title>\n<meta name=\"robots\" content=\"index, follow, max-snippet:-1, max-image-preview:large, max-video-preview:-1\" \/>\n<link rel=\"canonical\" href=\"https:\/\/besstem.eu\/prace-v-nemecku\/\" \/>\n<meta property=\"og:locale\" content=\"de_DE\" \/>\n<meta property=\"og:type\" content=\"article\" \/>\n<meta property=\"og:title\" content=\"F\u00fcr Arbeitnehmer - BessteM\" \/>\n<meta property=\"og:description\" content=\"Sehr geehrte Bewerber, vielen Dank f\u00fcr Ihr Vertrauen, mit dem Sie sich an uns wenden. Es kann viele Gr\u00fcnde geben, warum Sie eine Arbeit suchen. Warum sollte man aber nicht den Grund beseitigen, weshalb Sie keine Arbeit finden k\u00f6nnen? Viele gro\u00dfe Firmen und Unternehmen nehmen Dienstleistungen von Personalagenturen in Anspruch. Eine Personalagentur, die diesen Firmen [&hellip;]\" \/>\n<meta property=\"og:url\" content=\"https:\/\/besstem.eu\/prace-v-nemecku\/\" \/>\n<meta property=\"og:site_name\" content=\"BessteM\" \/>\n<meta property=\"article:modified_time\" content=\"2016-05-25T14:14:13+00:00\" \/>\n<meta name=\"twitter:card\" content=\"summary_large_image\" \/>\n<meta name=\"twitter:label1\" content=\"Gesch\u00e4tzte Lesezeit\" \/>\n\t<meta name=\"twitter:data1\" content=\"2\u00a0Minuten\" \/>\n<script type=\"application\/ld+json\" class=\"yoast-schema-graph\">{\"@context\":\"https:\/\/schema.org\",\"@graph\":[{\"@type\":\"WebPage\",\"@id\":\"https:\/\/besstem.eu\/prace-v-nemecku\/\",\"url\":\"https:\/\/besstem.eu\/prace-v-nemecku\/\",\"name\":\"F\u00fcr Arbeitnehmer - BessteM\",\"isPartOf\":{\"@id\":\"https:\/\/besstem.eu\/#website\"},\"datePublished\":\"2016-05-02T06:14:17+00:00\",\"dateModified\":\"2016-05-25T14:14:13+00:00\",\"breadcrumb\":{\"@id\":\"https:\/\/besstem.eu\/prace-v-nemecku\/#breadcrumb\"},\"inLanguage\":\"de\",\"potentialAction\":[{\"@type\":\"ReadAction\",\"target\":[\"https:\/\/besstem.eu\/prace-v-nemecku\/\"]}]},{\"@type\":\"BreadcrumbList\",\"@id\":\"https:\/\/besstem.eu\/prace-v-nemecku\/#breadcrumb\",\"itemListElement\":[{\"@type\":\"ListItem\",\"position\":1,\"name\":\"Dom\u016f\",\"item\":\"https:\/\/besstem.eu\/\"},{\"@type\":\"ListItem\",\"position\":2,\"name\":\"Pr\u00e1ce v N\u011bmecku\"}]},{\"@type\":\"WebSite\",\"@id\":\"https:\/\/besstem.eu\/#website\",\"url\":\"https:\/\/besstem.eu\/\",\"name\":\"BessteM\",\"description\":\"Personalagentur\",\"potentialAction\":[{\"@type\":\"SearchAction\",\"target\":{\"@type\":\"EntryPoint\",\"urlTemplate\":\"https:\/\/besstem.eu\/?s={search_term_string}\"},\"query-input\":{\"@type\":\"PropertyValueSpecification\",\"valueRequired\":true,\"valueName\":\"search_term_string\"}}],\"inLanguage\":\"de\"}]}<\/script>\n<!-- \/ Yoast SEO plugin. -->","yoast_head_json":{"title":"F\u00fcr Arbeitnehmer - BessteM","robots":{"index":"index","follow":"follow","max-snippet":"max-snippet:-1","max-image-preview":"max-image-preview:large","max-video-preview":"max-video-preview:-1"},"canonical":"https:\/\/besstem.eu\/prace-v-nemecku\/","og_locale":"de_DE","og_type":"article","og_title":"F\u00fcr Arbeitnehmer - BessteM","og_description":"Sehr geehrte Bewerber, vielen Dank f\u00fcr Ihr Vertrauen, mit dem Sie sich an uns wenden. Es kann viele Gr\u00fcnde geben, warum Sie eine Arbeit suchen. Warum sollte man aber nicht den Grund beseitigen, weshalb Sie keine Arbeit finden k\u00f6nnen? Viele gro\u00dfe Firmen und Unternehmen nehmen Dienstleistungen von Personalagenturen in Anspruch. Eine Personalagentur, die diesen Firmen [&hellip;]","og_url":"https:\/\/besstem.eu\/prace-v-nemecku\/","og_site_name":"BessteM","article_modified_time":"2016-05-25T14:14:13+00:00","twitter_card":"summary_large_image","twitter_misc":{"Gesch\u00e4tzte Lesezeit":"2\u00a0Minuten"},"schema":{"@context":"https:\/\/schema.org","@graph":[{"@type":"WebPage","@id":"https:\/\/besstem.eu\/prace-v-nemecku\/","url":"https:\/\/besstem.eu\/prace-v-nemecku\/","name":"F\u00fcr Arbeitnehmer - BessteM","isPartOf":{"@id":"https:\/\/besstem.eu\/#website"},"datePublished":"2016-05-02T06:14:17+00:00","dateModified":"2016-05-25T14:14:13+00:00","breadcrumb":{"@id":"https:\/\/besstem.eu\/prace-v-nemecku\/#breadcrumb"},"inLanguage":"de","potentialAction":[{"@type":"ReadAction","target":["https:\/\/besstem.eu\/prace-v-nemecku\/"]}]},{"@type":"BreadcrumbList","@id":"https:\/\/besstem.eu\/prace-v-nemecku\/#breadcrumb","itemListElement":[{"@type":"ListItem","position":1,"name":"Dom\u016f","item":"https:\/\/besstem.eu\/"},{"@type":"ListItem","position":2,"name":"Pr\u00e1ce v N\u011bmecku"}]},{"@type":"WebSite","@id":"https:\/\/besstem.eu\/#website","url":"https:\/\/besstem.eu\/","name":"BessteM","description":"Personalagentur","potentialAction":[{"@type":"SearchAction","target":{"@type":"EntryPoint","urlTemplate":"https:\/\/besstem.eu\/?s={search_term_string}"},"query-input":{"@type":"PropertyValueSpecification","valueRequired":true,"valueName":"search_term_string"}}],"inLanguage":"de"}]}},"_links":{"self":[{"href":"https:\/\/besstem.eu\/de\/wp-json\/wp\/v2\/pages\/17","targetHints":{"allow":["GET"]}}],"collection":[{"href":"https:\/\/besstem.eu\/de\/wp-json\/wp\/v2\/pages"}],"about":[{"href":"https:\/\/besstem.eu\/de\/wp-json\/wp\/v2\/types\/page"}],"author":[{"embeddable":true,"href":"https:\/\/besstem.eu\/de\/wp-json\/wp\/v2\/users\/1"}],"replies":[{"embeddable":true,"href":"https:\/\/besstem.eu\/de\/wp-json\/wp\/v2\/comments?post=17"}],"version-history":[{"count":28,"href":"https:\/\/besstem.eu\/de\/wp-json\/wp\/v2\/pages\/17\/revisions"}],"predecessor-version":[{"id":275,"href":"https:\/\/besstem.eu\/de\/wp-json\/wp\/v2\/pages\/17\/revisions\/275"}],"wp:attachment":[{"href":"https:\/\/besstem.eu\/de\/wp-json\/wp\/v2\/media?parent=17"}],"curies":[{"name":"wp","href":"https:\/\/api.w.org\/{rel}","templated":true}]}}